{"id":12393,"date":"2024-05-27T03:16:49","date_gmt":"2024-05-27T03:16:49","guid":{"rendered":"https:\/\/outdoor.itc-gmbh.shop\/product\/kuehltasche-cool-18-l-29-x-31-x-21-cm\/"},"modified":"2024-05-27T03:16:50","modified_gmt":"2024-05-27T03:16:50","slug":"kuehltasche-cool-18-l-29-x-31-x-21-cm","status":"publish","type":"product","link":"https:\/\/wildgear.itc-gmbh.shop\/es\/product\/kuehltasche-cool-18-l-29-x-31-x-21-cm\/","title":{"rendered":"K\u00fchltasche Cool 18 L 29 x 31 x 21 cm"},"content":{"rendered":"<p>Con estas sugerencias que har\u00e1n las delicias de grandes y peque\u00f1os, \u00a1la diversi\u00f3n veraniega est\u00e1 garantizada! Comprar <b>K\u00fchltasche Cool 18 L 29 x 31 x 21 cm<\/b>... \u00a1y disfruta de tu tiempo libre!<\/p>\n<ul>\n<li>Informaci\u00f3n importante:\n<ul>\n<li>Varios dise\u00f1os. Env\u00edo aleatorio y seg\u00fan stock<\/li>\n<li>La imagen puede no mostrar todos los modelos surtidos disponibles<\/li>\n<\/ul>\n<\/li>\n<li>Caracter\u00edsticas:\n<ul>\n<li>Interior isot\u00e9rmico<\/li>\n<li>Tragegriff<\/li>\n<\/ul>\n<\/li>\n<li>Color: Colorido<\/li>\n<li>Deporte: Camping<\/li>\n<li>Pieza: 1 pieza<\/li>\n<li>Tipo: Nevera port\u00e1til<\/li>\n<li>Adecuado para: Uso exterior<\/li>\n<li>Kapazit\u00e4t: 18 L<\/li>\n<li>Ma\u00dfe ca.: 29 x 31 x 21 cm<\/li>\n<\/ul>","protected":false},"excerpt":{"rendered":"<p>23.0000 &euro; \/ 1 unit<\/p>","protected":false},"featured_media":12392,"comment_status":"open","ping_status":"closed","template":"","meta":{"inline_featured_image":false},"product_brand":[],"product_cat":[181,180,654],"product_tag":[177,178],"class_list":{"0":"post-12393","1":"product","2":"type-product","3":"status-publish","4":"has-post-thumbnail","6":"product_cat-camping-und-berge","7":"product_cat-sport-freizeit","8":"product_cat-tragbare-kuhlboxen","9":"product_tag-tag_3","10":"product_tag-tag_17","12":"first","13":"outofstock","14":"taxable","15":"shipping-taxable","16":"purchasable","17":"product-type-simple"},"aioseo_notices":[],"jetpack_sharing_enabled":true,"_links":{"self":[{"href":"https:\/\/wildgear.itc-gmbh.shop\/es\/wp-json\/wp\/v2\/product\/12393","targetHints":{"allow":["GET"]}}],"collection":[{"href":"https:\/\/wildgear.itc-gmbh.shop\/es\/wp-json\/wp\/v2\/product"}],"about":[{"href":"https:\/\/wildgear.itc-gmbh.shop\/es\/wp-json\/wp\/v2\/types\/product"}],"replies":[{"embeddable":true,"href":"https:\/\/wildgear.itc-gmbh.shop\/es\/wp-json\/wp\/v2\/comments?post=12393"}],"wp:featuredmedia":[{"embeddable":true,"href":"https:\/\/wildgear.itc-gmbh.shop\/es\/wp-json\/wp\/v2\/media\/12392"}],"wp:attachment":[{"href":"https:\/\/wildgear.itc-gmbh.shop\/es\/wp-json\/wp\/v2\/media?parent=12393"}],"wp:term":[{"taxonomy":"product_brand","embeddable":true,"href":"https:\/\/wildgear.itc-gmbh.shop\/es\/wp-json\/wp\/v2\/product_brand?post=12393"},{"taxonomy":"product_cat","embeddable":true,"href":"https:\/\/wildgear.itc-gmbh.shop\/es\/wp-json\/wp\/v2\/product_cat?post=12393"},{"taxonomy":"product_tag","embeddable":true,"href":"https:\/\/wildgear.itc-gmbh.shop\/es\/wp-json\/wp\/v2\/product_tag?post=12393"}],"curies":[{"name":"wp","href":"https:\/\/api.w.org\/{rel}","templated":true}]}}