{"id":12435,"date":"2024-05-27T03:17:25","date_gmt":"2024-05-27T03:17:25","guid":{"rendered":"https:\/\/outdoor.itc-gmbh.shop\/product\/kuehltasche-rot-o-11-x-31-cm\/"},"modified":"2024-05-27T03:17:25","modified_gmt":"2024-05-27T03:17:25","slug":"kuehltasche-rot-o-11-x-31-cm","status":"publish","type":"product","link":"https:\/\/wildgear.itc-gmbh.shop\/es\/product\/kuehltasche-rot-o-11-x-31-cm\/","title":{"rendered":"K\u00fchltasche Rot \u00d8 11 x 31 cm"},"content":{"rendered":"<p>Sind Sie modebewusst und begeistern sich f\u00fcr Accessoires? Wir bieten Ihnen <b>K\u00fchltasche Rot \u00d8 11 x 31 cm<\/b> und ein breites Sortiment an modernen Handtaschen und Geldbeutel!<\/p>\n<ul>\n<li>Art:\n<ul>\n<li>Rucksack<\/li>\n<li>K\u00fchltasche<\/li>\n<\/ul>\n<\/li>\n<li>Color: Rojo<\/li>\n<li>Ma\u00dfe ca.: \u00d8 11 x 31 cm<\/li>\n<\/ul>","protected":false},"excerpt":{"rendered":"<p>Sind Sie modebewusst und begeistern sich f\u00fcr Accessoires? Wir bieten Ihnen K\u00fchltasche Rot \u00d8 11 x 31 cm und ein breites Sortiment an modernen Handtaschen und Geldbeutel! Art: Rucksack K\u00fchltasche Farbe: Rot Ma\u00dfe ca.: \u00d8 11 x 31 cm<\/p>","protected":false},"featured_media":12434,"comment_status":"open","ping_status":"closed","template":"","meta":{"inline_featured_image":false},"product_brand":[],"product_cat":[181,180,654],"product_tag":[177,178],"class_list":{"0":"post-12435","1":"product","2":"type-product","3":"status-publish","4":"has-post-thumbnail","6":"product_cat-camping-und-berge","7":"product_cat-sport-freizeit","8":"product_cat-tragbare-kuhlboxen","9":"product_tag-tag_3","10":"product_tag-tag_17","12":"first","13":"outofstock","14":"taxable","15":"shipping-taxable","16":"purchasable","17":"product-type-simple"},"aioseo_notices":[],"jetpack_sharing_enabled":true,"_links":{"self":[{"href":"https:\/\/wildgear.itc-gmbh.shop\/es\/wp-json\/wp\/v2\/product\/12435","targetHints":{"allow":["GET"]}}],"collection":[{"href":"https:\/\/wildgear.itc-gmbh.shop\/es\/wp-json\/wp\/v2\/product"}],"about":[{"href":"https:\/\/wildgear.itc-gmbh.shop\/es\/wp-json\/wp\/v2\/types\/product"}],"replies":[{"embeddable":true,"href":"https:\/\/wildgear.itc-gmbh.shop\/es\/wp-json\/wp\/v2\/comments?post=12435"}],"wp:featuredmedia":[{"embeddable":true,"href":"https:\/\/wildgear.itc-gmbh.shop\/es\/wp-json\/wp\/v2\/media\/12434"}],"wp:attachment":[{"href":"https:\/\/wildgear.itc-gmbh.shop\/es\/wp-json\/wp\/v2\/media?parent=12435"}],"wp:term":[{"taxonomy":"product_brand","embeddable":true,"href":"https:\/\/wildgear.itc-gmbh.shop\/es\/wp-json\/wp\/v2\/product_brand?post=12435"},{"taxonomy":"product_cat","embeddable":true,"href":"https:\/\/wildgear.itc-gmbh.shop\/es\/wp-json\/wp\/v2\/product_cat?post=12435"},{"taxonomy":"product_tag","embeddable":true,"href":"https:\/\/wildgear.itc-gmbh.shop\/es\/wp-json\/wp\/v2\/product_tag?post=12435"}],"curies":[{"name":"wp","href":"https:\/\/api.w.org\/{rel}","templated":true}]}}