{"id":12668,"date":"2024-05-27T03:21:01","date_gmt":"2024-05-27T03:21:01","guid":{"rendered":"https:\/\/outdoor.itc-gmbh.shop\/product\/lunchbox-trolls-rosa-21-5-x-12-x-6-5-cm\/"},"modified":"2024-05-27T03:21:05","modified_gmt":"2024-05-27T03:21:05","slug":"lunchbox-trolls-rosa-21-5-x-12-x-6-5-cm","status":"publish","type":"product","link":"https:\/\/wildgear.itc-gmbh.shop\/es\/product\/lunchbox-trolls-rosa-21-5-x-12-x-6-5-cm\/","title":{"rendered":"Lunchbox Trolls Rosa 21.5 x 12 x 6.5 cm"},"content":{"rendered":"<p>Si buscas novedades de moda en el mercado, te presentamos <b>Lunchbox Trolls Rosa 21.5 x 12 x 6.5 cm<\/b>!<\/p>\n<ul>\n<li>Tipo: Fiambrera<\/li>\n<li>Color: rosa<\/li>\n<li>Caracter\u00edsticas: Forro t\u00e9rmico<\/li>\n<li>Sexo: Para ni\u00f1os<\/li>\n<li>Material: poli\u00e9ster 300D<\/li>\n<li>Cierre pulsera: cremallera<\/li>\n<li>Asa de transporte: lateral<\/li>\n<li>Dimensiones aproximadas: 21,5 x 12 x 6,5 cm<\/li>\n<\/ul>","protected":false},"excerpt":{"rendered":"<p>Wenn Sie auf der Suche nach trendigen Neuheiten auf dem Markt sind, pr\u00e4sentieren wir Ihnen Lunchbox Trolls Rosa 21.5 x 12 x 6.5 cm! Art: Lunchbox Farbe: Rosa Merkmale: Thermische Auskleidung Geschlecht: F\u00fcr Kinder Material: Polyester 300D Verschluss Armband: Rei\u00dfverschluss Tragegriff: Side Ma\u00dfe ca.: 21.5 x 12 x 6.5 cm<\/p>","protected":false},"featured_media":12667,"comment_status":"open","ping_status":"closed","template":"","meta":{"inline_featured_image":false},"product_brand":[],"product_cat":[181,180,654],"product_tag":[213,177,208],"class_list":{"0":"post-12668","1":"product","2":"type-product","3":"status-publish","4":"has-post-thumbnail","6":"product_cat-camping-und-berge","7":"product_cat-sport-freizeit","8":"product_cat-tragbare-kuhlboxen","9":"product_tag-tag_69","10":"product_tag-tag_3","11":"product_tag-tag_650","13":"first","14":"instock","15":"taxable","16":"shipping-taxable","17":"purchasable","18":"product-type-simple"},"aioseo_notices":[],"jetpack_sharing_enabled":true,"_links":{"self":[{"href":"https:\/\/wildgear.itc-gmbh.shop\/es\/wp-json\/wp\/v2\/product\/12668","targetHints":{"allow":["GET"]}}],"collection":[{"href":"https:\/\/wildgear.itc-gmbh.shop\/es\/wp-json\/wp\/v2\/product"}],"about":[{"href":"https:\/\/wildgear.itc-gmbh.shop\/es\/wp-json\/wp\/v2\/types\/product"}],"replies":[{"embeddable":true,"href":"https:\/\/wildgear.itc-gmbh.shop\/es\/wp-json\/wp\/v2\/comments?post=12668"}],"wp:featuredmedia":[{"embeddable":true,"href":"https:\/\/wildgear.itc-gmbh.shop\/es\/wp-json\/wp\/v2\/media\/12667"}],"wp:attachment":[{"href":"https:\/\/wildgear.itc-gmbh.shop\/es\/wp-json\/wp\/v2\/media?parent=12668"}],"wp:term":[{"taxonomy":"product_brand","embeddable":true,"href":"https:\/\/wildgear.itc-gmbh.shop\/es\/wp-json\/wp\/v2\/product_brand?post=12668"},{"taxonomy":"product_cat","embeddable":true,"href":"https:\/\/wildgear.itc-gmbh.shop\/es\/wp-json\/wp\/v2\/product_cat?post=12668"},{"taxonomy":"product_tag","embeddable":true,"href":"https:\/\/wildgear.itc-gmbh.shop\/es\/wp-json\/wp\/v2\/product_tag?post=12668"}],"curies":[{"name":"wp","href":"https:\/\/api.w.org\/{rel}","templated":true}]}}