{"id":12716,"date":"2024-05-27T03:21:46","date_gmt":"2024-05-27T03:21:46","guid":{"rendered":"https:\/\/outdoor.itc-gmbh.shop\/product\/tragbarer-kuehlschrank-continental-3063-azz-20-l-20-l-38-x-26-x-31-cm-3-stueck\/"},"modified":"2024-05-27T03:21:48","modified_gmt":"2024-05-27T03:21:48","slug":"tragbarer-kuehlschrank-continental-3063-azz-20-l-20-l-38-x-26-x-31-cm-3-stueck","status":"publish","type":"product","link":"https:\/\/wildgear.itc-gmbh.shop\/es\/product\/tragbarer-kuehlschrank-continental-3063-azz-20-l-20-l-38-x-26-x-31-cm-3-stueck\/","title":{"rendered":"Tragbarer K\u00fchlschrank Continental 3063.AZZ 20 L 20 L 38 x 26 x 31 cm (3 St\u00fcck)"},"content":{"rendered":"<p>Con estas sugerencias que har\u00e1n las delicias de grandes y peque\u00f1os, \u00a1la diversi\u00f3n veraniega est\u00e1 garantizada! Comprar <b>Tragbarer K\u00fchlschrank Continental 3063.AZZ 20 L 20 L 38 x 26 x 31 cm (3 St\u00fcck)<\/b>... \u00a1y disfruta de tu tiempo libre!<\/p>\n<ul>\n<li>Ma\u00dfe ca.: 38 x 26 x 31 cm<\/li>\n<li>Capacidad: 20 litros<\/li>\n<li>Color:\n<ul>\n<li>Azul<\/li>\n<li>Blau\/Wei\u00df<\/li>\n<\/ul>\n<\/li>\n<li>Informaci\u00f3n importante: Varios dise\u00f1os. Env\u00edo aleatorio y seg\u00fan stock<\/li>\n<li>Pieza: 3 piezas<\/li>\n<\/ul>","protected":false},"excerpt":{"rendered":"<p>Mit diesen Vorschl\u00e4gen, die Jung und Alt begeistern werden, ist der Sommerspa\u00df garantiert! Kaufen Sie Tragbarer K\u00fchlschrank Continental 3063.AZZ 20 L 20 L 38 x 26 x 31 cm (3 St\u00fcck)] und genie\u00dfen Sie Ihre Freizeit! Ma\u00dfe ca.: 38 x 26 x 31 cm Kapazit\u00e4t: 20 L Farbe: Blau Blau\/Wei\u00df Wichtige informationen: Verschiedene Designs. Versand &hellip; <\/p>\n<p class=\"more-link-wrap\"><a href=\"https:\/\/wildgear.itc-gmbh.shop\/es\/product\/tragbarer-kuehlschrank-continental-3063-azz-20-l-20-l-38-x-26-x-31-cm-3-stueck\/\" class=\"more-link\"><span>Read More<span class=\"screen-reader-text\"> &#8220;Tragbarer K\u00fchlschrank Continental 3063.AZZ 20 L 20 L 38 x 26 x 31 cm (3 St\u00fcck)&#8221;<\/span><\/span><\/a><\/p>","protected":false},"featured_media":12715,"comment_status":"open","ping_status":"closed","template":"","meta":{"inline_featured_image":false},"product_brand":[],"product_cat":[181,180,654],"product_tag":[177,187,178],"class_list":{"0":"post-12716","1":"product","2":"type-product","3":"status-publish","4":"has-post-thumbnail","6":"product_cat-camping-und-berge","7":"product_cat-sport-freizeit","8":"product_cat-tragbare-kuhlboxen","9":"product_tag-tag_3","10":"product_tag-tag_124","11":"product_tag-tag_17","13":"first","14":"instock","15":"taxable","16":"shipping-taxable","17":"purchasable","18":"product-type-simple"},"aioseo_notices":[],"jetpack_sharing_enabled":true,"_links":{"self":[{"href":"https:\/\/wildgear.itc-gmbh.shop\/es\/wp-json\/wp\/v2\/product\/12716","targetHints":{"allow":["GET"]}}],"collection":[{"href":"https:\/\/wildgear.itc-gmbh.shop\/es\/wp-json\/wp\/v2\/product"}],"about":[{"href":"https:\/\/wildgear.itc-gmbh.shop\/es\/wp-json\/wp\/v2\/types\/product"}],"replies":[{"embeddable":true,"href":"https:\/\/wildgear.itc-gmbh.shop\/es\/wp-json\/wp\/v2\/comments?post=12716"}],"wp:featuredmedia":[{"embeddable":true,"href":"https:\/\/wildgear.itc-gmbh.shop\/es\/wp-json\/wp\/v2\/media\/12715"}],"wp:attachment":[{"href":"https:\/\/wildgear.itc-gmbh.shop\/es\/wp-json\/wp\/v2\/media?parent=12716"}],"wp:term":[{"taxonomy":"product_brand","embeddable":true,"href":"https:\/\/wildgear.itc-gmbh.shop\/es\/wp-json\/wp\/v2\/product_brand?post=12716"},{"taxonomy":"product_cat","embeddable":true,"href":"https:\/\/wildgear.itc-gmbh.shop\/es\/wp-json\/wp\/v2\/product_cat?post=12716"},{"taxonomy":"product_tag","embeddable":true,"href":"https:\/\/wildgear.itc-gmbh.shop\/es\/wp-json\/wp\/v2\/product_tag?post=12716"}],"curies":[{"name":"wp","href":"https:\/\/api.w.org\/{rel}","templated":true}]}}