{"id":12924,"date":"2024-05-27T03:25:33","date_gmt":"2024-05-27T03:25:33","guid":{"rendered":"https:\/\/outdoor.itc-gmbh.shop\/product\/lunchbox-minnie-mouse-loving-20-x-25-x-1-cm-sack-rosa\/"},"modified":"2024-05-27T03:25:36","modified_gmt":"2024-05-27T03:25:36","slug":"lunchbox-minnie-mouse-loving-20-x-25-x-1-cm-sack-rosa","status":"publish","type":"product","link":"https:\/\/wildgear.itc-gmbh.shop\/es\/product\/lunchbox-minnie-mouse-loving-20-x-25-x-1-cm-sack-rosa\/","title":{"rendered":"Lunchbox Minnie Mouse Loving 20 x 25 x 1 cm Sack Rosa"},"content":{"rendered":"<p>Si valora los detalles a la hora de amueblar su casa y quiere estar al d\u00eda de los productos que le hacen la vida m\u00e1s f\u00e1cil, compre <b>Lunchbox Minnie Mouse Loving 20 x 25 x 1 cm Sack Rosa<\/b> al mejor precio.<\/p>\n<ul>\n<li>Dimensiones aproximadas: 20 x 25 x 1 cm<\/li>\n<li>Art:\n<ul>\n<li>Saco<\/li>\n<li>Fiambrera<\/li>\n<\/ul>\n<\/li>\n<li>Color: rosa<\/li>\n<li>Sexo: Para ni\u00f1os<\/li>\n<li>Material: poli\u00e9ster 300D<\/li>\n<li>Cierre pulsera: cord\u00f3n<\/li>\n<\/ul>","protected":false},"excerpt":{"rendered":"<p>Wenn Sie bei der Einrichtung ihres Heims Wert auf Details legen und bei Produkten, die Ihnen das Leben leichter machen, auf dem letzten Stand sein m\u00f6chten, dann kaufen Sie Lunchbox Minnie Mouse Loving 20 x 25 x 1 cm Sack Rosa zum besten Preis. Ma\u00dfe ca.: 20 x 25 x 1 cm Art: Sack Lunchbox &hellip; <\/p>\n<p class=\"more-link-wrap\"><a href=\"https:\/\/wildgear.itc-gmbh.shop\/es\/product\/lunchbox-minnie-mouse-loving-20-x-25-x-1-cm-sack-rosa\/\" class=\"more-link\"><span>Read More<span class=\"screen-reader-text\"> &#8220;Lunchbox Minnie Mouse Loving 20 x 25 x 1 cm Sack Rosa&#8221;<\/span><\/span><\/a><\/p>","protected":false},"featured_media":12923,"comment_status":"open","ping_status":"closed","template":"","meta":{"inline_featured_image":false},"product_brand":[],"product_cat":[181,180,654],"product_tag":[213,219,218,177,208],"class_list":{"0":"post-12924","1":"product","2":"type-product","3":"status-publish","4":"has-post-thumbnail","6":"product_cat-camping-und-berge","7":"product_cat-sport-freizeit","8":"product_cat-tragbare-kuhlboxen","9":"product_tag-tag_69","10":"product_tag-tag_664","11":"product_tag-tag_36","12":"product_tag-tag_3","13":"product_tag-tag_650","15":"first","16":"outofstock","17":"taxable","18":"shipping-taxable","19":"purchasable","20":"product-type-simple"},"aioseo_notices":[],"jetpack_sharing_enabled":true,"_links":{"self":[{"href":"https:\/\/wildgear.itc-gmbh.shop\/es\/wp-json\/wp\/v2\/product\/12924","targetHints":{"allow":["GET"]}}],"collection":[{"href":"https:\/\/wildgear.itc-gmbh.shop\/es\/wp-json\/wp\/v2\/product"}],"about":[{"href":"https:\/\/wildgear.itc-gmbh.shop\/es\/wp-json\/wp\/v2\/types\/product"}],"replies":[{"embeddable":true,"href":"https:\/\/wildgear.itc-gmbh.shop\/es\/wp-json\/wp\/v2\/comments?post=12924"}],"wp:featuredmedia":[{"embeddable":true,"href":"https:\/\/wildgear.itc-gmbh.shop\/es\/wp-json\/wp\/v2\/media\/12923"}],"wp:attachment":[{"href":"https:\/\/wildgear.itc-gmbh.shop\/es\/wp-json\/wp\/v2\/media?parent=12924"}],"wp:term":[{"taxonomy":"product_brand","embeddable":true,"href":"https:\/\/wildgear.itc-gmbh.shop\/es\/wp-json\/wp\/v2\/product_brand?post=12924"},{"taxonomy":"product_cat","embeddable":true,"href":"https:\/\/wildgear.itc-gmbh.shop\/es\/wp-json\/wp\/v2\/product_cat?post=12924"},{"taxonomy":"product_tag","embeddable":true,"href":"https:\/\/wildgear.itc-gmbh.shop\/es\/wp-json\/wp\/v2\/product_tag?post=12924"}],"curies":[{"name":"wp","href":"https:\/\/api.w.org\/{rel}","templated":true}]}}