{"id":13111,"date":"2024-05-27T03:28:18","date_gmt":"2024-05-27T03:28:18","guid":{"rendered":"https:\/\/outdoor.itc-gmbh.shop\/product\/kuehltasche-gruen-26-x-16-x-18-cm\/"},"modified":"2024-05-27T03:28:19","modified_gmt":"2024-05-27T03:28:19","slug":"kuehltasche-gruen-26-x-16-x-18-cm","status":"publish","type":"product","link":"https:\/\/wildgear.itc-gmbh.shop\/es\/product\/kuehltasche-gruen-26-x-16-x-18-cm\/","title":{"rendered":"K\u00fchltasche gr\u00fcn 26 x 16 x 18 cm"},"content":{"rendered":"<p>\u00a1Mantente en forma y descubre las \u00faltimas innovaciones del sector para practicar deporte en las mejores condiciones! Comprar ahora <b>K\u00fchltasche gr\u00fcn 26 x 16 x 18 cm<\/b> \u00a1al mejor precio y disfruta de una vida sana!<\/p>\n<ul>\n<li>Capacidad: 7,5 litros<\/li>\n<li>Art:\n<ul>\n<li>K\u00fchltasche<\/li>\n<li>Tragbarer K\u00fchlschrank<\/li>\n<\/ul>\n<\/li>\n<li>Caracter\u00edsticas:\n<ul>\n<li>Costuras soldadas<\/li>\n<li>Bolsillo exterior<\/li>\n<\/ul>\n<\/li>\n<li>Color: verde<\/li>\n<li>Dimensiones aproximadas: 26 x 16 x 18 cm<\/li>\n<\/ul>","protected":false},"excerpt":{"rendered":"<p>Bleiben Sie in Form und entdecken Sie die neuesten Innovationen der Branche, um mit den besten Voraussetzungen Sport zu betreiben! Kaufen Sie K\u00fchltasche gr\u00fcn 26 x 16 x 18 cm zum besten Preis und genie\u00dfen Sie ein gesundes Leben! Kapazit\u00e4t: 7,5 L Art: K\u00fchltasche Tragbarer K\u00fchlschrank Merkmale: Verschwei\u00dfte N\u00e4hte \u00c4u\u00dfere Tasche Farbe: gr\u00fcn Ma\u00dfe ca.: &hellip; <\/p>\n<p class=\"more-link-wrap\"><a href=\"https:\/\/wildgear.itc-gmbh.shop\/es\/product\/kuehltasche-gruen-26-x-16-x-18-cm\/\" class=\"more-link\"><span>Read More<span class=\"screen-reader-text\"> &#8220;K\u00fchltasche gr\u00fcn 26 x 16 x 18 cm&#8221;<\/span><\/span><\/a><\/p>","protected":false},"featured_media":13110,"comment_status":"open","ping_status":"closed","template":"","meta":{"inline_featured_image":false},"product_brand":[],"product_cat":[181,180,654],"product_tag":[177,178],"class_list":{"0":"post-13111","1":"product","2":"type-product","3":"status-publish","4":"has-post-thumbnail","6":"product_cat-camping-und-berge","7":"product_cat-sport-freizeit","8":"product_cat-tragbare-kuhlboxen","9":"product_tag-tag_3","10":"product_tag-tag_17","12":"first","13":"instock","14":"taxable","15":"shipping-taxable","16":"purchasable","17":"product-type-simple"},"aioseo_notices":[],"jetpack_sharing_enabled":true,"_links":{"self":[{"href":"https:\/\/wildgear.itc-gmbh.shop\/es\/wp-json\/wp\/v2\/product\/13111","targetHints":{"allow":["GET"]}}],"collection":[{"href":"https:\/\/wildgear.itc-gmbh.shop\/es\/wp-json\/wp\/v2\/product"}],"about":[{"href":"https:\/\/wildgear.itc-gmbh.shop\/es\/wp-json\/wp\/v2\/types\/product"}],"replies":[{"embeddable":true,"href":"https:\/\/wildgear.itc-gmbh.shop\/es\/wp-json\/wp\/v2\/comments?post=13111"}],"wp:featuredmedia":[{"embeddable":true,"href":"https:\/\/wildgear.itc-gmbh.shop\/es\/wp-json\/wp\/v2\/media\/13110"}],"wp:attachment":[{"href":"https:\/\/wildgear.itc-gmbh.shop\/es\/wp-json\/wp\/v2\/media?parent=13111"}],"wp:term":[{"taxonomy":"product_brand","embeddable":true,"href":"https:\/\/wildgear.itc-gmbh.shop\/es\/wp-json\/wp\/v2\/product_brand?post=13111"},{"taxonomy":"product_cat","embeddable":true,"href":"https:\/\/wildgear.itc-gmbh.shop\/es\/wp-json\/wp\/v2\/product_cat?post=13111"},{"taxonomy":"product_tag","embeddable":true,"href":"https:\/\/wildgear.itc-gmbh.shop\/es\/wp-json\/wp\/v2\/product_tag?post=13111"}],"curies":[{"name":"wp","href":"https:\/\/api.w.org\/{rel}","templated":true}]}}