{"id":13149,"date":"2024-05-27T03:28:53","date_gmt":"2024-05-27T03:28:53","guid":{"rendered":"https:\/\/outdoor.itc-gmbh.shop\/product\/flaschenkuehltasche-rot-2-l-marineblau\/"},"modified":"2024-05-27T03:28:55","modified_gmt":"2024-05-27T03:28:55","slug":"flaschenkuehltasche-rot-2-l-marineblau","status":"publish","type":"product","link":"https:\/\/wildgear.itc-gmbh.shop\/es\/product\/flaschenkuehltasche-rot-2-l-marineblau\/","title":{"rendered":"Flaschenk\u00fchltasche Rot 2 L Marineblau"},"content":{"rendered":"<p>\u00a1Mantente en forma y descubre las \u00faltimas innovaciones del sector para practicar deporte en las mejores condiciones! Comprar ahora <b>Flaschenk\u00fchltasche Rot 2 L Marineblau<\/b> \u00a1al mejor precio y disfruta de una vida sana!<\/p>\n<ul>\n<li>Caracter\u00edsticas:\n<ul>\n<li>Costuras soldadas<\/li>\n<li>Verstellbarer Gurt<\/li>\n<\/ul>\n<\/li>\n<li>Tipo: Bolsa nevera<\/li>\n<li>Capacidad: 2 litros<\/li>\n<li>Dise\u00f1o: Azul marino<\/li>\n<li>Ma\u00dfe ca.: 31 x 11 cm<\/li>\n<li>Color: Rojo<\/li>\n<\/ul>","protected":false},"excerpt":{"rendered":"<p>Bleiben Sie in Form und entdecken Sie die neuesten Innovationen der Branche, um mit den besten Voraussetzungen Sport zu betreiben! Kaufen Sie Flaschenk\u00fchltasche Rot 2 L Marineblau zum besten Preis und genie\u00dfen Sie ein gesundes Leben! Merkmale: Verschwei\u00dfte N\u00e4hte Verstellbarer Gurt Art: K\u00fchltasche Kapazit\u00e4t: 2 L Design: Marineblau Ma\u00dfe ca.: 31 x 11 cm Farbe: &hellip; <\/p>\n<p class=\"more-link-wrap\"><a href=\"https:\/\/wildgear.itc-gmbh.shop\/es\/product\/flaschenkuehltasche-rot-2-l-marineblau\/\" class=\"more-link\"><span>Read More<span class=\"screen-reader-text\"> &#8220;Flaschenk\u00fchltasche Rot 2 L Marineblau&#8221;<\/span><\/span><\/a><\/p>","protected":false},"featured_media":13148,"comment_status":"open","ping_status":"closed","template":"","meta":{"inline_featured_image":false},"product_brand":[],"product_cat":[181,180,654],"product_tag":[177,178],"class_list":{"0":"post-13149","1":"product","2":"type-product","3":"status-publish","4":"has-post-thumbnail","6":"product_cat-camping-und-berge","7":"product_cat-sport-freizeit","8":"product_cat-tragbare-kuhlboxen","9":"product_tag-tag_3","10":"product_tag-tag_17","12":"first","13":"outofstock","14":"taxable","15":"shipping-taxable","16":"purchasable","17":"product-type-simple"},"aioseo_notices":[],"jetpack_sharing_enabled":true,"_links":{"self":[{"href":"https:\/\/wildgear.itc-gmbh.shop\/es\/wp-json\/wp\/v2\/product\/13149","targetHints":{"allow":["GET"]}}],"collection":[{"href":"https:\/\/wildgear.itc-gmbh.shop\/es\/wp-json\/wp\/v2\/product"}],"about":[{"href":"https:\/\/wildgear.itc-gmbh.shop\/es\/wp-json\/wp\/v2\/types\/product"}],"replies":[{"embeddable":true,"href":"https:\/\/wildgear.itc-gmbh.shop\/es\/wp-json\/wp\/v2\/comments?post=13149"}],"wp:featuredmedia":[{"embeddable":true,"href":"https:\/\/wildgear.itc-gmbh.shop\/es\/wp-json\/wp\/v2\/media\/13148"}],"wp:attachment":[{"href":"https:\/\/wildgear.itc-gmbh.shop\/es\/wp-json\/wp\/v2\/media?parent=13149"}],"wp:term":[{"taxonomy":"product_brand","embeddable":true,"href":"https:\/\/wildgear.itc-gmbh.shop\/es\/wp-json\/wp\/v2\/product_brand?post=13149"},{"taxonomy":"product_cat","embeddable":true,"href":"https:\/\/wildgear.itc-gmbh.shop\/es\/wp-json\/wp\/v2\/product_cat?post=13149"},{"taxonomy":"product_tag","embeddable":true,"href":"https:\/\/wildgear.itc-gmbh.shop\/es\/wp-json\/wp\/v2\/product_tag?post=13149"}],"curies":[{"name":"wp","href":"https:\/\/api.w.org\/{rel}","templated":true}]}}