{"id":13207,"date":"2024-05-27T03:29:44","date_gmt":"2024-05-27T03:29:44","guid":{"rendered":"https:\/\/outdoor.itc-gmbh.shop\/product\/tragbarer-kuehlschrank-coleman-blau-kunststoff-45-l\/"},"modified":"2024-05-27T03:29:48","modified_gmt":"2024-05-27T03:29:48","slug":"tragbarer-kuehlschrank-coleman-blau-kunststoff-45-l","status":"publish","type":"product","link":"https:\/\/wildgear.itc-gmbh.shop\/es\/product\/tragbarer-kuehlschrank-coleman-blau-kunststoff-45-l\/","title":{"rendered":"Tragbarer K\u00fchlschrank Coleman Blau Kunststoff 45 L"},"content":{"rendered":"<p>\u00a1Mantente en forma y descubre las \u00faltimas innovaciones del sector para practicar deporte en las mejores condiciones! Comprar ahora <b>Tragbarer K\u00fchlschrank Coleman Blau Kunststoff 45 L<\/b> \u00a1al mejor precio y disfruta de una vida sana!<\/p>\n<ul>\n<li>Tipo: Nevera port\u00e1til<\/li>\n<li>Color: Azul<\/li>\n<li>Material: Pl\u00e1stico<\/li>\n<li>Kapazit\u00e4t: 45 L<\/li>\n<li>Sexo: Adultos unisex<\/li>\n<\/ul>","protected":false},"excerpt":{"rendered":"<p>Bleiben Sie in Form und entdecken Sie die neuesten Innovationen der Branche, um mit den besten Voraussetzungen Sport zu betreiben! Kaufen Sie Tragbarer K\u00fchlschrank Coleman Blau Kunststoff 45 L zum besten Preis und genie\u00dfen Sie ein gesundes Leben! Art: Tragbarer K\u00fchlschrank Farbe: Blau Material: Kunststoff Kapazit\u00e4t: 45 L Geschlecht: Unisex-Erwachsene<\/p>","protected":false},"featured_media":13206,"comment_status":"open","ping_status":"closed","template":"","meta":{"inline_featured_image":false},"product_brand":[],"product_cat":[181,180,654],"product_tag":[177],"class_list":{"0":"post-13207","1":"product","2":"type-product","3":"status-publish","4":"has-post-thumbnail","6":"product_cat-camping-und-berge","7":"product_cat-sport-freizeit","8":"product_cat-tragbare-kuhlboxen","9":"product_tag-tag_3","11":"first","12":"outofstock","13":"taxable","14":"shipping-taxable","15":"purchasable","16":"product-type-simple"},"aioseo_notices":[],"jetpack_sharing_enabled":true,"_links":{"self":[{"href":"https:\/\/wildgear.itc-gmbh.shop\/es\/wp-json\/wp\/v2\/product\/13207","targetHints":{"allow":["GET"]}}],"collection":[{"href":"https:\/\/wildgear.itc-gmbh.shop\/es\/wp-json\/wp\/v2\/product"}],"about":[{"href":"https:\/\/wildgear.itc-gmbh.shop\/es\/wp-json\/wp\/v2\/types\/product"}],"replies":[{"embeddable":true,"href":"https:\/\/wildgear.itc-gmbh.shop\/es\/wp-json\/wp\/v2\/comments?post=13207"}],"wp:featuredmedia":[{"embeddable":true,"href":"https:\/\/wildgear.itc-gmbh.shop\/es\/wp-json\/wp\/v2\/media\/13206"}],"wp:attachment":[{"href":"https:\/\/wildgear.itc-gmbh.shop\/es\/wp-json\/wp\/v2\/media?parent=13207"}],"wp:term":[{"taxonomy":"product_brand","embeddable":true,"href":"https:\/\/wildgear.itc-gmbh.shop\/es\/wp-json\/wp\/v2\/product_brand?post=13207"},{"taxonomy":"product_cat","embeddable":true,"href":"https:\/\/wildgear.itc-gmbh.shop\/es\/wp-json\/wp\/v2\/product_cat?post=13207"},{"taxonomy":"product_tag","embeddable":true,"href":"https:\/\/wildgear.itc-gmbh.shop\/es\/wp-json\/wp\/v2\/product_tag?post=13207"}],"curies":[{"name":"wp","href":"https:\/\/api.w.org\/{rel}","templated":true}]}}