{"id":13231,"date":"2024-05-27T03:30:06","date_gmt":"2024-05-27T03:30:06","guid":{"rendered":"https:\/\/outdoor.itc-gmbh.shop\/product\/tragbarer-kuehlschrank-safta-2\/"},"modified":"2024-05-27T03:30:10","modified_gmt":"2024-05-27T03:30:10","slug":"tragbarer-kuehlschrank-safta-2","status":"publish","type":"product","link":"https:\/\/wildgear.itc-gmbh.shop\/es\/product\/tragbarer-kuehlschrank-safta-2\/","title":{"rendered":"Tragbarer K\u00fchlschrank Safta"},"content":{"rendered":"<p>\u00a1Mantente en forma y descubre las \u00faltimas innovaciones del sector para practicar deporte en las mejores condiciones! Comprar ahora <b>Tragbarer K\u00fchlschrank Safta<\/b> \u00a1al mejor precio y disfruta de una vida sana!<\/p>\n<ul>\n<li>Cierre pulsera: cremallera<\/li>\n<li>Caracter\u00edsticas:\n<ul>\n<li>Correa para bandolera<\/li>\n<li>Con asa superior<\/li>\n<\/ul>\n<\/li>\n<li>Dimensiones aproximadas: 20 x 20 x 15 cm<\/li>\n<li>Enthalten: Innentasche<\/li>\n<\/ul>","protected":false},"excerpt":{"rendered":"<p>Bleiben Sie in Form und entdecken Sie die neuesten Innovationen der Branche, um mit den besten Voraussetzungen Sport zu betreiben! Kaufen Sie Tragbarer K\u00fchlschrank Safta zum besten Preis und genie\u00dfen Sie ein gesundes Leben! Verschluss Armband: Rei\u00dfverschluss Merkmale: Riemen f\u00fcr Umh\u00e4ngetasche Mit oberem Griff Ma\u00dfe ca.: 20 x 20 x 15 cm Enthalten: Innentasche<\/p>","protected":false},"featured_media":13230,"comment_status":"open","ping_status":"closed","template":"","meta":{"inline_featured_image":false},"product_brand":[],"product_cat":[181,180,654],"product_tag":[177],"class_list":{"0":"post-13231","1":"product","2":"type-product","3":"status-publish","4":"has-post-thumbnail","6":"product_cat-camping-und-berge","7":"product_cat-sport-freizeit","8":"product_cat-tragbare-kuhlboxen","9":"product_tag-tag_3","11":"first","12":"outofstock","13":"taxable","14":"shipping-taxable","15":"purchasable","16":"product-type-simple"},"aioseo_notices":[],"jetpack_sharing_enabled":true,"_links":{"self":[{"href":"https:\/\/wildgear.itc-gmbh.shop\/es\/wp-json\/wp\/v2\/product\/13231","targetHints":{"allow":["GET"]}}],"collection":[{"href":"https:\/\/wildgear.itc-gmbh.shop\/es\/wp-json\/wp\/v2\/product"}],"about":[{"href":"https:\/\/wildgear.itc-gmbh.shop\/es\/wp-json\/wp\/v2\/types\/product"}],"replies":[{"embeddable":true,"href":"https:\/\/wildgear.itc-gmbh.shop\/es\/wp-json\/wp\/v2\/comments?post=13231"}],"wp:featuredmedia":[{"embeddable":true,"href":"https:\/\/wildgear.itc-gmbh.shop\/es\/wp-json\/wp\/v2\/media\/13230"}],"wp:attachment":[{"href":"https:\/\/wildgear.itc-gmbh.shop\/es\/wp-json\/wp\/v2\/media?parent=13231"}],"wp:term":[{"taxonomy":"product_brand","embeddable":true,"href":"https:\/\/wildgear.itc-gmbh.shop\/es\/wp-json\/wp\/v2\/product_brand?post=13231"},{"taxonomy":"product_cat","embeddable":true,"href":"https:\/\/wildgear.itc-gmbh.shop\/es\/wp-json\/wp\/v2\/product_cat?post=13231"},{"taxonomy":"product_tag","embeddable":true,"href":"https:\/\/wildgear.itc-gmbh.shop\/es\/wp-json\/wp\/v2\/product_tag?post=13231"}],"curies":[{"name":"wp","href":"https:\/\/api.w.org\/{rel}","templated":true}]}}