{"id":13282,"date":"2024-05-27T03:30:52","date_gmt":"2024-05-27T03:30:52","guid":{"rendered":"https:\/\/outdoor.itc-gmbh.shop\/product\/aufblasbares-bett-regatta-flock-black\/"},"modified":"2024-10-07T00:01:54","modified_gmt":"2024-10-07T00:01:54","slug":"aufblasbares-bett-regatta-flock-black","status":"publish","type":"product","link":"https:\/\/wildgear.itc-gmbh.shop\/es\/product\/aufblasbares-bett-regatta-flock-black\/","title":{"rendered":"Aufblasbares Bett Regatta Flock Black"},"content":{"rendered":"<p>Con estas sugerencias que har\u00e1n las delicias de grandes y peque\u00f1os, \u00a1la diversi\u00f3n veraniega est\u00e1 garantizada! Comprar <b>Aufblasbares Bett Regatta Flock Black<\/b>... \u00a1y disfruta de tu tiempo libre!<\/p>\n<ul>\n<li>Caracter\u00edsticas:\n<ul>\n<li>individuell<\/li>\n<li>Praktisch und benutzerfreundlich<\/li>\n<\/ul>\n<\/li>\n<li>Talla: \u00fanica<\/li>\n<li>Color: Negro<\/li>\n<li>Sexo: Unisex<\/li>\n<li>Material:\n<ul>\n<li>Poli\u00e9ster<\/li>\n<li>Pl\u00e1stico<\/li>\n<li>100 poli\u00e9ster %<\/li>\n<\/ul>\n<\/li>\n<li>Gewicht: 1,4 Kg<\/li>\n<\/ul>","protected":false},"excerpt":{"rendered":"<p>Mit diesen Vorschl\u00e4gen, die Jung und Alt begeistern werden, ist der Sommerspa\u00df garantiert! Kaufen Sie Aufblasbares Bett Regatta Flock Black] und genie\u00dfen Sie Ihre Freizeit! Merkmale: individuell Praktisch und benutzerfreundlich Gr\u00f6\u00dfe: Einheitsgr\u00f6\u00dfe Farbe: Schwarz Geschlecht: Unisex Material: Polyester Kunststoff 100 % polyester Gewicht: 1,4 Kg<\/p>","protected":false},"featured_media":17131,"comment_status":"open","ping_status":"closed","template":"","meta":{"inline_featured_image":false},"product_brand":[],"product_cat":[181,182,180],"product_tag":[177,178],"class_list":{"0":"post-13282","1":"product","2":"type-product","3":"status-publish","4":"has-post-thumbnail","6":"product_cat-camping-und-berge","7":"product_cat-camping-und-bergzubehor","8":"product_cat-sport-freizeit","9":"product_tag-tag_3","10":"product_tag-tag_17","12":"first","13":"instock","14":"taxable","15":"shipping-taxable","16":"purchasable","17":"product-type-simple"},"aioseo_notices":[],"jetpack_sharing_enabled":true,"_links":{"self":[{"href":"https:\/\/wildgear.itc-gmbh.shop\/es\/wp-json\/wp\/v2\/product\/13282","targetHints":{"allow":["GET"]}}],"collection":[{"href":"https:\/\/wildgear.itc-gmbh.shop\/es\/wp-json\/wp\/v2\/product"}],"about":[{"href":"https:\/\/wildgear.itc-gmbh.shop\/es\/wp-json\/wp\/v2\/types\/product"}],"replies":[{"embeddable":true,"href":"https:\/\/wildgear.itc-gmbh.shop\/es\/wp-json\/wp\/v2\/comments?post=13282"}],"wp:featuredmedia":[{"embeddable":true,"href":"https:\/\/wildgear.itc-gmbh.shop\/es\/wp-json\/wp\/v2\/media\/17131"}],"wp:attachment":[{"href":"https:\/\/wildgear.itc-gmbh.shop\/es\/wp-json\/wp\/v2\/media?parent=13282"}],"wp:term":[{"taxonomy":"product_brand","embeddable":true,"href":"https:\/\/wildgear.itc-gmbh.shop\/es\/wp-json\/wp\/v2\/product_brand?post=13282"},{"taxonomy":"product_cat","embeddable":true,"href":"https:\/\/wildgear.itc-gmbh.shop\/es\/wp-json\/wp\/v2\/product_cat?post=13282"},{"taxonomy":"product_tag","embeddable":true,"href":"https:\/\/wildgear.itc-gmbh.shop\/es\/wp-json\/wp\/v2\/product_tag?post=13282"}],"curies":[{"name":"wp","href":"https:\/\/api.w.org\/{rel}","templated":true}]}}