{"id":13433,"date":"2024-05-27T03:33:01","date_gmt":"2024-05-27T03:33:01","guid":{"rendered":"https:\/\/outdoor.itc-gmbh.shop\/product\/table-klapptisch-redcliffs-camping-56-x-24-x-34-cm-aluminium\/"},"modified":"2024-05-27T03:33:01","modified_gmt":"2024-05-27T03:33:01","slug":"table-klapptisch-redcliffs-camping-56-x-24-x-34-cm-aluminium","status":"publish","type":"product","link":"https:\/\/wildgear.itc-gmbh.shop\/es\/product\/table-klapptisch-redcliffs-camping-56-x-24-x-34-cm-aluminium\/","title":{"rendered":"Mesa Mesa plegable Redcliffs Camping 56 x 24 x 34 cm Aluminio"},"content":{"rendered":"<p>Con estas sugerencias que har\u00e1n las delicias de grandes y peque\u00f1os, \u00a1la diversi\u00f3n veraniega est\u00e1 garantizada! Comprar <b>Mesa Mesa plegable Redcliffs Camping 56 x 24 x 34 cm Aluminio<\/b>... \u00a1y disfruta de tu tiempo libre!<\/p>\n<ul>\n<li>Tipo: Mesa Mesa plegable<\/li>\n<li>Color: Gris<\/li>\n<li>Material: Aluminio<\/li>\n<li>Caracter\u00edsticas:\n<ul>\n<li>Flexible<\/li>\n<li>Impermeable<\/li>\n<\/ul>\n<\/li>\n<li>Dimensiones aproximadas: 56 x 24 x 34 cm<\/li>\n<li>Deporte: Camping<\/li>\n<\/ul>","protected":false},"excerpt":{"rendered":"<p>Mit diesen Vorschl\u00e4gen, die Jung und Alt begeistern werden, ist der Sommerspa\u00df garantiert! Kaufen Sie Table Klapptisch Redcliffs Camping 56 x 24 x 34 cm Aluminium] und genie\u00dfen Sie Ihre Freizeit! Art: Table Klapptisch Farbe: Grau Material: Aluminium Merkmale: Biegsam Waterproof Ma\u00dfe ca.: 56 x 24 x 34 cm Sport: Camping<\/p>","protected":false},"featured_media":13432,"comment_status":"open","ping_status":"closed","template":"","meta":{"inline_featured_image":false},"product_brand":[],"product_cat":[181,182,180],"product_tag":[213,177,178],"class_list":{"0":"post-13433","1":"product","2":"type-product","3":"status-publish","4":"has-post-thumbnail","6":"product_cat-camping-und-berge","7":"product_cat-camping-und-bergzubehor","8":"product_cat-sport-freizeit","9":"product_tag-tag_69","10":"product_tag-tag_3","11":"product_tag-tag_17","13":"first","14":"outofstock","15":"taxable","16":"shipping-taxable","17":"purchasable","18":"product-type-simple"},"aioseo_notices":[],"jetpack_sharing_enabled":true,"_links":{"self":[{"href":"https:\/\/wildgear.itc-gmbh.shop\/es\/wp-json\/wp\/v2\/product\/13433","targetHints":{"allow":["GET"]}}],"collection":[{"href":"https:\/\/wildgear.itc-gmbh.shop\/es\/wp-json\/wp\/v2\/product"}],"about":[{"href":"https:\/\/wildgear.itc-gmbh.shop\/es\/wp-json\/wp\/v2\/types\/product"}],"replies":[{"embeddable":true,"href":"https:\/\/wildgear.itc-gmbh.shop\/es\/wp-json\/wp\/v2\/comments?post=13433"}],"wp:featuredmedia":[{"embeddable":true,"href":"https:\/\/wildgear.itc-gmbh.shop\/es\/wp-json\/wp\/v2\/media\/13432"}],"wp:attachment":[{"href":"https:\/\/wildgear.itc-gmbh.shop\/es\/wp-json\/wp\/v2\/media?parent=13433"}],"wp:term":[{"taxonomy":"product_brand","embeddable":true,"href":"https:\/\/wildgear.itc-gmbh.shop\/es\/wp-json\/wp\/v2\/product_brand?post=13433"},{"taxonomy":"product_cat","embeddable":true,"href":"https:\/\/wildgear.itc-gmbh.shop\/es\/wp-json\/wp\/v2\/product_cat?post=13433"},{"taxonomy":"product_tag","embeddable":true,"href":"https:\/\/wildgear.itc-gmbh.shop\/es\/wp-json\/wp\/v2\/product_tag?post=13433"}],"curies":[{"name":"wp","href":"https:\/\/api.w.org\/{rel}","templated":true}]}}