{"id":13443,"date":"2024-05-27T03:33:09","date_gmt":"2024-05-27T03:33:09","guid":{"rendered":"https:\/\/outdoor.itc-gmbh.shop\/product\/gaskocher-orbegozo-fo2350-but-weiss\/"},"modified":"2024-05-27T03:33:10","modified_gmt":"2024-05-27T03:33:10","slug":"gaskocher-orbegozo-fo2350-but-weiss","status":"publish","type":"product","link":"https:\/\/wildgear.itc-gmbh.shop\/es\/product\/gaskocher-orbegozo-fo2350-but-weiss\/","title":{"rendered":"Gaskocher Orbegozo FO2350      BUT Wei\u00df"},"content":{"rendered":"<p>Si est\u00e1 pensando en renovar su cocina, compre <b>Gaskocher Orbegozo FO2350      BUT Wei\u00df<\/b> y otros <b>Produkte Orbegozo<\/b>\u00a1! La mejor calidad al mejor precio est\u00e1 inmediatamente a su alcance.<\/p>\n<ul>\n<li>Color: blanco<\/li>\n<li>Kochbereiche: 2<\/li>\n<li>Art:\n<ul>\n<li>Propano<\/li>\n<li>Induktionskochfeld<\/li>\n<\/ul>\n<\/li>\n<li>Ma\u00dfe ca.: 60 x 36.5 x 10 cm<\/li>\n<li>Producto enchufable: S\u00ed<\/li>\n<li>Tipo de enchufe: enchufe UE<\/li>\n<\/ul>","protected":false},"excerpt":{"rendered":"<p>Wenn du mit dem Gedanken spielst, deine K\u00fcche zu renovieren, kaufe Gaskocher Orbegozo FO2350 BUT Wei\u00df und andere Produkte Orbegozo! Die beste Qualit\u00e4t zum g\u00fcnstigsten Preis liegt sofort in deiner Reichweite. Farbe: Wei\u00df Kochbereiche: 2 Art: Propangas Induktionskochfeld Ma\u00dfe ca.: 60 x 36.5 x 10 cm Steckbares Produkt: Ja Steckertyp: EU-Stecker<\/p>","protected":false},"featured_media":13442,"comment_status":"open","ping_status":"closed","template":"","meta":{"inline_featured_image":false},"product_brand":[],"product_cat":[181,182,180],"product_tag":[177,178],"class_list":{"0":"post-13443","1":"product","2":"type-product","3":"status-publish","4":"has-post-thumbnail","6":"product_cat-camping-und-berge","7":"product_cat-camping-und-bergzubehor","8":"product_cat-sport-freizeit","9":"product_tag-tag_3","10":"product_tag-tag_17","12":"first","13":"outofstock","14":"taxable","15":"shipping-taxable","16":"purchasable","17":"product-type-simple"},"aioseo_notices":[],"jetpack_sharing_enabled":true,"_links":{"self":[{"href":"https:\/\/wildgear.itc-gmbh.shop\/es\/wp-json\/wp\/v2\/product\/13443","targetHints":{"allow":["GET"]}}],"collection":[{"href":"https:\/\/wildgear.itc-gmbh.shop\/es\/wp-json\/wp\/v2\/product"}],"about":[{"href":"https:\/\/wildgear.itc-gmbh.shop\/es\/wp-json\/wp\/v2\/types\/product"}],"replies":[{"embeddable":true,"href":"https:\/\/wildgear.itc-gmbh.shop\/es\/wp-json\/wp\/v2\/comments?post=13443"}],"wp:featuredmedia":[{"embeddable":true,"href":"https:\/\/wildgear.itc-gmbh.shop\/es\/wp-json\/wp\/v2\/media\/13442"}],"wp:attachment":[{"href":"https:\/\/wildgear.itc-gmbh.shop\/es\/wp-json\/wp\/v2\/media?parent=13443"}],"wp:term":[{"taxonomy":"product_brand","embeddable":true,"href":"https:\/\/wildgear.itc-gmbh.shop\/es\/wp-json\/wp\/v2\/product_brand?post=13443"},{"taxonomy":"product_cat","embeddable":true,"href":"https:\/\/wildgear.itc-gmbh.shop\/es\/wp-json\/wp\/v2\/product_cat?post=13443"},{"taxonomy":"product_tag","embeddable":true,"href":"https:\/\/wildgear.itc-gmbh.shop\/es\/wp-json\/wp\/v2\/product_tag?post=13443"}],"curies":[{"name":"wp","href":"https:\/\/api.w.org\/{rel}","templated":true}]}}