{"id":14060,"date":"2024-05-27T03:43:08","date_gmt":"2024-05-27T03:43:08","guid":{"rendered":"https:\/\/outdoor.itc-gmbh.shop\/product\/messer-imex-el-zorro-pilze-edelstahl-6-cm\/"},"modified":"2024-05-27T03:43:08","modified_gmt":"2024-05-27T03:43:08","slug":"messer-imex-el-zorro-pilze-edelstahl-6-cm","status":"publish","type":"product","link":"https:\/\/wildgear.itc-gmbh.shop\/es\/product\/messer-imex-el-zorro-pilze-edelstahl-6-cm\/","title":{"rendered":"Messer Imex el Zorro Pilze Edelstahl 6 cm"},"content":{"rendered":"<p>\u00a1Mantente en forma y descubre las \u00faltimas innovaciones del sector para practicar deporte en las mejores condiciones! Comprar ahora <b>Messer Imex el Zorro Pilze Edelstahl 6 cm<\/b> \u00a1al mejor precio y disfruta de una vida sana!<\/p>\n<ul>\n<li>Empfohlene verwendung: Pilze<\/li>\n<li>Incluido:\n<ul>\n<li>H\u00fclle<\/li>\n<li>B\u00fcrste<\/li>\n<li>Schl\u00fcsselanh\u00e4nger<\/li>\n<\/ul>\n<\/li>\n<li>Schneidetypen: Gekr\u00fcmmt<\/li>\n<li>Color:\n<ul>\n<li>Braun<\/li>\n<li>Color plata<\/li>\n<\/ul>\n<\/li>\n<li>Art: Messer<\/li>\n<li>Caracter\u00edsticas: Flexible<\/li>\n<li>Material: Acero inoxidable<\/li>\n<li>Griff Typ: Holz<\/li>\n<li>L\u00e4nge der Messerklinge: 6 cm<\/li>\n<\/ul>","protected":false},"excerpt":{"rendered":"<p>Bleiben Sie in Form und entdecken Sie die neuesten Innovationen der Branche, um mit den besten Voraussetzungen Sport zu betreiben! Kaufen Sie Messer Imex el Zorro Pilze Edelstahl 6 cm zum besten Preis und genie\u00dfen Sie ein gesundes Leben! Empfohlene verwendung: Pilze Enthalten: H\u00fclle B\u00fcrste Schl\u00fcsselanh\u00e4nger Schneidetypen: Gekr\u00fcmmt Farbe: Braun Silberfarben Art: Messer Merkmale: Biegsam &hellip; <\/p>\n<p class=\"more-link-wrap\"><a href=\"https:\/\/wildgear.itc-gmbh.shop\/es\/product\/messer-imex-el-zorro-pilze-edelstahl-6-cm\/\" class=\"more-link\"><span>Read More<span class=\"screen-reader-text\"> &#8220;Messer Imex el Zorro Pilze Edelstahl 6 cm&#8221;<\/span><\/span><\/a><\/p>","protected":false},"featured_media":14059,"comment_status":"open","ping_status":"closed","template":"","meta":{"inline_featured_image":false},"product_brand":[],"product_cat":[181,182,180],"product_tag":[177,178],"class_list":{"0":"post-14060","1":"product","2":"type-product","3":"status-publish","4":"has-post-thumbnail","6":"product_cat-camping-und-berge","7":"product_cat-camping-und-bergzubehor","8":"product_cat-sport-freizeit","9":"product_tag-tag_3","10":"product_tag-tag_17","12":"first","13":"outofstock","14":"taxable","15":"shipping-taxable","16":"purchasable","17":"product-type-simple"},"aioseo_notices":[],"jetpack_sharing_enabled":true,"_links":{"self":[{"href":"https:\/\/wildgear.itc-gmbh.shop\/es\/wp-json\/wp\/v2\/product\/14060","targetHints":{"allow":["GET"]}}],"collection":[{"href":"https:\/\/wildgear.itc-gmbh.shop\/es\/wp-json\/wp\/v2\/product"}],"about":[{"href":"https:\/\/wildgear.itc-gmbh.shop\/es\/wp-json\/wp\/v2\/types\/product"}],"replies":[{"embeddable":true,"href":"https:\/\/wildgear.itc-gmbh.shop\/es\/wp-json\/wp\/v2\/comments?post=14060"}],"wp:featuredmedia":[{"embeddable":true,"href":"https:\/\/wildgear.itc-gmbh.shop\/es\/wp-json\/wp\/v2\/media\/14059"}],"wp:attachment":[{"href":"https:\/\/wildgear.itc-gmbh.shop\/es\/wp-json\/wp\/v2\/media?parent=14060"}],"wp:term":[{"taxonomy":"product_brand","embeddable":true,"href":"https:\/\/wildgear.itc-gmbh.shop\/es\/wp-json\/wp\/v2\/product_brand?post=14060"},{"taxonomy":"product_cat","embeddable":true,"href":"https:\/\/wildgear.itc-gmbh.shop\/es\/wp-json\/wp\/v2\/product_cat?post=14060"},{"taxonomy":"product_tag","embeddable":true,"href":"https:\/\/wildgear.itc-gmbh.shop\/es\/wp-json\/wp\/v2\/product_tag?post=14060"}],"curies":[{"name":"wp","href":"https:\/\/api.w.org\/{rel}","templated":true}]}}