{"id":14228,"date":"2024-05-27T03:45:30","date_gmt":"2024-05-27T03:45:30","guid":{"rendered":"https:\/\/outdoor.itc-gmbh.shop\/product\/table-klapptisch-marbueno-120-x-70-x-60-cm\/"},"modified":"2024-05-27T03:45:32","modified_gmt":"2024-05-27T03:45:32","slug":"table-klapptisch-marbueno-120-x-70-x-60-cm","status":"publish","type":"product","link":"https:\/\/wildgear.itc-gmbh.shop\/es\/product\/table-klapptisch-marbueno-120-x-70-x-60-cm\/","title":{"rendered":"Table Klapptisch Marbueno 120 x 70 x 60 cm"},"content":{"rendered":"<p>\u00a1Mantente en forma y descubre las \u00faltimas innovaciones del sector para practicar deporte en las mejores condiciones! Comprar ahora <b>Table Klapptisch Marbueno 120 x 70 x 60 cm<\/b> \u00a1al mejor precio y disfruta de una vida sana!<\/p>\n<ul>\n<li>Color:\n<ul>\n<li>Braun<\/li>\n<li>Gris<\/li>\n<li>Gris oscuro<\/li>\n<\/ul>\n<\/li>\n<li>Forma: rectangular<\/li>\n<li>Tipo: Mesa Mesa plegable<\/li>\n<li>Pieza: 1 pieza<\/li>\n<li>Material: Acero<\/li>\n<li>Caracter\u00edsticas:\n<ul>\n<li>Flexible<\/li>\n<li>Henkel<\/li>\n<li>Sicherheitssperre<\/li>\n<li>Praktisch und benutzerfreundlich<\/li>\n<\/ul>\n<\/li>\n<li>Design: Moderne<\/li>\n<li>Incluye: Asa de transporte<\/li>\n<li>Informaci\u00f3n importante: Varios dise\u00f1os. Env\u00edo aleatorio y seg\u00fan stock<\/li>\n<li>Uso recomendado:\n<ul>\n<li>Playa<\/li>\n<li>Zona exterior<\/li>\n<li>Jard\u00edn<\/li>\n<li>Camping<\/li>\n<\/ul>\n<\/li>\n<li>Ma\u00dfe ca.: 120 x 70 x 60 cm<\/li>\n<\/ul>","protected":false},"excerpt":{"rendered":"<p>48.6100 &euro; \/ 1 unit<\/p>","protected":false},"featured_media":14227,"comment_status":"open","ping_status":"closed","template":"","meta":{"inline_featured_image":false},"product_brand":[],"product_cat":[181,182,180],"product_tag":[179,177,187,178],"class_list":{"0":"post-14228","1":"product","2":"type-product","3":"status-publish","4":"has-post-thumbnail","6":"product_cat-camping-und-berge","7":"product_cat-camping-und-bergzubehor","8":"product_cat-sport-freizeit","9":"product_tag-tag_89","10":"product_tag-tag_3","11":"product_tag-tag_124","12":"product_tag-tag_17","14":"first","15":"outofstock","16":"taxable","17":"shipping-taxable","18":"purchasable","19":"product-type-simple"},"aioseo_notices":[],"jetpack_sharing_enabled":true,"_links":{"self":[{"href":"https:\/\/wildgear.itc-gmbh.shop\/es\/wp-json\/wp\/v2\/product\/14228","targetHints":{"allow":["GET"]}}],"collection":[{"href":"https:\/\/wildgear.itc-gmbh.shop\/es\/wp-json\/wp\/v2\/product"}],"about":[{"href":"https:\/\/wildgear.itc-gmbh.shop\/es\/wp-json\/wp\/v2\/types\/product"}],"replies":[{"embeddable":true,"href":"https:\/\/wildgear.itc-gmbh.shop\/es\/wp-json\/wp\/v2\/comments?post=14228"}],"wp:featuredmedia":[{"embeddable":true,"href":"https:\/\/wildgear.itc-gmbh.shop\/es\/wp-json\/wp\/v2\/media\/14227"}],"wp:attachment":[{"href":"https:\/\/wildgear.itc-gmbh.shop\/es\/wp-json\/wp\/v2\/media?parent=14228"}],"wp:term":[{"taxonomy":"product_brand","embeddable":true,"href":"https:\/\/wildgear.itc-gmbh.shop\/es\/wp-json\/wp\/v2\/product_brand?post=14228"},{"taxonomy":"product_cat","embeddable":true,"href":"https:\/\/wildgear.itc-gmbh.shop\/es\/wp-json\/wp\/v2\/product_cat?post=14228"},{"taxonomy":"product_tag","embeddable":true,"href":"https:\/\/wildgear.itc-gmbh.shop\/es\/wp-json\/wp\/v2\/product_tag?post=14228"}],"curies":[{"name":"wp","href":"https:\/\/api.w.org\/{rel}","templated":true}]}}