{"id":14233,"date":"2024-05-27T03:45:34","date_gmt":"2024-05-27T03:45:34","guid":{"rendered":"https:\/\/outdoor.itc-gmbh.shop\/product\/schlitten-zebra-hamax-ham503516-gruen\/"},"modified":"2024-05-27T03:45:35","modified_gmt":"2024-05-27T03:45:35","slug":"schlitten-zebra-hamax-ham503516-gruen","status":"publish","type":"product","link":"https:\/\/wildgear.itc-gmbh.shop\/es\/product\/schlitten-zebra-hamax-ham503516-gruen\/","title":{"rendered":"Schlitten Zebra Hamax HAM503516 gr\u00fcn"},"content":{"rendered":"<p>\u00a1Mantente en forma y descubre las \u00faltimas innovaciones del sector para practicar deporte en las mejores condiciones! Comprar ahora <b>Schlitten Zebra Hamax HAM503516 gr\u00fcn<\/b> \u00a1al mejor precio y disfruta de una vida sana!<\/p>\n<ul>\n<li>Art: Schlitten<\/li>\n<li>Color: verde<\/li>\n<li>Material:\n<ul>\n<li>Polietileno<\/li>\n<li>Pl\u00e1stico<\/li>\n<\/ul>\n<\/li>\n<li>Empfohlenes Alter: + 4 Jahre<\/li>\n<li>Zertifikat: CE<\/li>\n<li>Max. unterst\u00fctztes Gewicht: 70 Kg<\/li>\n<li>Geschlecht: cualquier g\u00e9nero<\/li>\n<\/ul>","protected":false},"excerpt":{"rendered":"<p>Bleiben Sie in Form und entdecken Sie die neuesten Innovationen der Branche, um mit den besten Voraussetzungen Sport zu betreiben! Kaufen Sie Schlitten Zebra Hamax HAM503516 gr\u00fcn zum besten Preis und genie\u00dfen Sie ein gesundes Leben! Art: Schlitten Farbe: gr\u00fcn Material: Poly\u00e4thylen Kunststoff Empfohlenes Alter: + 4 Jahre Zertifikat: CE Max. unterst\u00fctztes Gewicht: 70 Kg &hellip; <\/p>\n<p class=\"more-link-wrap\"><a href=\"https:\/\/wildgear.itc-gmbh.shop\/es\/product\/schlitten-zebra-hamax-ham503516-gruen\/\" class=\"more-link\"><span>Read More<span class=\"screen-reader-text\"> &#8220;Schlitten Zebra Hamax HAM503516 gr\u00fcn&#8221;<\/span><\/span><\/a><\/p>","protected":false},"featured_media":14232,"comment_status":"open","ping_status":"closed","template":"","meta":{"inline_featured_image":false},"product_brand":[],"product_cat":[181,182,180],"product_tag":[213,178,222],"class_list":{"0":"post-14233","1":"product","2":"type-product","3":"status-publish","4":"has-post-thumbnail","6":"product_cat-camping-und-berge","7":"product_cat-camping-und-bergzubehor","8":"product_cat-sport-freizeit","9":"product_tag-tag_69","10":"product_tag-tag_17","11":"product_tag-tag_587","13":"first","14":"instock","15":"taxable","16":"shipping-taxable","17":"purchasable","18":"product-type-simple"},"aioseo_notices":[],"jetpack_sharing_enabled":true,"_links":{"self":[{"href":"https:\/\/wildgear.itc-gmbh.shop\/es\/wp-json\/wp\/v2\/product\/14233","targetHints":{"allow":["GET"]}}],"collection":[{"href":"https:\/\/wildgear.itc-gmbh.shop\/es\/wp-json\/wp\/v2\/product"}],"about":[{"href":"https:\/\/wildgear.itc-gmbh.shop\/es\/wp-json\/wp\/v2\/types\/product"}],"replies":[{"embeddable":true,"href":"https:\/\/wildgear.itc-gmbh.shop\/es\/wp-json\/wp\/v2\/comments?post=14233"}],"wp:featuredmedia":[{"embeddable":true,"href":"https:\/\/wildgear.itc-gmbh.shop\/es\/wp-json\/wp\/v2\/media\/14232"}],"wp:attachment":[{"href":"https:\/\/wildgear.itc-gmbh.shop\/es\/wp-json\/wp\/v2\/media?parent=14233"}],"wp:term":[{"taxonomy":"product_brand","embeddable":true,"href":"https:\/\/wildgear.itc-gmbh.shop\/es\/wp-json\/wp\/v2\/product_brand?post=14233"},{"taxonomy":"product_cat","embeddable":true,"href":"https:\/\/wildgear.itc-gmbh.shop\/es\/wp-json\/wp\/v2\/product_cat?post=14233"},{"taxonomy":"product_tag","embeddable":true,"href":"https:\/\/wildgear.itc-gmbh.shop\/es\/wp-json\/wp\/v2\/product_tag?post=14233"}],"curies":[{"name":"wp","href":"https:\/\/api.w.org\/{rel}","templated":true}]}}