{"id":14262,"date":"2024-05-27T03:45:57","date_gmt":"2024-05-27T03:45:57","guid":{"rendered":"https:\/\/outdoor.itc-gmbh.shop\/product\/gaskocher-orbegozo-fo-2710-3400-w\/"},"modified":"2024-05-27T03:45:57","modified_gmt":"2024-05-27T03:45:57","slug":"gaskocher-orbegozo-fo-2710-3400-w","status":"publish","type":"product","link":"https:\/\/wildgear.itc-gmbh.shop\/es\/product\/gaskocher-orbegozo-fo-2710-3400-w\/","title":{"rendered":"Gaskocher Orbegozo FO 2710 3400 W"},"content":{"rendered":"<p>\u00a1Mantente en forma y descubre las \u00faltimas innovaciones del sector para practicar deporte en las mejores condiciones! Comprar ahora <b>Gaskocher Orbegozo FO 2710 3400 W<\/b> \u00a1al mejor precio y disfruta de una vida sana!<\/p>\n<ul>\n<li>Art:\n<ul>\n<li>Herdplatte<\/li>\n<li>Gas<\/li>\n<li>Gaskocher<\/li>\n<li>Tragbar<\/li>\n<\/ul>\n<\/li>\n<li>Color: blanco<\/li>\n<li>Kochbereiche: 2<\/li>\n<li>Geeignet f\u00fcr: Innen\/Au\u00dfenbereich<\/li>\n<li>Leistung: 3400 W<\/li>\n<li>Material: Acero inoxidable<\/li>\n<li>Gewicht: 1,9 Kg<\/li>\n<li>Fuente de energ\u00eda: Gas<\/li>\n<li>Merkmale: Piezo-Z\u00fcndung<\/li>\n<\/ul>","protected":false},"excerpt":{"rendered":"<p>Bleiben Sie in Form und entdecken Sie die neuesten Innovationen der Branche, um mit den besten Voraussetzungen Sport zu betreiben! Kaufen Sie Gaskocher Orbegozo FO 2710 3400 W zum besten Preis und genie\u00dfen Sie ein gesundes Leben! Art: Herdplatte Gas Gaskocher Tragbar Farbe: Wei\u00df Kochbereiche: 2 Geeignet f\u00fcr: Innen\/Au\u00dfenbereich Leistung: 3400 W Material: Edelstahl Gewicht: &hellip; <\/p>\n<p class=\"more-link-wrap\"><a href=\"https:\/\/wildgear.itc-gmbh.shop\/es\/product\/gaskocher-orbegozo-fo-2710-3400-w\/\" class=\"more-link\"><span>Read More<span class=\"screen-reader-text\"> &#8220;Gaskocher Orbegozo FO 2710 3400 W&#8221;<\/span><\/span><\/a><\/p>","protected":false},"featured_media":14261,"comment_status":"open","ping_status":"closed","template":"","meta":{"inline_featured_image":false},"product_brand":[],"product_cat":[181,182,180],"product_tag":[177,178],"class_list":{"0":"post-14262","1":"product","2":"type-product","3":"status-publish","4":"has-post-thumbnail","6":"product_cat-camping-und-berge","7":"product_cat-camping-und-bergzubehor","8":"product_cat-sport-freizeit","9":"product_tag-tag_3","10":"product_tag-tag_17","12":"first","13":"outofstock","14":"taxable","15":"shipping-taxable","16":"purchasable","17":"product-type-simple"},"aioseo_notices":[],"jetpack_sharing_enabled":true,"_links":{"self":[{"href":"https:\/\/wildgear.itc-gmbh.shop\/es\/wp-json\/wp\/v2\/product\/14262","targetHints":{"allow":["GET"]}}],"collection":[{"href":"https:\/\/wildgear.itc-gmbh.shop\/es\/wp-json\/wp\/v2\/product"}],"about":[{"href":"https:\/\/wildgear.itc-gmbh.shop\/es\/wp-json\/wp\/v2\/types\/product"}],"replies":[{"embeddable":true,"href":"https:\/\/wildgear.itc-gmbh.shop\/es\/wp-json\/wp\/v2\/comments?post=14262"}],"wp:featuredmedia":[{"embeddable":true,"href":"https:\/\/wildgear.itc-gmbh.shop\/es\/wp-json\/wp\/v2\/media\/14261"}],"wp:attachment":[{"href":"https:\/\/wildgear.itc-gmbh.shop\/es\/wp-json\/wp\/v2\/media?parent=14262"}],"wp:term":[{"taxonomy":"product_brand","embeddable":true,"href":"https:\/\/wildgear.itc-gmbh.shop\/es\/wp-json\/wp\/v2\/product_brand?post=14262"},{"taxonomy":"product_cat","embeddable":true,"href":"https:\/\/wildgear.itc-gmbh.shop\/es\/wp-json\/wp\/v2\/product_cat?post=14262"},{"taxonomy":"product_tag","embeddable":true,"href":"https:\/\/wildgear.itc-gmbh.shop\/es\/wp-json\/wp\/v2\/product_tag?post=14262"}],"curies":[{"name":"wp","href":"https:\/\/api.w.org\/{rel}","templated":true}]}}