{"id":14264,"date":"2024-05-27T03:45:58","date_gmt":"2024-05-27T03:45:58","guid":{"rendered":"https:\/\/outdoor.itc-gmbh.shop\/product\/picknick-decke-130-x-150-cm\/"},"modified":"2024-05-27T03:46:01","modified_gmt":"2024-05-27T03:46:01","slug":"picknick-decke-130-x-150-cm","status":"publish","type":"product","link":"https:\/\/wildgear.itc-gmbh.shop\/es\/product\/picknick-decke-130-x-150-cm\/","title":{"rendered":"Picknick-Decke 130 x 150 cm"},"content":{"rendered":"<p>\u00a1Mantente en forma y descubre las \u00faltimas innovaciones del sector para practicar deporte en las mejores condiciones! Comprar ahora <b>Picknick-Decke 130 x 150 cm<\/b> \u00a1al mejor precio y disfruta de una vida sana!<\/p>\n<ul>\n<li>Color: Colorido<\/li>\n<li>Informaci\u00f3n importante:\n<ul>\n<li>Varios dise\u00f1os. Env\u00edo aleatorio y seg\u00fan stock<\/li>\n<li>La imagen puede no mostrar todos los modelos surtidos disponibles<\/li>\n<\/ul>\n<\/li>\n<li>Deporte: Camping<\/li>\n<li>Empfohlene verwendung: Ideal f\u00fcr Picknicks und Campingausfl\u00fcge, sowie f\u00fcr den Garten oder Strand etc.<\/li>\n<li>Pieza: 1 pieza<\/li>\n<li>Caracter\u00edsticas:\n<ul>\n<li>Faltbar\/kompakt<\/li>\n<li>Con asa<\/li>\n<\/ul>\n<\/li>\n<li>Ma\u00dfe ca.: 130 x 150 cm<\/li>\n<\/ul>","protected":false},"excerpt":{"rendered":"<p>Bleiben Sie in Form und entdecken Sie die neuesten Innovationen der Branche, um mit den besten Voraussetzungen Sport zu betreiben! Kaufen Sie Picknick-Decke 130 x 150 cm zum besten Preis und genie\u00dfen Sie ein gesundes Leben! Farbe: Bunt Wichtige informationen: Verschiedene Designs. Versand nach Zufallsprinzip und vom Bestand abh\u00e4ngig Das Bild zeigt m\u00f6glicherweise nicht alle &hellip; <\/p>\n<p class=\"more-link-wrap\"><a href=\"https:\/\/wildgear.itc-gmbh.shop\/es\/product\/picknick-decke-130-x-150-cm\/\" class=\"more-link\"><span>Read More<span class=\"screen-reader-text\"> &#8220;Picknick-Decke 130 x 150 cm&#8221;<\/span><\/span><\/a><\/p>","protected":false},"featured_media":14263,"comment_status":"open","ping_status":"closed","template":"","meta":{"inline_featured_image":false},"product_brand":[],"product_cat":[181,182,180],"product_tag":[177,178],"class_list":{"0":"post-14264","1":"product","2":"type-product","3":"status-publish","4":"has-post-thumbnail","6":"product_cat-camping-und-berge","7":"product_cat-camping-und-bergzubehor","8":"product_cat-sport-freizeit","9":"product_tag-tag_3","10":"product_tag-tag_17","12":"first","13":"instock","14":"taxable","15":"shipping-taxable","16":"purchasable","17":"product-type-simple"},"aioseo_notices":[],"jetpack_sharing_enabled":true,"_links":{"self":[{"href":"https:\/\/wildgear.itc-gmbh.shop\/es\/wp-json\/wp\/v2\/product\/14264","targetHints":{"allow":["GET"]}}],"collection":[{"href":"https:\/\/wildgear.itc-gmbh.shop\/es\/wp-json\/wp\/v2\/product"}],"about":[{"href":"https:\/\/wildgear.itc-gmbh.shop\/es\/wp-json\/wp\/v2\/types\/product"}],"replies":[{"embeddable":true,"href":"https:\/\/wildgear.itc-gmbh.shop\/es\/wp-json\/wp\/v2\/comments?post=14264"}],"wp:featuredmedia":[{"embeddable":true,"href":"https:\/\/wildgear.itc-gmbh.shop\/es\/wp-json\/wp\/v2\/media\/14263"}],"wp:attachment":[{"href":"https:\/\/wildgear.itc-gmbh.shop\/es\/wp-json\/wp\/v2\/media?parent=14264"}],"wp:term":[{"taxonomy":"product_brand","embeddable":true,"href":"https:\/\/wildgear.itc-gmbh.shop\/es\/wp-json\/wp\/v2\/product_brand?post=14264"},{"taxonomy":"product_cat","embeddable":true,"href":"https:\/\/wildgear.itc-gmbh.shop\/es\/wp-json\/wp\/v2\/product_cat?post=14264"},{"taxonomy":"product_tag","embeddable":true,"href":"https:\/\/wildgear.itc-gmbh.shop\/es\/wp-json\/wp\/v2\/product_tag?post=14264"}],"curies":[{"name":"wp","href":"https:\/\/api.w.org\/{rel}","templated":true}]}}