{"id":14451,"date":"2024-05-27T03:48:38","date_gmt":"2024-05-27T03:48:38","guid":{"rendered":"https:\/\/outdoor.itc-gmbh.shop\/product\/trennscheibe-dremel-s456dm-metall-ez-speedclick-multiwerkzeug-o-38-mm\/"},"modified":"2024-09-30T00:00:13","modified_gmt":"2024-09-30T00:00:13","slug":"trennscheibe-dremel-s456dm-metall-ez-speedclick-multiwerkzeug-o-38-mm","status":"publish","type":"product","link":"https:\/\/wildgear.itc-gmbh.shop\/es\/product\/trennscheibe-dremel-s456dm-metall-ez-speedclick-multiwerkzeug-o-38-mm\/","title":{"rendered":"Trennscheibe Dremel S456DM Metall Ez Speedclick Multiwerkzeug \u00d8 38 mm"},"content":{"rendered":"<p>Si valora los detalles a la hora de amueblar su casa y quiere estar al d\u00eda de los productos que le hacen la vida m\u00e1s f\u00e1cil, compre <b>Trennscheibe Dremel S456DM Metall Ez Speedclick Multiwerkzeug \u00d8 38 mm<\/b> al mejor precio.<\/p>\n<ul>\n<li>Empfohlene verwendung: Metall<\/li>\n<li>Art des Ankers: Ez Speedclick<\/li>\n<li>Geeignet f\u00fcr: Multiwerkzeug<\/li>\n<li>Art:\n<ul>\n<li>Trennscheibe<\/li>\n<li>Zubeh\u00f6r f\u00fcr Multi-Tool<\/li>\n<\/ul>\n<\/li>\n<li>Durchmesser: \u00d8 38 mm<\/li>\n<\/ul>","protected":false},"excerpt":{"rendered":"<p>43.5400 &euro; \/ 1 unit<\/p>","protected":false},"featured_media":15804,"comment_status":"open","ping_status":"closed","template":"","meta":{"inline_featured_image":false},"product_brand":[],"product_cat":[181,182,180],"product_tag":[193,188,177],"class_list":{"0":"post-14451","1":"product","2":"type-product","3":"status-publish","4":"has-post-thumbnail","6":"product_cat-camping-und-berge","7":"product_cat-camping-und-bergzubehor","8":"product_cat-sport-freizeit","9":"product_tag-tag_25","10":"product_tag-tag_1304","11":"product_tag-tag_3","13":"first","14":"instock","15":"taxable","16":"shipping-taxable","17":"purchasable","18":"product-type-simple"},"aioseo_notices":[],"jetpack_sharing_enabled":true,"_links":{"self":[{"href":"https:\/\/wildgear.itc-gmbh.shop\/es\/wp-json\/wp\/v2\/product\/14451","targetHints":{"allow":["GET"]}}],"collection":[{"href":"https:\/\/wildgear.itc-gmbh.shop\/es\/wp-json\/wp\/v2\/product"}],"about":[{"href":"https:\/\/wildgear.itc-gmbh.shop\/es\/wp-json\/wp\/v2\/types\/product"}],"replies":[{"embeddable":true,"href":"https:\/\/wildgear.itc-gmbh.shop\/es\/wp-json\/wp\/v2\/comments?post=14451"}],"wp:featuredmedia":[{"embeddable":true,"href":"https:\/\/wildgear.itc-gmbh.shop\/es\/wp-json\/wp\/v2\/media\/15804"}],"wp:attachment":[{"href":"https:\/\/wildgear.itc-gmbh.shop\/es\/wp-json\/wp\/v2\/media?parent=14451"}],"wp:term":[{"taxonomy":"product_brand","embeddable":true,"href":"https:\/\/wildgear.itc-gmbh.shop\/es\/wp-json\/wp\/v2\/product_brand?post=14451"},{"taxonomy":"product_cat","embeddable":true,"href":"https:\/\/wildgear.itc-gmbh.shop\/es\/wp-json\/wp\/v2\/product_cat?post=14451"},{"taxonomy":"product_tag","embeddable":true,"href":"https:\/\/wildgear.itc-gmbh.shop\/es\/wp-json\/wp\/v2\/product_tag?post=14451"}],"curies":[{"name":"wp","href":"https:\/\/api.w.org\/{rel}","templated":true}]}}