{"id":14564,"date":"2024-05-27T03:50:13","date_gmt":"2024-05-27T03:50:13","guid":{"rendered":"https:\/\/outdoor.itc-gmbh.shop\/product\/klappbarer-campingtisch-mit-korb-und-huelle-folble-innovagoods\/"},"modified":"2024-05-27T03:50:28","modified_gmt":"2024-05-27T03:50:28","slug":"klappbarer-campingtisch-mit-korb-und-huelle-folble-innovagoods","status":"publish","type":"product","link":"https:\/\/wildgear.itc-gmbh.shop\/es\/product\/klappbarer-campingtisch-mit-korb-und-huelle-folble-innovagoods\/","title":{"rendered":"Klappbarer Campingtisch mit Korb und H\u00fclle Folble InnovaGoods"},"content":{"rendered":"<div class=\"col-md-6\"><b>InnovaGoods<\/b> le ofrece las \u00faltimas innovaciones para su hogar, como <b>Klappbarer Campingtisch mit Korb und H\u00fclle Folble InnovaGoods <\/b>\u00a1! Descubra una amplia gama de productos de calidad caracterizados por su funcionalidad, eficacia y dise\u00f1o innovador: Iluminaci\u00f3n, organizaci\u00f3n, decoraci\u00f3n, climatizaci\u00f3n, jard\u00edn, mascotas, limpieza, etc.<\/p>\n<p>Este <b>Mesa plegable de camping<\/b> ist perfekt f\u00fcr den Au\u00dfenbereich geeignet. Er l\u00e4sst sich leicht zerlegen und zusammenklappen, um bei der Lagerung Platz zu sparen. Er verf\u00fcgt \u00fcber eine Mesh-Ablage zur Aufbewahrung. Es ist eine Tragetasche inkludiert. Max. unterst\u00fctztes Gewicht: 35 kg.<\/p>\n<p>Ein sehr robuster, stabiler und leichter <b>tragbarer Campingtisch<\/b> mit rutschfesten F\u00fc\u00dfen. Ideal zum Teilen sch\u00f6ner Momente beim Camping, beim Grillen, im Garten, am Strand, auf der Terrasse usw.<\/p>\n<ul>\n<li><b>Zusammenklappbar, platzsparend<\/b>: unser klappbarer Campingtisch verf\u00fcgt \u00fcber ein modernes und praktisches Design, um Platz zu sparen, da er zur Lagerung einfach zerlegt und zusammengeklappt werden kann. Er wurde aus hochwertigen Materialien gefertigt und verf\u00fcgt \u00fcber Metallrahmen und -beine und eine Tischplatte aus Aluminium, die aufgerollt werden kann (Typ Rollladen).<\/li>\n<li><b>Ablagefach<\/b>: dieser originelle klappbare Campingtisch verf\u00fcgt \u00fcber ein integriertes Mesh-Fach unter dem Tisch, um eine Vielzahl von Gegenst\u00e4nden, Lebensmitteln, Spielen, Getr\u00e4nken usw. aufzubewahren und griffbereit zu haben. Dieser untere Mesh-Korb bietet einen bequemen und sehr n\u00fctzlichen zus\u00e4tzlichen Stauraum.<\/li>\n<li><b>Stabil, robust, leicht<\/b>: dieser tragbare Campingtisch ist sehr robust und stabil. Er kann bis zu 35 kg tragen. Seine rutschfesten F\u00fc\u00dfe sorgen f\u00fcr einen festen Halt. Zudem ist er leicht und handlich, sodass er problemlos \u00fcberall hin transportiert werden kann.<\/li>\n<li><b>Vielseitig verwendbar, tragbar<\/b>: unser vielseitiger tragbarer Campingtisch ist ideal f\u00fcr den Au\u00dfenbereich und kann f\u00fcr Picknicks, Grillabende, im Garten, beim Camping, am Strand, auf der Terrasse, auf dem Balkon usw. verwendet werden. Perfekt, um Freizeitmomente mit Familie und Freunden zu teilen. Er kann auch zu Hause als Beistelltisch verwendet werden.&nbsp;<\/li>\n<li><b>Zerlegbar, mit Tragetasche<\/b>: dieser klappbare Campingtisch l\u00e4sst sich gem\u00e4\u00df der mitgelieferten Anleitung ganz einfach und ohne Werkzeug zusammenbauen und wieder zerlegen. Im Lieferumfang ist eine Tragetasche mit Griff enthalten, die als Schutzh\u00fclle dient und einen einfachen Transport und eine bequeme Lagerung erm\u00f6glicht.<\/li>\n<\/ul>\n<ul>\n<li>Material:\n<ul>\n<li>Hierro<\/li>\n<li>Aluminio<\/li>\n<li>Poli\u00e9ster<\/li>\n<li>Polipropileno<\/li>\n<\/ul>\n<\/li>\n<li>Color: Negro<\/li>\n<li>Tipo: Mesa de picnic<\/li>\n<li>Dise\u00f1o moderno: innovador y funcional<\/li>\n<li>Flexible: ahorra espacio<\/li>\n<li>Merkmale: Ablagefach<\/li>\n<li>Pies antideslizantes: agarre fiable<\/li>\n<li>Maximale Stabilit\u00e4t: Bequeme, einfache und sichere Nutzung<\/li>\n<li>Original y manejable: aplicaciones vers\u00e1tiles<\/li>\n<li>Ligero y f\u00e1cil de manejar: F\u00e1cil de transportar y almacenar<\/li>\n<li>Incluye: Bolsa de transporte<\/li>\n<li>leicht zu montieren und demontieren: Montageanleitung<\/li>\n<li>Max. unterst\u00fctztes Gewicht: 35 kg<\/li>\n<li>Empfohlene verwendung: Ideal f\u00fcr Picknicks und Campingausfl\u00fcge, sowie f\u00fcr den Garten oder Strand etc.<\/li>\n<li>Gr\u00f6\u00dfe: Ca.: 15 x 70 x 15 cm<\/li>\n<li>Ungef\u00e4hre Ma\u00dfe entfaltet: 70 x 70 x 69 cm<\/li>\n<\/ul>\n<p>Embalaje e instrucciones en 24 idiomas: Ingl\u00e9s, franc\u00e9s, espa\u00f1ol, alem\u00e1n, italiano, portugu\u00e9s, neerland\u00e9s, polaco, h\u00fangaro, rumano, dan\u00e9s, sueco, fin\u00e9s, lituano, noruego, esloveno, griego, checo, b\u00falgaro, croata, eslovaco, estonio, ruso y let\u00f3n.<\/p><\/div>\n<div class=\"col-md-6\">\n<div class=\"embed-responsive embed-responsive-16by9\"><iframe class=\"embed-responsive-item\" src=\"https:\/\/www.youtube.com\/embed\/R_3BNqIQB9k\" frameborder=\"0\" allowfullscreen><\/iframe><\/div>\n<\/div>","protected":false},"excerpt":{"rendered":"<p>InnovaGoods bietet Ihnen die Neuheiten f\u00fcr Ihr Zuhause, wie zum Beispiel Klappbarer Campingtisch mit Korb und H\u00fclle Folble InnovaGoods ! Entdecken Sie eine breite Palette von Qualit\u00e4tsprodukten, die sich durch Funktionalit\u00e4t, Effizienz und innovatives Design auszeichnen: Beleuchtung, Organisation, Dekoration, Klimaanlage, Garten, Haustiere, Reinigung, etc. Dieser klappbare Campingtisch ist perfekt f\u00fcr den Au\u00dfenbereich geeignet. Er l\u00e4sst &hellip; <\/p>\n<p class=\"more-link-wrap\"><a href=\"https:\/\/wildgear.itc-gmbh.shop\/es\/product\/klappbarer-campingtisch-mit-korb-und-huelle-folble-innovagoods\/\" class=\"more-link\"><span>Read More<span class=\"screen-reader-text\"> &#8220;Klappbarer Campingtisch mit Korb und H\u00fclle Folble InnovaGoods&#8221;<\/span><\/span><\/a><\/p>","protected":false},"featured_media":14563,"comment_status":"open","ping_status":"closed","template":"","meta":{"inline_featured_image":false},"product_brand":[],"product_cat":[181,182,576,571,180],"product_tag":[193,716,179,177],"class_list":{"0":"post-14564","1":"product","2":"type-product","3":"status-publish","4":"has-post-thumbnail","6":"product_cat-camping-und-berge","7":"product_cat-camping-und-bergzubehor","8":"product_cat-garten-und-terrasse","9":"product_cat-heim-garten","10":"product_cat-sport-freizeit","11":"product_tag-tag_25","12":"product_tag-tag_8","13":"product_tag-tag_89","14":"product_tag-tag_3","16":"first","17":"instock","18":"taxable","19":"shipping-taxable","20":"purchasable","21":"product-type-simple"},"aioseo_notices":[],"jetpack_sharing_enabled":true,"_links":{"self":[{"href":"https:\/\/wildgear.itc-gmbh.shop\/es\/wp-json\/wp\/v2\/product\/14564","targetHints":{"allow":["GET"]}}],"collection":[{"href":"https:\/\/wildgear.itc-gmbh.shop\/es\/wp-json\/wp\/v2\/product"}],"about":[{"href":"https:\/\/wildgear.itc-gmbh.shop\/es\/wp-json\/wp\/v2\/types\/product"}],"replies":[{"embeddable":true,"href":"https:\/\/wildgear.itc-gmbh.shop\/es\/wp-json\/wp\/v2\/comments?post=14564"}],"wp:featuredmedia":[{"embeddable":true,"href":"https:\/\/wildgear.itc-gmbh.shop\/es\/wp-json\/wp\/v2\/media\/14563"}],"wp:attachment":[{"href":"https:\/\/wildgear.itc-gmbh.shop\/es\/wp-json\/wp\/v2\/media?parent=14564"}],"wp:term":[{"taxonomy":"product_brand","embeddable":true,"href":"https:\/\/wildgear.itc-gmbh.shop\/es\/wp-json\/wp\/v2\/product_brand?post=14564"},{"taxonomy":"product_cat","embeddable":true,"href":"https:\/\/wildgear.itc-gmbh.shop\/es\/wp-json\/wp\/v2\/product_cat?post=14564"},{"taxonomy":"product_tag","embeddable":true,"href":"https:\/\/wildgear.itc-gmbh.shop\/es\/wp-json\/wp\/v2\/product_tag?post=14564"}],"curies":[{"name":"wp","href":"https:\/\/api.w.org\/{rel}","templated":true}]}}