{"id":14821,"date":"2024-05-27T03:54:16","date_gmt":"2024-05-27T03:54:16","guid":{"rendered":"https:\/\/outdoor.itc-gmbh.shop\/product\/camping-duschbeutel-bestway-schwarz-20-l\/"},"modified":"2024-05-29T00:00:30","modified_gmt":"2024-05-29T00:00:30","slug":"camping-duschbeutel-bestway-schwarz-20-l","status":"publish","type":"product","link":"https:\/\/wildgear.itc-gmbh.shop\/es\/product\/camping-duschbeutel-bestway-schwarz-20-l\/","title":{"rendered":"Camping Duschbeutel Bestway Schwarz 20 L"},"content":{"rendered":"<p>\u00a1Mantente en forma y descubre las \u00faltimas innovaciones del sector para practicar deporte en las mejores condiciones! Comprar ahora <b>Camping Duschbeutel Bestway Schwarz 20 L<\/b> \u00a1al mejor precio y disfruta de una vida sana!<\/p>\n<ul>\n<li>Art: Solar<\/li>\n<li>Capacidad: 20 litros<\/li>\n<li>Empfohlene verwendung: Dusche<\/li>\n<li>Color: Negro<\/li>\n<li>Caracter\u00edsticas:\n<ul>\n<li>Zona exterior<\/li>\n<li>Limpiar con un pa\u00f1o h\u00famedo<\/li>\n<\/ul>\n<\/li>\n<\/ul>","protected":false},"excerpt":{"rendered":"<p>Bleiben Sie in Form und entdecken Sie die neuesten Innovationen der Branche, um mit den besten Voraussetzungen Sport zu betreiben! Kaufen Sie Camping Duschbeutel Bestway Schwarz 20 L zum besten Preis und genie\u00dfen Sie ein gesundes Leben! Art: Solar Kapazit\u00e4t: 20 L Empfohlene verwendung: Dusche Farbe: Schwarz Merkmale: Au\u00dfenbereich Mit einem nassen Tuch reinigen<\/p>","protected":false},"featured_media":14820,"comment_status":"open","ping_status":"closed","template":"","meta":{"inline_featured_image":false},"product_brand":[],"product_cat":[181,182,180],"product_tag":[177,178],"class_list":{"0":"post-14821","1":"product","2":"type-product","3":"status-publish","4":"has-post-thumbnail","6":"product_cat-camping-und-berge","7":"product_cat-camping-und-bergzubehor","8":"product_cat-sport-freizeit","9":"product_tag-tag_3","10":"product_tag-tag_17","12":"first","13":"outofstock","14":"taxable","15":"shipping-taxable","16":"purchasable","17":"product-type-simple"},"aioseo_notices":[],"jetpack_sharing_enabled":true,"_links":{"self":[{"href":"https:\/\/wildgear.itc-gmbh.shop\/es\/wp-json\/wp\/v2\/product\/14821","targetHints":{"allow":["GET"]}}],"collection":[{"href":"https:\/\/wildgear.itc-gmbh.shop\/es\/wp-json\/wp\/v2\/product"}],"about":[{"href":"https:\/\/wildgear.itc-gmbh.shop\/es\/wp-json\/wp\/v2\/types\/product"}],"replies":[{"embeddable":true,"href":"https:\/\/wildgear.itc-gmbh.shop\/es\/wp-json\/wp\/v2\/comments?post=14821"}],"wp:featuredmedia":[{"embeddable":true,"href":"https:\/\/wildgear.itc-gmbh.shop\/es\/wp-json\/wp\/v2\/media\/14820"}],"wp:attachment":[{"href":"https:\/\/wildgear.itc-gmbh.shop\/es\/wp-json\/wp\/v2\/media?parent=14821"}],"wp:term":[{"taxonomy":"product_brand","embeddable":true,"href":"https:\/\/wildgear.itc-gmbh.shop\/es\/wp-json\/wp\/v2\/product_brand?post=14821"},{"taxonomy":"product_cat","embeddable":true,"href":"https:\/\/wildgear.itc-gmbh.shop\/es\/wp-json\/wp\/v2\/product_cat?post=14821"},{"taxonomy":"product_tag","embeddable":true,"href":"https:\/\/wildgear.itc-gmbh.shop\/es\/wp-json\/wp\/v2\/product_tag?post=14821"}],"curies":[{"name":"wp","href":"https:\/\/api.w.org\/{rel}","templated":true}]}}