{"id":14972,"date":"2024-05-27T03:56:22","date_gmt":"2024-05-27T03:56:22","guid":{"rendered":"https:\/\/outdoor.itc-gmbh.shop\/product\/fernglaeser-bresser\/"},"modified":"2024-05-27T03:56:29","modified_gmt":"2024-05-27T03:56:29","slug":"fernglaeser-bresser","status":"publish","type":"product","link":"https:\/\/wildgear.itc-gmbh.shop\/es\/product\/fernglaeser-bresser\/","title":{"rendered":"Ferngl\u00e4ser Bresser"},"content":{"rendered":"<p>Si le apasiona <b>Inform\u00e1tica y electr\u00f3nica<\/b> quiere estar a la \u00faltima en tecnolog\u00eda y no perderse ni el m\u00e1s m\u00ednimo detalle, compre <b>Ferngl\u00e4ser Bresser<\/b>.<\/p>\n<ul>\n<li>Tipo: Prism\u00e1tico\/Binocular<\/li>\n<li>Material: Kautschuk<\/li>\n<li>Caracter\u00edsticas: Flexible<\/li>\n<li>Sexo: Para ni\u00f1os<\/li>\n<li>Incluye: Funda de transporte<\/li>\n<\/ul>","protected":false},"excerpt":{"rendered":"<p>Wenn Sie sich leidenschaftlich mit IT und Elektronik besch\u00e4ftigen, mit der Technologie auf dem neuesten Stand sein wollen und nicht einmal die winzigsten Einzelheiten auslassen, kaufen Sie Ferngl\u00e4ser Bresser. Art: Prismatisch\/Binokular Material: Kautschuk Merkmale: Biegsam Geschlecht: F\u00fcr Kinder Enthalten: Transporth\u00fclle<\/p>","protected":false},"featured_media":14971,"comment_status":"open","ping_status":"closed","template":"","meta":{"inline_featured_image":false},"product_brand":[],"product_cat":[181,732,180],"product_tag":[188,474,208],"class_list":{"0":"post-14972","1":"product","2":"type-product","3":"status-publish","4":"has-post-thumbnail","6":"product_cat-camping-und-berge","7":"product_cat-fernglaser","8":"product_cat-sport-freizeit","9":"product_tag-tag_1304","10":"product_tag-tag_152","11":"product_tag-tag_650","13":"first","14":"instock","15":"taxable","16":"shipping-taxable","17":"purchasable","18":"product-type-simple"},"aioseo_notices":[],"jetpack_sharing_enabled":true,"_links":{"self":[{"href":"https:\/\/wildgear.itc-gmbh.shop\/es\/wp-json\/wp\/v2\/product\/14972","targetHints":{"allow":["GET"]}}],"collection":[{"href":"https:\/\/wildgear.itc-gmbh.shop\/es\/wp-json\/wp\/v2\/product"}],"about":[{"href":"https:\/\/wildgear.itc-gmbh.shop\/es\/wp-json\/wp\/v2\/types\/product"}],"replies":[{"embeddable":true,"href":"https:\/\/wildgear.itc-gmbh.shop\/es\/wp-json\/wp\/v2\/comments?post=14972"}],"wp:featuredmedia":[{"embeddable":true,"href":"https:\/\/wildgear.itc-gmbh.shop\/es\/wp-json\/wp\/v2\/media\/14971"}],"wp:attachment":[{"href":"https:\/\/wildgear.itc-gmbh.shop\/es\/wp-json\/wp\/v2\/media?parent=14972"}],"wp:term":[{"taxonomy":"product_brand","embeddable":true,"href":"https:\/\/wildgear.itc-gmbh.shop\/es\/wp-json\/wp\/v2\/product_brand?post=14972"},{"taxonomy":"product_cat","embeddable":true,"href":"https:\/\/wildgear.itc-gmbh.shop\/es\/wp-json\/wp\/v2\/product_cat?post=14972"},{"taxonomy":"product_tag","embeddable":true,"href":"https:\/\/wildgear.itc-gmbh.shop\/es\/wp-json\/wp\/v2\/product_tag?post=14972"}],"curies":[{"name":"wp","href":"https:\/\/api.w.org\/{rel}","templated":true}]}}