{"id":15077,"date":"2024-06-04T00:00:13","date_gmt":"2024-06-04T00:00:13","guid":{"rendered":"https:\/\/outdoor.itc-gmbh.shop\/product\/multiwerkzeug-powerplus-powe80060-135-w-230-v\/"},"modified":"2024-06-04T00:00:18","modified_gmt":"2024-06-04T00:00:18","slug":"multiwerkzeug-powerplus-powe80060-135-w-230-v","status":"publish","type":"product","link":"https:\/\/wildgear.itc-gmbh.shop\/es\/product\/multiwerkzeug-powerplus-powe80060-135-w-230-v\/","title":{"rendered":"Multiwerkzeug Powerplus POWE80060 135 W 230 V"},"content":{"rendered":"<p>Si valora los detalles a la hora de amueblar su casa y quiere estar al d\u00eda de los productos que le hacen la vida m\u00e1s f\u00e1cil, compre <b>Multiwerkzeug Powerplus POWE80060 135 W 230 V<\/b> al mejor precio.<\/p>\n<ul>\n<li>Tipo de enchufe: enchufe UE<\/li>\n<li>Producto enchufable: S\u00ed<\/li>\n<li>Stromquelle: Elektrokabel.<\/li>\n<li>Incluido:\n<ul>\n<li>Malet\u00edn<\/li>\n<li>Zubeh\u00f6r x 40<\/li>\n<\/ul>\n<\/li>\n<li>Tipo: Multiherramienta<\/li>\n<li>Uso recomendado:\n<ul>\n<li>Pl\u00e1stico<\/li>\n<li>Metal<\/li>\n<li>Madera<\/li>\n<li>Grabado y escultura<\/li>\n<li>Bucles<\/li>\n<li>Pulido<\/li>\n<\/ul>\n<\/li>\n<li>Leistung: 135 W<\/li>\n<li>Geschwindigkeit: 32500 RPM<\/li>\n<li>Spannung: 230 V<\/li>\n<\/ul>","protected":false},"excerpt":{"rendered":"<p>Wenn Sie bei der Einrichtung ihres Heims Wert auf Details legen und bei Produkten, die Ihnen das Leben leichter machen, auf dem letzten Stand sein m\u00f6chten, dann kaufen Sie Multiwerkzeug Powerplus POWE80060 135 W 230 V zum besten Preis. Steckertyp: EU-Stecker Steckbares Produkt: Ja Stromquelle: Elektrokabel. Enthalten: Aktentasche Zubeh\u00f6r x 40 Art: Multi-Werkzeug Empfohlene verwendung: &hellip; <\/p>\n<p class=\"more-link-wrap\"><a href=\"https:\/\/wildgear.itc-gmbh.shop\/es\/product\/multiwerkzeug-powerplus-powe80060-135-w-230-v\/\" class=\"more-link\"><span>Read More<span class=\"screen-reader-text\"> &#8220;Multiwerkzeug Powerplus POWE80060 135 W 230 V&#8221;<\/span><\/span><\/a><\/p>","protected":false},"featured_media":15076,"comment_status":"open","ping_status":"closed","template":"","meta":{"inline_featured_image":false},"product_brand":[],"product_cat":[181,182,180],"product_tag":[193,188,177],"class_list":{"0":"post-15077","1":"product","2":"type-product","3":"status-publish","4":"has-post-thumbnail","6":"product_cat-camping-und-berge","7":"product_cat-camping-und-bergzubehor","8":"product_cat-sport-freizeit","9":"product_tag-tag_25","10":"product_tag-tag_1304","11":"product_tag-tag_3","13":"first","14":"outofstock","15":"taxable","16":"shipping-taxable","17":"purchasable","18":"product-type-simple"},"aioseo_notices":[],"jetpack_sharing_enabled":true,"_links":{"self":[{"href":"https:\/\/wildgear.itc-gmbh.shop\/es\/wp-json\/wp\/v2\/product\/15077","targetHints":{"allow":["GET"]}}],"collection":[{"href":"https:\/\/wildgear.itc-gmbh.shop\/es\/wp-json\/wp\/v2\/product"}],"about":[{"href":"https:\/\/wildgear.itc-gmbh.shop\/es\/wp-json\/wp\/v2\/types\/product"}],"replies":[{"embeddable":true,"href":"https:\/\/wildgear.itc-gmbh.shop\/es\/wp-json\/wp\/v2\/comments?post=15077"}],"wp:featuredmedia":[{"embeddable":true,"href":"https:\/\/wildgear.itc-gmbh.shop\/es\/wp-json\/wp\/v2\/media\/15076"}],"wp:attachment":[{"href":"https:\/\/wildgear.itc-gmbh.shop\/es\/wp-json\/wp\/v2\/media?parent=15077"}],"wp:term":[{"taxonomy":"product_brand","embeddable":true,"href":"https:\/\/wildgear.itc-gmbh.shop\/es\/wp-json\/wp\/v2\/product_brand?post=15077"},{"taxonomy":"product_cat","embeddable":true,"href":"https:\/\/wildgear.itc-gmbh.shop\/es\/wp-json\/wp\/v2\/product_cat?post=15077"},{"taxonomy":"product_tag","embeddable":true,"href":"https:\/\/wildgear.itc-gmbh.shop\/es\/wp-json\/wp\/v2\/product_tag?post=15077"}],"curies":[{"name":"wp","href":"https:\/\/api.w.org\/{rel}","templated":true}]}}