{"id":15435,"date":"2024-08-26T00:00:15","date_gmt":"2024-08-26T00:00:15","guid":{"rendered":"https:\/\/outdoor.itc-gmbh.shop\/product\/picknick-set-sonic-fuer-kinder\/"},"modified":"2024-09-14T00:00:28","modified_gmt":"2024-09-14T00:00:28","slug":"picknick-set-sonic-fuer-kinder","status":"publish","type":"product","link":"https:\/\/wildgear.itc-gmbh.shop\/es\/product\/picknick-set-sonic-fuer-kinder\/","title":{"rendered":"Picknick-Set Sonic F\u00fcr Kinder"},"content":{"rendered":"<p>Con estas sugerencias que har\u00e1n las delicias de grandes y peque\u00f1os, \u00a1la diversi\u00f3n veraniega est\u00e1 garantizada! Comprar <b>Picknick-Set Sonic F\u00fcr Kinder<\/b>... \u00a1y disfruta de tu tiempo libre!<\/p>\n<ul>\n<li>Art:\n<ul>\n<li>Para ni\u00f1os<\/li>\n<li>Set de picnic<\/li>\n<\/ul>\n<\/li>\n<li>Incluido:\n<ul>\n<li>Taz\u00f3n<\/li>\n<li>Vaso para beber<\/li>\n<li>Cuchara<\/li>\n<li>Horquilla<\/li>\n<li>Placa<\/li>\n<\/ul>\n<\/li>\n<li>Caracter\u00edsticas: Apto para microondas<\/li>\n<li>Material: Polipropileno<\/li>\n<\/ul>","protected":false},"excerpt":{"rendered":"<p>Mit diesen Vorschl\u00e4gen, die Jung und Alt begeistern werden, ist der Sommerspa\u00df garantiert! Kaufen Sie Picknick-Set Sonic F\u00fcr Kinder] und genie\u00dfen Sie Ihre Freizeit! Art: F\u00fcr Kinder Picknick-Set Enthalten: Sch\u00fcssel Trinkglas L\u00f6ffel Gabel Teller Merkmale: Geeignet f\u00fcr Mikrowelle Material: Polypropylen<\/p>","protected":false},"featured_media":15632,"comment_status":"open","ping_status":"closed","template":"","meta":{"inline_featured_image":false},"product_brand":[],"product_cat":[181,182,180],"product_tag":[218,177,178],"class_list":{"0":"post-15435","1":"product","2":"type-product","3":"status-publish","4":"has-post-thumbnail","6":"product_cat-camping-und-berge","7":"product_cat-camping-und-bergzubehor","8":"product_cat-sport-freizeit","9":"product_tag-tag_36","10":"product_tag-tag_3","11":"product_tag-tag_17","13":"first","14":"outofstock","15":"taxable","16":"shipping-taxable","17":"purchasable","18":"product-type-simple"},"aioseo_notices":[],"jetpack_sharing_enabled":true,"_links":{"self":[{"href":"https:\/\/wildgear.itc-gmbh.shop\/es\/wp-json\/wp\/v2\/product\/15435","targetHints":{"allow":["GET"]}}],"collection":[{"href":"https:\/\/wildgear.itc-gmbh.shop\/es\/wp-json\/wp\/v2\/product"}],"about":[{"href":"https:\/\/wildgear.itc-gmbh.shop\/es\/wp-json\/wp\/v2\/types\/product"}],"replies":[{"embeddable":true,"href":"https:\/\/wildgear.itc-gmbh.shop\/es\/wp-json\/wp\/v2\/comments?post=15435"}],"wp:featuredmedia":[{"embeddable":true,"href":"https:\/\/wildgear.itc-gmbh.shop\/es\/wp-json\/wp\/v2\/media\/15632"}],"wp:attachment":[{"href":"https:\/\/wildgear.itc-gmbh.shop\/es\/wp-json\/wp\/v2\/media?parent=15435"}],"wp:term":[{"taxonomy":"product_brand","embeddable":true,"href":"https:\/\/wildgear.itc-gmbh.shop\/es\/wp-json\/wp\/v2\/product_brand?post=15435"},{"taxonomy":"product_cat","embeddable":true,"href":"https:\/\/wildgear.itc-gmbh.shop\/es\/wp-json\/wp\/v2\/product_cat?post=15435"},{"taxonomy":"product_tag","embeddable":true,"href":"https:\/\/wildgear.itc-gmbh.shop\/es\/wp-json\/wp\/v2\/product_tag?post=15435"}],"curies":[{"name":"wp","href":"https:\/\/api.w.org\/{rel}","templated":true}]}}