{"id":15835,"date":"2024-10-01T00:00:37","date_gmt":"2024-10-01T00:00:37","guid":{"rendered":"https:\/\/outdoor.itc-gmbh.shop\/product\/hut-champion-804671-em515-grau-einheitsgroesse\/"},"modified":"2024-10-01T00:00:37","modified_gmt":"2024-10-01T00:00:37","slug":"hut-champion-804671-em515-grau-einheitsgroesse","status":"publish","type":"product","link":"https:\/\/wildgear.itc-gmbh.shop\/es\/product\/hut-champion-804671-em515-grau-einheitsgroesse\/","title":{"rendered":"Hut Champion 804671-EM515 Grau Einheitsgr\u00f6\u00dfe"},"content":{"rendered":"<p>\u00a1Mantente en forma y descubre las \u00faltimas innovaciones del sector para practicar deporte en las mejores condiciones! Comprar ahora <b>Hut Champion 804671-EM515 Grau Einheitsgr\u00f6\u00dfe<\/b> \u00a1al mejor precio y disfruta de una vida sana!<\/p>\n<ul>\n<li>Color: Gris<\/li>\n<li>Talla: \u00fanica<\/li>\n<li>G\u00e9nero:\n<ul>\n<li>Unisex<\/li>\n<li>Adultos unisex<\/li>\n<\/ul>\n<\/li>\n<li>Edad recomendada: Adultos<\/li>\n<\/ul>","protected":false},"excerpt":{"rendered":"<p>Bleiben Sie in Form und entdecken Sie die neuesten Innovationen der Branche, um mit den besten Voraussetzungen Sport zu betreiben! Kaufen Sie Hut Champion 804671-EM515 Grau Einheitsgr\u00f6\u00dfe zum besten Preis und genie\u00dfen Sie ein gesundes Leben! Farbe: Grau Gr\u00f6\u00dfe: Einheitsgr\u00f6\u00dfe Geschlecht: Unisex Unisex-Erwachsene Empfohlenes Alter: Erwachsene<\/p>","protected":false},"featured_media":15834,"comment_status":"open","ping_status":"closed","template":"","meta":{"inline_featured_image":false},"product_brand":[],"product_cat":[234,181,180],"product_tag":[177,178,222],"class_list":{"0":"post-15835","1":"product","2":"type-product","3":"status-publish","4":"has-post-thumbnail","6":"product_cat-bergkleidung","7":"product_cat-camping-und-berge","8":"product_cat-sport-freizeit","9":"product_tag-tag_3","10":"product_tag-tag_17","11":"product_tag-tag_587","13":"first","14":"instock","15":"taxable","16":"shipping-taxable","17":"purchasable","18":"product-type-simple"},"aioseo_notices":[],"jetpack_sharing_enabled":true,"_links":{"self":[{"href":"https:\/\/wildgear.itc-gmbh.shop\/es\/wp-json\/wp\/v2\/product\/15835","targetHints":{"allow":["GET"]}}],"collection":[{"href":"https:\/\/wildgear.itc-gmbh.shop\/es\/wp-json\/wp\/v2\/product"}],"about":[{"href":"https:\/\/wildgear.itc-gmbh.shop\/es\/wp-json\/wp\/v2\/types\/product"}],"replies":[{"embeddable":true,"href":"https:\/\/wildgear.itc-gmbh.shop\/es\/wp-json\/wp\/v2\/comments?post=15835"}],"wp:featuredmedia":[{"embeddable":true,"href":"https:\/\/wildgear.itc-gmbh.shop\/es\/wp-json\/wp\/v2\/media\/15834"}],"wp:attachment":[{"href":"https:\/\/wildgear.itc-gmbh.shop\/es\/wp-json\/wp\/v2\/media?parent=15835"}],"wp:term":[{"taxonomy":"product_brand","embeddable":true,"href":"https:\/\/wildgear.itc-gmbh.shop\/es\/wp-json\/wp\/v2\/product_brand?post=15835"},{"taxonomy":"product_cat","embeddable":true,"href":"https:\/\/wildgear.itc-gmbh.shop\/es\/wp-json\/wp\/v2\/product_cat?post=15835"},{"taxonomy":"product_tag","embeddable":true,"href":"https:\/\/wildgear.itc-gmbh.shop\/es\/wp-json\/wp\/v2\/product_tag?post=15835"}],"curies":[{"name":"wp","href":"https:\/\/api.w.org\/{rel}","templated":true}]}}