{"id":16017,"date":"2024-10-02T00:03:06","date_gmt":"2024-10-02T00:03:06","guid":{"rendered":"https:\/\/outdoor.itc-gmbh.shop\/product\/hut-champion-804671-bs501-schwarz-einheitsgroesse\/"},"modified":"2024-10-02T00:03:06","modified_gmt":"2024-10-02T00:03:06","slug":"hut-champion-804671-bs501-schwarz-einheitsgroesse","status":"publish","type":"product","link":"https:\/\/wildgear.itc-gmbh.shop\/es\/product\/hut-champion-804671-bs501-schwarz-einheitsgroesse\/","title":{"rendered":"Hut Champion 804671-BS501 Schwarz Einheitsgr\u00f6\u00dfe"},"content":{"rendered":"<p>Si desea renovar su vestuario, le recomendamos <b>Hut Champion 804671-BS501 Schwarz Einheitsgr\u00f6\u00dfe<\/b> y m\u00e1s <b> Productos de Champion<\/b>\u00a1! \u00a1Ahora para usted la mejor calidad al mejor precio!<\/p>\n<ul>\n<li>Tipo: Sombrero<\/li>\n<li>Color: Negro<\/li>\n<li>Sexo: Unisex<\/li>\n<li>Edad recomendada: Adultos<\/li>\n<li>Talla: \u00fanica<\/li>\n<li>Material: 100 poli\u00e9ster %<\/li>\n<\/ul>","protected":false},"excerpt":{"rendered":"<p>Wenn Sie Ihren Kleiderschrank erneuern m\u00f6chten, empfehlen wir Ihnen Hut Champion 804671-BS501 Schwarz Einheitsgr\u00f6\u00dfe und weitere Produkte von Champion! Jetzt f\u00fcr Sie die beste Qualit\u00e4t zum besten Preis! Art: Hut Farbe: Schwarz Geschlecht: Unisex Empfohlenes Alter: Erwachsene Gr\u00f6\u00dfe: Einheitsgr\u00f6\u00dfe Material: 100 % polyester<\/p>","protected":false},"featured_media":16015,"comment_status":"open","ping_status":"closed","template":"","meta":{"inline_featured_image":false},"product_brand":[],"product_cat":[234,181,180],"product_tag":[213,178,222],"class_list":{"0":"post-16017","1":"product","2":"type-product","3":"status-publish","4":"has-post-thumbnail","6":"product_cat-bergkleidung","7":"product_cat-camping-und-berge","8":"product_cat-sport-freizeit","9":"product_tag-tag_69","10":"product_tag-tag_17","11":"product_tag-tag_587","13":"first","14":"instock","15":"taxable","16":"shipping-taxable","17":"purchasable","18":"product-type-simple"},"aioseo_notices":[],"jetpack_sharing_enabled":true,"_links":{"self":[{"href":"https:\/\/wildgear.itc-gmbh.shop\/es\/wp-json\/wp\/v2\/product\/16017","targetHints":{"allow":["GET"]}}],"collection":[{"href":"https:\/\/wildgear.itc-gmbh.shop\/es\/wp-json\/wp\/v2\/product"}],"about":[{"href":"https:\/\/wildgear.itc-gmbh.shop\/es\/wp-json\/wp\/v2\/types\/product"}],"replies":[{"embeddable":true,"href":"https:\/\/wildgear.itc-gmbh.shop\/es\/wp-json\/wp\/v2\/comments?post=16017"}],"wp:featuredmedia":[{"embeddable":true,"href":"https:\/\/wildgear.itc-gmbh.shop\/es\/wp-json\/wp\/v2\/media\/16015"}],"wp:attachment":[{"href":"https:\/\/wildgear.itc-gmbh.shop\/es\/wp-json\/wp\/v2\/media?parent=16017"}],"wp:term":[{"taxonomy":"product_brand","embeddable":true,"href":"https:\/\/wildgear.itc-gmbh.shop\/es\/wp-json\/wp\/v2\/product_brand?post=16017"},{"taxonomy":"product_cat","embeddable":true,"href":"https:\/\/wildgear.itc-gmbh.shop\/es\/wp-json\/wp\/v2\/product_cat?post=16017"},{"taxonomy":"product_tag","embeddable":true,"href":"https:\/\/wildgear.itc-gmbh.shop\/es\/wp-json\/wp\/v2\/product_tag?post=16017"}],"curies":[{"name":"wp","href":"https:\/\/api.w.org\/{rel}","templated":true}]}}