{"id":16803,"date":"2024-10-06T00:01:11","date_gmt":"2024-10-06T00:01:11","guid":{"rendered":"https:\/\/outdoor.itc-gmbh.shop\/product\/sportsocken-john-smith-c-12220-weiss-3-stueck\/"},"modified":"2024-10-06T00:10:17","modified_gmt":"2024-10-06T00:10:17","slug":"sportsocken-john-smith-c-12220-weiss-3-stueck","status":"publish","type":"product","link":"https:\/\/wildgear.itc-gmbh.shop\/es\/product\/sportsocken-john-smith-c-12220-weiss-3-stueck\/","title":{"rendered":"Sportsocken John Smith C-12220 Wei\u00df 3 St\u00fcck"},"content":{"rendered":"<p>Si desea renovar su vestuario, le recomendamos <b>Sportsocken John Smith C-12220 Wei\u00df 3 St\u00fcck<\/b> y m\u00e1s <b> Produkte von John Smith<\/b>\u00a1! \u00a1Ahora para usted la mejor calidad al mejor precio!<\/p>\n<ul>\n<li>Tipo: Calcetines<\/li>\n<li>Incluye: 3 pares<\/li>\n<li>Pieza: 3 piezas<\/li>\n<li>Color: blanco<\/li>\n<li>Sexo: Unisex<\/li>\n<li>Edad recomendada: Adultos<\/li>\n<li>Material:\n<ul>\n<li>80 % Baumwolle<\/li>\n<li>3 % Elastan<\/li>\n<\/ul>\n<\/li>\n<\/ul>","protected":false},"excerpt":{"rendered":"<p>Wenn Sie Ihren Kleiderschrank erneuern m\u00f6chten, empfehlen wir Ihnen Sportsocken John Smith C-12220 Wei\u00df 3 St\u00fcck und weitere Produkte von John Smith! Jetzt f\u00fcr Sie die beste Qualit\u00e4t zum besten Preis! Art: Socken Enthalten: 3 Paar St\u00fcck: 3 St\u00fcck Farbe: Wei\u00df Geschlecht: Unisex Empfohlenes Alter: Erwachsene Material: 80 % Baumwolle 3 % Elastan<\/p>","protected":false},"featured_media":16801,"comment_status":"open","ping_status":"closed","template":"","meta":{"inline_featured_image":false},"product_brand":[],"product_cat":[234,181,180],"product_tag":[221,213,178,220],"class_list":{"0":"post-16803","1":"product","2":"type-product","3":"status-publish","4":"has-post-thumbnail","6":"product_cat-bergkleidung","7":"product_cat-camping-und-berge","8":"product_cat-sport-freizeit","9":"product_tag-tag_1273","10":"product_tag-tag_69","11":"product_tag-tag_17","12":"product_tag-tag_575","14":"first","15":"instock","16":"taxable","17":"shipping-taxable","18":"purchasable","19":"product-type-variable"},"aioseo_notices":[],"jetpack_sharing_enabled":true,"_links":{"self":[{"href":"https:\/\/wildgear.itc-gmbh.shop\/es\/wp-json\/wp\/v2\/product\/16803","targetHints":{"allow":["GET"]}}],"collection":[{"href":"https:\/\/wildgear.itc-gmbh.shop\/es\/wp-json\/wp\/v2\/product"}],"about":[{"href":"https:\/\/wildgear.itc-gmbh.shop\/es\/wp-json\/wp\/v2\/types\/product"}],"replies":[{"embeddable":true,"href":"https:\/\/wildgear.itc-gmbh.shop\/es\/wp-json\/wp\/v2\/comments?post=16803"}],"wp:featuredmedia":[{"embeddable":true,"href":"https:\/\/wildgear.itc-gmbh.shop\/es\/wp-json\/wp\/v2\/media\/16801"}],"wp:attachment":[{"href":"https:\/\/wildgear.itc-gmbh.shop\/es\/wp-json\/wp\/v2\/media?parent=16803"}],"wp:term":[{"taxonomy":"product_brand","embeddable":true,"href":"https:\/\/wildgear.itc-gmbh.shop\/es\/wp-json\/wp\/v2\/product_brand?post=16803"},{"taxonomy":"product_cat","embeddable":true,"href":"https:\/\/wildgear.itc-gmbh.shop\/es\/wp-json\/wp\/v2\/product_cat?post=16803"},{"taxonomy":"product_tag","embeddable":true,"href":"https:\/\/wildgear.itc-gmbh.shop\/es\/wp-json\/wp\/v2\/product_tag?post=16803"}],"curies":[{"name":"wp","href":"https:\/\/api.w.org\/{rel}","templated":true}]}}