{"id":2488,"date":"2024-05-27T00:02:59","date_gmt":"2024-05-27T00:02:59","guid":{"rendered":"https:\/\/outdoor.itc-gmbh.shop\/product\/trampolin-salta-5426p-o-140-cm\/"},"modified":"2024-05-27T00:03:07","modified_gmt":"2024-05-27T00:03:07","slug":"trampolin-salta-5426p-o-140-cm","status":"publish","type":"product","link":"https:\/\/wildgear.itc-gmbh.shop\/es\/product\/trampolin-salta-5426p-o-140-cm\/","title":{"rendered":"Cama el\u00e1stica Salta 5426P \u00d8 140 cm"},"content":{"rendered":"<p>\u00a1Mantente en forma y descubre las \u00faltimas innovaciones del sector para practicar deporte en las mejores condiciones! Comprar ahora <b>Cama el\u00e1stica Salta 5426P \u00d8 140 cm<\/b> \u00a1al mejor precio y disfruta de una vida sana!<\/p>\n<ul>\n<li>Color:\n<ul>\n<li>Negro<\/li>\n<li>Rosa<\/li>\n<li>Schwarzwei\u00df<\/li>\n<\/ul>\n<\/li>\n<li>Durchmesser: \u00d8 140 cm<\/li>\n<li>Max. unterst\u00fctztes Gewicht: 35 kg<\/li>\n<li>Art: Kindertrampolin mit Sicherheitsnetz<\/li>\n<li>Material: Acero<\/li>\n<li>Cierre pulsera: cremallera<\/li>\n<li>Edad recomendada:\n<ul>\n<li>+ 3 a\u00f1os<\/li>\n<li>Ni\u00f1os<\/li>\n<\/ul>\n<\/li>\n<li>Design: rund<\/li>\n<\/ul>","protected":false},"excerpt":{"rendered":"<p>Bleiben Sie in Form und entdecken Sie die neuesten Innovationen der Branche, um mit den besten Voraussetzungen Sport zu betreiben! Kaufen Sie Trampolin Salta 5426P \u00d8 140 cm zum besten Preis und genie\u00dfen Sie ein gesundes Leben! Farbe: Schwarz Rosa Schwarzwei\u00df Durchmesser: \u00d8 140 cm Max. unterst\u00fctztes Gewicht: 35 kg Art: Kindertrampolin mit Sicherheitsnetz Material: &hellip; <\/p>\n<p class=\"more-link-wrap\"><a href=\"https:\/\/wildgear.itc-gmbh.shop\/es\/product\/trampolin-salta-5426p-o-140-cm\/\" class=\"more-link\"><span>Read More<span class=\"screen-reader-text\"> &#8220;Trampolin Salta 5426P \u00d8 140 cm&#8221;<\/span><\/span><\/a><\/p>","protected":false},"featured_media":2487,"comment_status":"open","ping_status":"closed","template":"","meta":{"inline_featured_image":false},"product_brand":[],"product_cat":[211,180],"product_tag":[213,178,214],"class_list":{"0":"post-2488","1":"product","2":"type-product","3":"status-publish","4":"has-post-thumbnail","6":"product_cat-outdoor-aktivitaten","7":"product_cat-sport-freizeit","8":"product_tag-tag_69","9":"product_tag-tag_17","10":"product_tag-tag_1294","12":"first","13":"outofstock","14":"taxable","15":"shipping-taxable","16":"purchasable","17":"product-type-simple"},"aioseo_notices":[],"jetpack_sharing_enabled":true,"_links":{"self":[{"href":"https:\/\/wildgear.itc-gmbh.shop\/es\/wp-json\/wp\/v2\/product\/2488","targetHints":{"allow":["GET"]}}],"collection":[{"href":"https:\/\/wildgear.itc-gmbh.shop\/es\/wp-json\/wp\/v2\/product"}],"about":[{"href":"https:\/\/wildgear.itc-gmbh.shop\/es\/wp-json\/wp\/v2\/types\/product"}],"replies":[{"embeddable":true,"href":"https:\/\/wildgear.itc-gmbh.shop\/es\/wp-json\/wp\/v2\/comments?post=2488"}],"wp:featuredmedia":[{"embeddable":true,"href":"https:\/\/wildgear.itc-gmbh.shop\/es\/wp-json\/wp\/v2\/media\/2487"}],"wp:attachment":[{"href":"https:\/\/wildgear.itc-gmbh.shop\/es\/wp-json\/wp\/v2\/media?parent=2488"}],"wp:term":[{"taxonomy":"product_brand","embeddable":true,"href":"https:\/\/wildgear.itc-gmbh.shop\/es\/wp-json\/wp\/v2\/product_brand?post=2488"},{"taxonomy":"product_cat","embeddable":true,"href":"https:\/\/wildgear.itc-gmbh.shop\/es\/wp-json\/wp\/v2\/product_cat?post=2488"},{"taxonomy":"product_tag","embeddable":true,"href":"https:\/\/wildgear.itc-gmbh.shop\/es\/wp-json\/wp\/v2\/product_tag?post=2488"}],"curies":[{"name":"wp","href":"https:\/\/api.w.org\/{rel}","templated":true}]}}