{"id":2514,"date":"2024-05-27T00:03:45","date_gmt":"2024-05-27T00:03:45","guid":{"rendered":"https:\/\/outdoor.itc-gmbh.shop\/product\/schaukel-intex-44120-wippe-251-x-211-x-254-cm\/"},"modified":"2024-05-27T00:03:56","modified_gmt":"2024-05-27T00:03:56","slug":"schaukel-intex-44120-wippe-251-x-211-x-254-cm","status":"publish","type":"product","link":"https:\/\/wildgear.itc-gmbh.shop\/es\/product\/schaukel-intex-44120-wippe-251-x-211-x-254-cm\/","title":{"rendered":"Balanc\u00edn Intex 44120 251 x 211 x 254 cm"},"content":{"rendered":"<p>S\u00f3lo queremos lo mejor para nuestros hijos, por eso queremos ofrecerte <b>Balanc\u00edn Intex 44120 251 x 211 x 254 cm<\/b> perfecto para quienes buscan productos de alta calidad para sus peque\u00f1os. Comprar ahora <b>Intex<\/b> a los mejores precios<\/p>\n<ul>\n<li>Incluido:\n<ul>\n<li>Wippe<\/li>\n<li>Befestigungselemente<\/li>\n<\/ul>\n<\/li>\n<li>Erfordert Montage: Ja<\/li>\n<li>Color:\n<ul>\n<li>Azul<\/li>\n<li>verde<\/li>\n<li>Orange<\/li>\n<\/ul>\n<\/li>\n<li>Art: Schaukel<\/li>\n<li>Zertifikat: CE<\/li>\n<li>Material:\n<ul>\n<li>Acero<\/li>\n<li>Polipropileno<\/li>\n<li>TPU<\/li>\n<\/ul>\n<\/li>\n<li>Merkmale: Einstellbare H\u00f6he<\/li>\n<li>Empfohlenes Alter: 3-10 Jahre<\/li>\n<li>Max. unterst\u00fctztes Gewicht: 144 Kg<\/li>\n<li>Ma\u00dfe ca.: 251 x 211 x 254 cm<\/li>\n<\/ul>","protected":false},"excerpt":{"rendered":"<p>F\u00fcr unsere Kinder m\u00f6chten wir nur das Beste, und deshalb m\u00f6chten wir Ihnen Schaukel Intex 44120 Wippe 251 x 211 x 254 cm vorstellen, perfekt f\u00fcr alle, die qualitativ hochwertige Produkte f\u00fcr die Kleinsten suchen. Kaufen Sie Intex zu den besten Preisen! Enthalten: Wippe Befestigungselemente Erfordert Montage: Ja Farbe: Blau gr\u00fcn Orange Art: Schaukel Zertifikat: &hellip; <\/p>\n<p class=\"more-link-wrap\"><a href=\"https:\/\/wildgear.itc-gmbh.shop\/es\/product\/schaukel-intex-44120-wippe-251-x-211-x-254-cm\/\" class=\"more-link\"><span>Read More<span class=\"screen-reader-text\"> &#8220;Schaukel Intex 44120 Wippe 251 x 211 x 254 cm&#8221;<\/span><\/span><\/a><\/p>","protected":false},"featured_media":2513,"comment_status":"open","ping_status":"closed","template":"","meta":{"inline_featured_image":false},"product_brand":[],"product_cat":[211,230,180],"product_tag":[207,209,177,187,208],"class_list":{"0":"post-2514","1":"product","2":"type-product","3":"status-publish","4":"has-post-thumbnail","6":"product_cat-outdoor-aktivitaten","7":"product_cat-spielzeug-kostume","8":"product_cat-sport-freizeit","9":"product_tag-tag_30","10":"product_tag-tag_768","11":"product_tag-tag_3","12":"product_tag-tag_124","13":"product_tag-tag_650","15":"first","16":"outofstock","17":"taxable","18":"shipping-taxable","19":"purchasable","20":"product-type-simple"},"aioseo_notices":[],"jetpack_sharing_enabled":true,"_links":{"self":[{"href":"https:\/\/wildgear.itc-gmbh.shop\/es\/wp-json\/wp\/v2\/product\/2514","targetHints":{"allow":["GET"]}}],"collection":[{"href":"https:\/\/wildgear.itc-gmbh.shop\/es\/wp-json\/wp\/v2\/product"}],"about":[{"href":"https:\/\/wildgear.itc-gmbh.shop\/es\/wp-json\/wp\/v2\/types\/product"}],"replies":[{"embeddable":true,"href":"https:\/\/wildgear.itc-gmbh.shop\/es\/wp-json\/wp\/v2\/comments?post=2514"}],"wp:featuredmedia":[{"embeddable":true,"href":"https:\/\/wildgear.itc-gmbh.shop\/es\/wp-json\/wp\/v2\/media\/2513"}],"wp:attachment":[{"href":"https:\/\/wildgear.itc-gmbh.shop\/es\/wp-json\/wp\/v2\/media?parent=2514"}],"wp:term":[{"taxonomy":"product_brand","embeddable":true,"href":"https:\/\/wildgear.itc-gmbh.shop\/es\/wp-json\/wp\/v2\/product_brand?post=2514"},{"taxonomy":"product_cat","embeddable":true,"href":"https:\/\/wildgear.itc-gmbh.shop\/es\/wp-json\/wp\/v2\/product_cat?post=2514"},{"taxonomy":"product_tag","embeddable":true,"href":"https:\/\/wildgear.itc-gmbh.shop\/es\/wp-json\/wp\/v2\/product_tag?post=2514"}],"curies":[{"name":"wp","href":"https:\/\/api.w.org\/{rel}","templated":true}]}}