{"id":2532,"date":"2024-05-27T00:04:11","date_gmt":"2024-05-27T00:04:11","guid":{"rendered":"https:\/\/outdoor.itc-gmbh.shop\/product\/drachen-eolo-pop-up-magic-125-x-72-cm-regenbogen-12-stueck\/"},"modified":"2024-05-27T00:04:18","modified_gmt":"2024-05-27T00:04:18","slug":"drachen-eolo-pop-up-magic-125-x-72-cm-regenbogen-12-stueck","status":"publish","type":"product","link":"https:\/\/wildgear.itc-gmbh.shop\/es\/product\/drachen-eolo-pop-up-magic-125-x-72-cm-regenbogen-12-stueck\/","title":{"rendered":"Cometa Eolo Pop-Up Magic 125 x 72 cm arco iris 12 piezas"},"content":{"rendered":"<p>S\u00f3lo queremos lo mejor para nuestros hijos, por eso queremos ofrecerte <b>Cometa Eolo Pop-Up Magic 125 x 72 cm arco iris 12 piezas<\/b> perfecto para quienes buscan productos de alta calidad para sus peque\u00f1os. Comprar ahora <b>Eolo<\/b> a los mejores precios<\/p>\n<ul>\n<li>Art: Drachen<\/li>\n<li>Ma\u00dfe ca.: 125 x 72 cm<\/li>\n<li>Design: Regenbogen<\/li>\n<li>Material:\n<ul>\n<li>Nylon<\/li>\n<li>PVC<\/li>\n<li>Fibra de vidrio<\/li>\n<\/ul>\n<\/li>\n<li>Empfohlenes Alter: + 8 Jahre<\/li>\n<li>Pieza: 12 piezas<\/li>\n<\/ul>","protected":false},"excerpt":{"rendered":"<p>F\u00fcr unsere Kinder m\u00f6chten wir nur das Beste, und deshalb m\u00f6chten wir Ihnen Drachen Eolo Pop-Up Magic 125 x 72 cm Regenbogen 12 St\u00fcck vorstellen, perfekt f\u00fcr alle, die qualitativ hochwertige Produkte f\u00fcr die Kleinsten suchen. Kaufen Sie Eolo zu den besten Preisen! Art: Drachen Ma\u00dfe ca.: 125 x 72 cm Design: Regenbogen Material: Nylon &hellip; <\/p>\n<p class=\"more-link-wrap\"><a href=\"https:\/\/wildgear.itc-gmbh.shop\/es\/product\/drachen-eolo-pop-up-magic-125-x-72-cm-regenbogen-12-stueck\/\" class=\"more-link\"><span>Read More<span class=\"screen-reader-text\"> &#8220;Drachen Eolo Pop-Up Magic 125 x 72 cm Regenbogen 12 St\u00fcck&#8221;<\/span><\/span><\/a><\/p>","protected":false},"featured_media":2531,"comment_status":"open","ping_status":"closed","template":"","meta":{"inline_featured_image":false},"product_brand":[],"product_cat":[211,180],"product_tag":[213,178],"class_list":{"0":"post-2532","1":"product","2":"type-product","3":"status-publish","4":"has-post-thumbnail","6":"product_cat-outdoor-aktivitaten","7":"product_cat-sport-freizeit","8":"product_tag-tag_69","9":"product_tag-tag_17","11":"first","12":"outofstock","13":"taxable","14":"shipping-taxable","15":"purchasable","16":"product-type-simple"},"aioseo_notices":[],"jetpack_sharing_enabled":true,"_links":{"self":[{"href":"https:\/\/wildgear.itc-gmbh.shop\/es\/wp-json\/wp\/v2\/product\/2532","targetHints":{"allow":["GET"]}}],"collection":[{"href":"https:\/\/wildgear.itc-gmbh.shop\/es\/wp-json\/wp\/v2\/product"}],"about":[{"href":"https:\/\/wildgear.itc-gmbh.shop\/es\/wp-json\/wp\/v2\/types\/product"}],"replies":[{"embeddable":true,"href":"https:\/\/wildgear.itc-gmbh.shop\/es\/wp-json\/wp\/v2\/comments?post=2532"}],"wp:featuredmedia":[{"embeddable":true,"href":"https:\/\/wildgear.itc-gmbh.shop\/es\/wp-json\/wp\/v2\/media\/2531"}],"wp:attachment":[{"href":"https:\/\/wildgear.itc-gmbh.shop\/es\/wp-json\/wp\/v2\/media?parent=2532"}],"wp:term":[{"taxonomy":"product_brand","embeddable":true,"href":"https:\/\/wildgear.itc-gmbh.shop\/es\/wp-json\/wp\/v2\/product_brand?post=2532"},{"taxonomy":"product_cat","embeddable":true,"href":"https:\/\/wildgear.itc-gmbh.shop\/es\/wp-json\/wp\/v2\/product_cat?post=2532"},{"taxonomy":"product_tag","embeddable":true,"href":"https:\/\/wildgear.itc-gmbh.shop\/es\/wp-json\/wp\/v2\/product_tag?post=2532"}],"curies":[{"name":"wp","href":"https:\/\/api.w.org\/{rel}","templated":true}]}}