{"id":2600,"date":"2024-05-27T00:06:01","date_gmt":"2024-05-27T00:06:01","guid":{"rendered":"https:\/\/outdoor.itc-gmbh.shop\/product\/boccia-spielset-aktive-metall-6-stueck\/"},"modified":"2024-05-27T00:06:04","modified_gmt":"2024-05-27T00:06:04","slug":"boccia-spielset-aktive-metall-6-stueck","status":"publish","type":"product","link":"https:\/\/wildgear.itc-gmbh.shop\/es\/product\/boccia-spielset-aktive-metall-6-stueck\/","title":{"rendered":"Juego Boccia metal activo (6 piezas)"},"content":{"rendered":"<p>S\u00f3lo queremos lo mejor para nuestros hijos, por eso queremos ofrecerte <b>Juego Boccia metal activo (6 piezas)<\/b> perfecto para quienes buscan productos de alta calidad para sus peque\u00f1os. Comprar ahora <b>Activo<\/b> a los mejores precios<\/p>\n<ul>\n<li>Art: Boccia-Spielset<\/li>\n<li>Incluido:\n<ul>\n<li>Accesorios<\/li>\n<li>4 B\u00e4lle<\/li>\n<li>Transporth\u00fclle<\/li>\n<\/ul>\n<\/li>\n<li>Durchmesser: \u00d8 6 cm<\/li>\n<li>Material: Metal<\/li>\n<li>Empfohlenes Alter: + 14 Jahre<\/li>\n<li>Pieza: 6 piezas<\/li>\n<\/ul>","protected":false},"excerpt":{"rendered":"<p>F\u00fcr unsere Kinder m\u00f6chten wir nur das Beste, und deshalb m\u00f6chten wir Ihnen Boccia-Spielset Aktive Metall (6 St\u00fcck) vorstellen, perfekt f\u00fcr alle, die qualitativ hochwertige Produkte f\u00fcr die Kleinsten suchen. Kaufen Sie Aktive zu den besten Preisen! Art: Boccia-Spielset Enthalten: Zubeh\u00f6r 4 B\u00e4lle Transporth\u00fclle Durchmesser: \u00d8 6 cm Material: Metall Empfohlenes Alter: + 14 Jahre &hellip; <\/p>\n<p class=\"more-link-wrap\"><a href=\"https:\/\/wildgear.itc-gmbh.shop\/es\/product\/boccia-spielset-aktive-metall-6-stueck\/\" class=\"more-link\"><span>Read More<span class=\"screen-reader-text\"> &#8220;Boccia-Spielset Aktive Metall (6 St\u00fcck)&#8221;<\/span><\/span><\/a><\/p>","protected":false},"featured_media":2599,"comment_status":"open","ping_status":"closed","template":"","meta":{"inline_featured_image":false},"product_brand":[],"product_cat":[211,180],"product_tag":[213,178],"class_list":{"0":"post-2600","1":"product","2":"type-product","3":"status-publish","4":"has-post-thumbnail","6":"product_cat-outdoor-aktivitaten","7":"product_cat-sport-freizeit","8":"product_tag-tag_69","9":"product_tag-tag_17","11":"first","12":"instock","13":"taxable","14":"shipping-taxable","15":"purchasable","16":"product-type-simple"},"aioseo_notices":[],"jetpack_sharing_enabled":true,"_links":{"self":[{"href":"https:\/\/wildgear.itc-gmbh.shop\/es\/wp-json\/wp\/v2\/product\/2600","targetHints":{"allow":["GET"]}}],"collection":[{"href":"https:\/\/wildgear.itc-gmbh.shop\/es\/wp-json\/wp\/v2\/product"}],"about":[{"href":"https:\/\/wildgear.itc-gmbh.shop\/es\/wp-json\/wp\/v2\/types\/product"}],"replies":[{"embeddable":true,"href":"https:\/\/wildgear.itc-gmbh.shop\/es\/wp-json\/wp\/v2\/comments?post=2600"}],"wp:featuredmedia":[{"embeddable":true,"href":"https:\/\/wildgear.itc-gmbh.shop\/es\/wp-json\/wp\/v2\/media\/2599"}],"wp:attachment":[{"href":"https:\/\/wildgear.itc-gmbh.shop\/es\/wp-json\/wp\/v2\/media?parent=2600"}],"wp:term":[{"taxonomy":"product_brand","embeddable":true,"href":"https:\/\/wildgear.itc-gmbh.shop\/es\/wp-json\/wp\/v2\/product_brand?post=2600"},{"taxonomy":"product_cat","embeddable":true,"href":"https:\/\/wildgear.itc-gmbh.shop\/es\/wp-json\/wp\/v2\/product_cat?post=2600"},{"taxonomy":"product_tag","embeddable":true,"href":"https:\/\/wildgear.itc-gmbh.shop\/es\/wp-json\/wp\/v2\/product_tag?post=2600"}],"curies":[{"name":"wp","href":"https:\/\/api.w.org\/{rel}","templated":true}]}}