{"id":2691,"date":"2024-05-27T00:08:48","date_gmt":"2024-05-27T00:08:48","guid":{"rendered":"https:\/\/outdoor.itc-gmbh.shop\/product\/schlauchtuch-doraemon-wind-x-treme-grafitti-fuer-kinder-polyester\/"},"modified":"2024-05-27T00:08:50","modified_gmt":"2024-05-27T00:08:50","slug":"schlauchtuch-doraemon-wind-x-treme-grafitti-fuer-kinder-polyester","status":"publish","type":"product","link":"https:\/\/wildgear.itc-gmbh.shop\/es\/product\/schlauchtuch-doraemon-wind-x-treme-grafitti-fuer-kinder-polyester\/","title":{"rendered":"Schlauchtuch Doraemon Wind X-Treme Grafitti F\u00fcr kinder Polyester"},"content":{"rendered":"<p>\u00a1Mantente en forma y descubre las \u00faltimas innovaciones del sector para practicar deporte en las mejores condiciones! Comprar ahora <b>Schlauchtuch Doraemon Wind X-Treme Grafitti F\u00fcr kinder Polyester<\/b> \u00a1al mejor precio y disfruta de una vida sana!<\/p>\n<ul>\n<li>G\u00e9nero:\n<ul>\n<li>Para ni\u00f1os<\/li>\n<li>Caballeros<\/li>\n<\/ul>\n<\/li>\n<li>Material: Poli\u00e9ster<\/li>\n<li>Talla: \u00fanica<\/li>\n<li>Color: naranja<\/li>\n<li>Sprache: Franz\u00f6sisch<\/li>\n<\/ul>","protected":false},"excerpt":{"rendered":"<p>Bleiben Sie in Form und entdecken Sie die neuesten Innovationen der Branche, um mit den besten Voraussetzungen Sport zu betreiben! Kaufen Sie Schlauchtuch Doraemon Wind X-Treme Grafitti F\u00fcr kinder Polyester zum besten Preis und genie\u00dfen Sie ein gesundes Leben! Geschlecht: F\u00fcr Kinder Herren Material: Polyester Gr\u00f6\u00dfe: Einheitsgr\u00f6\u00dfe Farbe: Orange Sprache: Franz\u00f6sisch<\/p>","protected":false},"featured_media":2690,"comment_status":"open","ping_status":"closed","template":"","meta":{"inline_featured_image":false},"product_brand":[],"product_cat":[234,181,230,180],"product_tag":[209,213,177,220,208],"class_list":{"0":"post-2691","1":"product","2":"type-product","3":"status-publish","4":"has-post-thumbnail","6":"product_cat-bergkleidung","7":"product_cat-camping-und-berge","8":"product_cat-spielzeug-kostume","9":"product_cat-sport-freizeit","10":"product_tag-tag_768","11":"product_tag-tag_69","12":"product_tag-tag_3","13":"product_tag-tag_575","14":"product_tag-tag_650","16":"first","17":"instock","18":"taxable","19":"shipping-taxable","20":"purchasable","21":"product-type-simple"},"aioseo_notices":[],"jetpack_sharing_enabled":true,"_links":{"self":[{"href":"https:\/\/wildgear.itc-gmbh.shop\/es\/wp-json\/wp\/v2\/product\/2691","targetHints":{"allow":["GET"]}}],"collection":[{"href":"https:\/\/wildgear.itc-gmbh.shop\/es\/wp-json\/wp\/v2\/product"}],"about":[{"href":"https:\/\/wildgear.itc-gmbh.shop\/es\/wp-json\/wp\/v2\/types\/product"}],"replies":[{"embeddable":true,"href":"https:\/\/wildgear.itc-gmbh.shop\/es\/wp-json\/wp\/v2\/comments?post=2691"}],"wp:featuredmedia":[{"embeddable":true,"href":"https:\/\/wildgear.itc-gmbh.shop\/es\/wp-json\/wp\/v2\/media\/2690"}],"wp:attachment":[{"href":"https:\/\/wildgear.itc-gmbh.shop\/es\/wp-json\/wp\/v2\/media?parent=2691"}],"wp:term":[{"taxonomy":"product_brand","embeddable":true,"href":"https:\/\/wildgear.itc-gmbh.shop\/es\/wp-json\/wp\/v2\/product_brand?post=2691"},{"taxonomy":"product_cat","embeddable":true,"href":"https:\/\/wildgear.itc-gmbh.shop\/es\/wp-json\/wp\/v2\/product_cat?post=2691"},{"taxonomy":"product_tag","embeddable":true,"href":"https:\/\/wildgear.itc-gmbh.shop\/es\/wp-json\/wp\/v2\/product_tag?post=2691"}],"curies":[{"name":"wp","href":"https:\/\/api.w.org\/{rel}","templated":true}]}}