{"id":2693,"date":"2024-05-27T00:08:53","date_gmt":"2024-05-27T00:08:53","guid":{"rendered":"https:\/\/outdoor.itc-gmbh.shop\/product\/schlauchtuch-f-c-barcelona-wind-x-treme-wp508\/"},"modified":"2024-05-27T00:08:56","modified_gmt":"2024-05-27T00:08:56","slug":"schlauchtuch-f-c-barcelona-wind-x-treme-wp508","status":"publish","type":"product","link":"https:\/\/wildgear.itc-gmbh.shop\/es\/product\/schlauchtuch-f-c-barcelona-wind-x-treme-wp508\/","title":{"rendered":"Schlauchtuch F. C. Barcelona Wind X-Treme WP508"},"content":{"rendered":"<p>\u00a1Mantente en forma y descubre las \u00faltimas innovaciones del sector para practicar deporte en las mejores condiciones! Comprar ahora <b>Schlauchtuch F. C. Barcelona Wind X-Treme WP508<\/b> \u00a1al mejor precio y disfruta de una vida sana!<\/p>\n<ul>\n<li>G\u00e9nero:\n<ul>\n<li>Unisex<\/li>\n<li>Caballeros<\/li>\n<\/ul>\n<\/li>\n<li>Talla: \u00fanica<\/li>\n<li>Material: synthetische Stoffe<\/li>\n<li>Color:\n<ul>\n<li>Rosa<\/li>\n<li>Colorido<\/li>\n<\/ul>\n<\/li>\n<li>Sprache: Franz\u00f6sisch<\/li>\n<\/ul>","protected":false},"excerpt":{"rendered":"<p>Bleiben Sie in Form und entdecken Sie die neuesten Innovationen der Branche, um mit den besten Voraussetzungen Sport zu betreiben! Kaufen Sie Schlauchtuch F. C. Barcelona Wind X-Treme WP508 zum besten Preis und genie\u00dfen Sie ein gesundes Leben! Geschlecht: Unisex Herren Gr\u00f6\u00dfe: Einheitsgr\u00f6\u00dfe Material: synthetische Stoffe Farbe: Rosa Bunt Sprache: Franz\u00f6sisch<\/p>","protected":false},"featured_media":2692,"comment_status":"open","ping_status":"closed","template":"","meta":{"inline_featured_image":false},"product_brand":[],"product_cat":[238,234,181,237,239,180],"product_tag":[209,220],"class_list":{"0":"post-2693","1":"product","2":"type-product","3":"status-publish","4":"has-post-thumbnail","6":"product_cat-accessoires_2","7":"product_cat-bergkleidung","8":"product_cat-camping-und-berge","9":"product_cat-mode-accessoires","10":"product_cat-mutzen-und-schals","11":"product_cat-sport-freizeit","12":"product_tag-tag_768","13":"product_tag-tag_575","15":"first","16":"outofstock","17":"taxable","18":"shipping-taxable","19":"purchasable","20":"product-type-simple"},"aioseo_notices":[],"jetpack_sharing_enabled":true,"_links":{"self":[{"href":"https:\/\/wildgear.itc-gmbh.shop\/es\/wp-json\/wp\/v2\/product\/2693","targetHints":{"allow":["GET"]}}],"collection":[{"href":"https:\/\/wildgear.itc-gmbh.shop\/es\/wp-json\/wp\/v2\/product"}],"about":[{"href":"https:\/\/wildgear.itc-gmbh.shop\/es\/wp-json\/wp\/v2\/types\/product"}],"replies":[{"embeddable":true,"href":"https:\/\/wildgear.itc-gmbh.shop\/es\/wp-json\/wp\/v2\/comments?post=2693"}],"wp:featuredmedia":[{"embeddable":true,"href":"https:\/\/wildgear.itc-gmbh.shop\/es\/wp-json\/wp\/v2\/media\/2692"}],"wp:attachment":[{"href":"https:\/\/wildgear.itc-gmbh.shop\/es\/wp-json\/wp\/v2\/media?parent=2693"}],"wp:term":[{"taxonomy":"product_brand","embeddable":true,"href":"https:\/\/wildgear.itc-gmbh.shop\/es\/wp-json\/wp\/v2\/product_brand?post=2693"},{"taxonomy":"product_cat","embeddable":true,"href":"https:\/\/wildgear.itc-gmbh.shop\/es\/wp-json\/wp\/v2\/product_cat?post=2693"},{"taxonomy":"product_tag","embeddable":true,"href":"https:\/\/wildgear.itc-gmbh.shop\/es\/wp-json\/wp\/v2\/product_tag?post=2693"}],"curies":[{"name":"wp","href":"https:\/\/api.w.org\/{rel}","templated":true}]}}