{"id":3077,"date":"2024-05-27T00:25:23","date_gmt":"2024-05-27T00:25:23","guid":{"rendered":"https:\/\/outdoor.itc-gmbh.shop\/product\/sportmuetze-rty-grau-einheitsgroesse-dunkelgrau\/"},"modified":"2024-05-27T00:25:31","modified_gmt":"2024-05-27T00:25:31","slug":"sportmuetze-rty-grau-einheitsgroesse-dunkelgrau","status":"publish","type":"product","link":"https:\/\/wildgear.itc-gmbh.shop\/es\/product\/sportmuetze-rty-grau-einheitsgroesse-dunkelgrau\/","title":{"rendered":"Sportm\u00fctze RTY Grau Einheitsgr\u00f6\u00dfe Dunkelgrau"},"content":{"rendered":"<p>Si buscas novedades de moda en el mercado, te presentamos <b>Sportm\u00fctze RTY Grau Einheitsgr\u00f6\u00dfe Dunkelgrau<\/b>!<\/p>\n<ul>\n<li>Color:\n<ul>\n<li>Gris oscuro<\/li>\n<li>Gris<\/li>\n<\/ul>\n<\/li>\n<li>Sexo: Masculino<\/li>\n<li>Talla: \u00fanica<\/li>\n<li>Material: 100 lana %<\/li>\n<\/ul>","protected":false},"excerpt":{"rendered":"<p>Wenn Sie auf der Suche nach trendigen Neuheiten auf dem Markt sind, pr\u00e4sentieren wir Ihnen Sportm\u00fctze RTY Grau Einheitsgr\u00f6\u00dfe Dunkelgrau! Farbe: Dunkelgrau Grau Geschlecht: Herren Gr\u00f6\u00dfe: Einheitsgr\u00f6\u00dfe Material: 100 % Wolle<\/p>","protected":false},"featured_media":3076,"comment_status":"open","ping_status":"closed","template":"","meta":{"inline_featured_image":false},"product_brand":[],"product_cat":[234,181,180],"product_tag":[],"class_list":{"0":"post-3077","1":"product","2":"type-product","3":"status-publish","4":"has-post-thumbnail","6":"product_cat-bergkleidung","7":"product_cat-camping-und-berge","8":"product_cat-sport-freizeit","10":"first","11":"outofstock","12":"taxable","13":"shipping-taxable","14":"purchasable","15":"product-type-simple"},"aioseo_notices":[],"jetpack_sharing_enabled":true,"_links":{"self":[{"href":"https:\/\/wildgear.itc-gmbh.shop\/es\/wp-json\/wp\/v2\/product\/3077","targetHints":{"allow":["GET"]}}],"collection":[{"href":"https:\/\/wildgear.itc-gmbh.shop\/es\/wp-json\/wp\/v2\/product"}],"about":[{"href":"https:\/\/wildgear.itc-gmbh.shop\/es\/wp-json\/wp\/v2\/types\/product"}],"replies":[{"embeddable":true,"href":"https:\/\/wildgear.itc-gmbh.shop\/es\/wp-json\/wp\/v2\/comments?post=3077"}],"wp:featuredmedia":[{"embeddable":true,"href":"https:\/\/wildgear.itc-gmbh.shop\/es\/wp-json\/wp\/v2\/media\/3076"}],"wp:attachment":[{"href":"https:\/\/wildgear.itc-gmbh.shop\/es\/wp-json\/wp\/v2\/media?parent=3077"}],"wp:term":[{"taxonomy":"product_brand","embeddable":true,"href":"https:\/\/wildgear.itc-gmbh.shop\/es\/wp-json\/wp\/v2\/product_brand?post=3077"},{"taxonomy":"product_cat","embeddable":true,"href":"https:\/\/wildgear.itc-gmbh.shop\/es\/wp-json\/wp\/v2\/product_cat?post=3077"},{"taxonomy":"product_tag","embeddable":true,"href":"https:\/\/wildgear.itc-gmbh.shop\/es\/wp-json\/wp\/v2\/product_tag?post=3077"}],"curies":[{"name":"wp","href":"https:\/\/api.w.org\/{rel}","templated":true}]}}