{"id":3450,"date":"2024-05-27T00:41:51","date_gmt":"2024-05-27T00:41:51","guid":{"rendered":"https:\/\/outdoor.itc-gmbh.shop\/product\/hut-hurley-icon-cuff-beanie-grau-einheitsgroesse\/"},"modified":"2024-05-27T00:41:56","modified_gmt":"2024-05-27T00:41:56","slug":"hut-hurley-icon-cuff-beanie-grau-einheitsgroesse","status":"publish","type":"product","link":"https:\/\/wildgear.itc-gmbh.shop\/es\/product\/hut-hurley-icon-cuff-beanie-grau-einheitsgroesse\/","title":{"rendered":"Hut Hurley Icon Cuff Beanie Grau Einheitsgr\u00f6\u00dfe"},"content":{"rendered":"<p>Si desea renovar su vestuario, le recomendamos <b>Hut Hurley Icon Cuff Beanie Grau Einheitsgr\u00f6\u00dfe<\/b> y m\u00e1s <b> Productos de Hurley<\/b>\u00a1! \u00a1Ahora para usted la mejor calidad al mejor precio!<\/p>\n<ul>\n<li>Color: Gris<\/li>\n<li>Sexo: Masculino<\/li>\n<li>Edad recomendada: Adultos<\/li>\n<li>Talla: \u00fanica<\/li>\n<li>Material: acr\u00edlico 100 %<\/li>\n<\/ul>","protected":false},"excerpt":{"rendered":"<p>Wenn Sie Ihren Kleiderschrank erneuern m\u00f6chten, empfehlen wir Ihnen Hut Hurley Icon Cuff Beanie Grau Einheitsgr\u00f6\u00dfe und weitere Produkte von Hurley! Jetzt f\u00fcr Sie die beste Qualit\u00e4t zum besten Preis! Farbe: Grau Geschlecht: Herren Empfohlenes Alter: Erwachsene Gr\u00f6\u00dfe: Einheitsgr\u00f6\u00dfe Material: 100 % Acryl<\/p>","protected":false},"featured_media":3449,"comment_status":"open","ping_status":"closed","template":"","meta":{"inline_featured_image":false},"product_brand":[],"product_cat":[234,181,180],"product_tag":[213,178,222],"class_list":{"0":"post-3450","1":"product","2":"type-product","3":"status-publish","4":"has-post-thumbnail","6":"product_cat-bergkleidung","7":"product_cat-camping-und-berge","8":"product_cat-sport-freizeit","9":"product_tag-tag_69","10":"product_tag-tag_17","11":"product_tag-tag_587","13":"first","14":"instock","15":"taxable","16":"shipping-taxable","17":"purchasable","18":"product-type-simple"},"aioseo_notices":[],"jetpack_sharing_enabled":true,"_links":{"self":[{"href":"https:\/\/wildgear.itc-gmbh.shop\/es\/wp-json\/wp\/v2\/product\/3450","targetHints":{"allow":["GET"]}}],"collection":[{"href":"https:\/\/wildgear.itc-gmbh.shop\/es\/wp-json\/wp\/v2\/product"}],"about":[{"href":"https:\/\/wildgear.itc-gmbh.shop\/es\/wp-json\/wp\/v2\/types\/product"}],"replies":[{"embeddable":true,"href":"https:\/\/wildgear.itc-gmbh.shop\/es\/wp-json\/wp\/v2\/comments?post=3450"}],"wp:featuredmedia":[{"embeddable":true,"href":"https:\/\/wildgear.itc-gmbh.shop\/es\/wp-json\/wp\/v2\/media\/3449"}],"wp:attachment":[{"href":"https:\/\/wildgear.itc-gmbh.shop\/es\/wp-json\/wp\/v2\/media?parent=3450"}],"wp:term":[{"taxonomy":"product_brand","embeddable":true,"href":"https:\/\/wildgear.itc-gmbh.shop\/es\/wp-json\/wp\/v2\/product_brand?post=3450"},{"taxonomy":"product_cat","embeddable":true,"href":"https:\/\/wildgear.itc-gmbh.shop\/es\/wp-json\/wp\/v2\/product_cat?post=3450"},{"taxonomy":"product_tag","embeddable":true,"href":"https:\/\/wildgear.itc-gmbh.shop\/es\/wp-json\/wp\/v2\/product_tag?post=3450"}],"curies":[{"name":"wp","href":"https:\/\/api.w.org\/{rel}","templated":true}]}}