{"id":3798,"date":"2024-05-27T00:55:58","date_gmt":"2024-05-27T00:55:58","guid":{"rendered":"https:\/\/outdoor.itc-gmbh.shop\/product\/sportjacke-fuer-kinder-regatta-lofthouse-vi-rosa\/"},"modified":"2024-05-27T03:58:04","modified_gmt":"2024-05-27T03:58:04","slug":"sportjacke-fuer-kinder-regatta-lofthouse-vi-rosa","status":"publish","type":"product","link":"https:\/\/wildgear.itc-gmbh.shop\/es\/product\/sportjacke-fuer-kinder-regatta-lofthouse-vi-rosa\/","title":{"rendered":"Sportjacke f\u00fcr Kinder Regatta Lofthouse VI Rosa"},"content":{"rendered":"<p>Para nuestros hijos nos gustar\u00eda <b>Sportjacke f\u00fcr Kinder Regatta Lofthouse VI Rosa<\/b> perfecto para quienes buscan productos de alta calidad para sus peque\u00f1os. Comprar ahora <b>Regata<\/b> \u00a1y otras marcas y licencias a los mejores precios!<\/p>\n<ul>\n<li>Color: rosa<\/li>\n<li>Sexo: Unisex<\/li>\n<li>Edad recomendada: Ni\u00f1os<\/li>\n<li>Merkmale: Mit Kapuze<\/li>\n<li>Tipo: Chaqueta deportiva<\/li>\n<\/ul>","protected":false},"excerpt":{"rendered":"<p>F\u00fcr unsere Kinder m\u00f6chten wir Ihnen Sportjacke f\u00fcr Kinder Regatta Lofthouse VI Rosa vorstellen, perfekt f\u00fcr alle, die qualitativ hochwertige Produkte f\u00fcr die Kleinsten suchen. Kaufen Sie Regatta und weitere Marken und Lizenzen zu den besten Preisen! Farbe: Rosa Geschlecht: Unisex Empfohlenes Alter: Kinder Merkmale: Mit Kapuze Art: Sportjacke<\/p>","protected":false},"featured_media":3797,"comment_status":"open","ping_status":"closed","template":"","meta":{"inline_featured_image":false},"product_brand":[],"product_cat":[234,181,180],"product_tag":[177,178,222],"class_list":{"0":"post-3798","1":"product","2":"type-product","3":"status-publish","4":"has-post-thumbnail","6":"product_cat-bergkleidung","7":"product_cat-camping-und-berge","8":"product_cat-sport-freizeit","9":"product_tag-tag_3","10":"product_tag-tag_17","11":"product_tag-tag_587","13":"first","14":"instock","15":"taxable","16":"shipping-taxable","17":"purchasable","18":"product-type-variable"},"aioseo_notices":[],"jetpack_sharing_enabled":true,"_links":{"self":[{"href":"https:\/\/wildgear.itc-gmbh.shop\/es\/wp-json\/wp\/v2\/product\/3798","targetHints":{"allow":["GET"]}}],"collection":[{"href":"https:\/\/wildgear.itc-gmbh.shop\/es\/wp-json\/wp\/v2\/product"}],"about":[{"href":"https:\/\/wildgear.itc-gmbh.shop\/es\/wp-json\/wp\/v2\/types\/product"}],"replies":[{"embeddable":true,"href":"https:\/\/wildgear.itc-gmbh.shop\/es\/wp-json\/wp\/v2\/comments?post=3798"}],"wp:featuredmedia":[{"embeddable":true,"href":"https:\/\/wildgear.itc-gmbh.shop\/es\/wp-json\/wp\/v2\/media\/3797"}],"wp:attachment":[{"href":"https:\/\/wildgear.itc-gmbh.shop\/es\/wp-json\/wp\/v2\/media?parent=3798"}],"wp:term":[{"taxonomy":"product_brand","embeddable":true,"href":"https:\/\/wildgear.itc-gmbh.shop\/es\/wp-json\/wp\/v2\/product_brand?post=3798"},{"taxonomy":"product_cat","embeddable":true,"href":"https:\/\/wildgear.itc-gmbh.shop\/es\/wp-json\/wp\/v2\/product_cat?post=3798"},{"taxonomy":"product_tag","embeddable":true,"href":"https:\/\/wildgear.itc-gmbh.shop\/es\/wp-json\/wp\/v2\/product_tag?post=3798"}],"curies":[{"name":"wp","href":"https:\/\/api.w.org\/{rel}","templated":true}]}}