{"id":4214,"date":"2024-05-27T01:11:08","date_gmt":"2024-05-27T01:11:08","guid":{"rendered":"https:\/\/outdoor.itc-gmbh.shop\/product\/regenmantel-go-win-sella-fuer-kinder-blau\/"},"modified":"2024-05-27T03:58:17","modified_gmt":"2024-05-27T03:58:17","slug":"regenmantel-go-win-sella-fuer-kinder-blau","status":"publish","type":"product","link":"https:\/\/wildgear.itc-gmbh.shop\/es\/product\/regenmantel-go-win-sella-fuer-kinder-blau\/","title":{"rendered":"Regenmantel Go &amp; Win Sella F\u00fcr Kinder Blau"},"content":{"rendered":"<p>Para nuestros hijos nos gustar\u00eda <b>Regenmantel Go &amp; Win Sella F\u00fcr Kinder Blau<\/b> perfecto para quienes buscan productos de alta calidad para sus peque\u00f1os. Comprar ahora <b>Go &amp; Win<\/b> \u00a1y otras marcas y licencias a los mejores precios!<\/p>\n<ul>\n<li>Color: Azul<\/li>\n<li>G\u00e9nero:\n<ul>\n<li>Unisex<\/li>\n<li>Para ni\u00f1os<\/li>\n<\/ul>\n<\/li>\n<li>Material: 100 poli\u00e9ster %<\/li>\n<li>Edad recomendada: Ni\u00f1os<\/li>\n<\/ul>","protected":false},"excerpt":{"rendered":"<p>F\u00fcr unsere Kinder m\u00f6chten wir Ihnen Regenmantel Go &amp; Win Sella F\u00fcr Kinder Blau vorstellen, perfekt f\u00fcr alle, die qualitativ hochwertige Produkte f\u00fcr die Kleinsten suchen. Kaufen Sie Go &amp; Win und weitere Marken und Lizenzen zu den besten Preisen! Farbe: Blau Geschlecht: Unisex F\u00fcr Kinder Material: 100 % polyester Empfohlenes Alter: Kinder<\/p>","protected":false},"featured_media":4213,"comment_status":"open","ping_status":"closed","template":"","meta":{"inline_featured_image":false},"product_brand":[],"product_cat":[234,181,180],"product_tag":[177,178],"class_list":{"0":"post-4214","1":"product","2":"type-product","3":"status-publish","4":"has-post-thumbnail","6":"product_cat-bergkleidung","7":"product_cat-camping-und-berge","8":"product_cat-sport-freizeit","9":"product_tag-tag_3","10":"product_tag-tag_17","12":"first","13":"instock","14":"taxable","15":"shipping-taxable","16":"purchasable","17":"product-type-variable"},"aioseo_notices":[],"jetpack_sharing_enabled":true,"_links":{"self":[{"href":"https:\/\/wildgear.itc-gmbh.shop\/es\/wp-json\/wp\/v2\/product\/4214","targetHints":{"allow":["GET"]}}],"collection":[{"href":"https:\/\/wildgear.itc-gmbh.shop\/es\/wp-json\/wp\/v2\/product"}],"about":[{"href":"https:\/\/wildgear.itc-gmbh.shop\/es\/wp-json\/wp\/v2\/types\/product"}],"replies":[{"embeddable":true,"href":"https:\/\/wildgear.itc-gmbh.shop\/es\/wp-json\/wp\/v2\/comments?post=4214"}],"wp:featuredmedia":[{"embeddable":true,"href":"https:\/\/wildgear.itc-gmbh.shop\/es\/wp-json\/wp\/v2\/media\/4213"}],"wp:attachment":[{"href":"https:\/\/wildgear.itc-gmbh.shop\/es\/wp-json\/wp\/v2\/media?parent=4214"}],"wp:term":[{"taxonomy":"product_brand","embeddable":true,"href":"https:\/\/wildgear.itc-gmbh.shop\/es\/wp-json\/wp\/v2\/product_brand?post=4214"},{"taxonomy":"product_cat","embeddable":true,"href":"https:\/\/wildgear.itc-gmbh.shop\/es\/wp-json\/wp\/v2\/product_cat?post=4214"},{"taxonomy":"product_tag","embeddable":true,"href":"https:\/\/wildgear.itc-gmbh.shop\/es\/wp-json\/wp\/v2\/product_tag?post=4214"}],"curies":[{"name":"wp","href":"https:\/\/api.w.org\/{rel}","templated":true}]}}