{"id":6506,"date":"2024-05-27T01:49:36","date_gmt":"2024-05-27T01:49:36","guid":{"rendered":"https:\/\/outdoor.itc-gmbh.shop\/product\/sportsocken-adidas-ic1306-grau\/"},"modified":"2024-05-27T03:58:30","modified_gmt":"2024-05-27T03:58:30","slug":"sportsocken-adidas-ic1306-grau","status":"publish","type":"product","link":"https:\/\/wildgear.itc-gmbh.shop\/es\/product\/sportsocken-adidas-ic1306-grau\/","title":{"rendered":"Sportsocken Adidas IC1306 Grau"},"content":{"rendered":"<p>Si desea renovar su vestuario, le recomendamos <b>Sportsocken Adidas IC1306 Grau<\/b> y m\u00e1s <b> Produkte von Adidas<\/b>\u00a1! \u00a1Ahora para usted la mejor calidad al mejor precio!<\/p>\n<ul>\n<li>Tipo: Calcetines<\/li>\n<li>Color: Gris<\/li>\n<li>G\u00e9nero:\n<ul>\n<li>Caballeros<\/li>\n<li>Adultos unisex<\/li>\n<\/ul>\n<\/li>\n<li>Material: algod\u00f3n 100 %<\/li>\n<\/ul>","protected":false},"excerpt":{"rendered":"<p>Wenn Sie Ihren Kleiderschrank erneuern m\u00f6chten, empfehlen wir Ihnen Sportsocken Adidas IC1306 Grau und weitere Produkte von Adidas! Jetzt f\u00fcr Sie die beste Qualit\u00e4t zum besten Preis! Art: Socken Farbe: Grau Geschlecht: Herren Unisex-Erwachsene Material: 100 % Baumwolle<\/p>","protected":false},"featured_media":6505,"comment_status":"open","ping_status":"closed","template":"","meta":{"inline_featured_image":false},"product_brand":[],"product_cat":[234,181,180],"product_tag":[220],"class_list":{"0":"post-6506","1":"product","2":"type-product","3":"status-publish","4":"has-post-thumbnail","6":"product_cat-bergkleidung","7":"product_cat-camping-und-berge","8":"product_cat-sport-freizeit","9":"product_tag-tag_575","11":"first","12":"outofstock","13":"taxable","14":"shipping-taxable","15":"purchasable","16":"product-type-variable"},"aioseo_notices":[],"jetpack_sharing_enabled":true,"_links":{"self":[{"href":"https:\/\/wildgear.itc-gmbh.shop\/es\/wp-json\/wp\/v2\/product\/6506","targetHints":{"allow":["GET"]}}],"collection":[{"href":"https:\/\/wildgear.itc-gmbh.shop\/es\/wp-json\/wp\/v2\/product"}],"about":[{"href":"https:\/\/wildgear.itc-gmbh.shop\/es\/wp-json\/wp\/v2\/types\/product"}],"replies":[{"embeddable":true,"href":"https:\/\/wildgear.itc-gmbh.shop\/es\/wp-json\/wp\/v2\/comments?post=6506"}],"wp:featuredmedia":[{"embeddable":true,"href":"https:\/\/wildgear.itc-gmbh.shop\/es\/wp-json\/wp\/v2\/media\/6505"}],"wp:attachment":[{"href":"https:\/\/wildgear.itc-gmbh.shop\/es\/wp-json\/wp\/v2\/media?parent=6506"}],"wp:term":[{"taxonomy":"product_brand","embeddable":true,"href":"https:\/\/wildgear.itc-gmbh.shop\/es\/wp-json\/wp\/v2\/product_brand?post=6506"},{"taxonomy":"product_cat","embeddable":true,"href":"https:\/\/wildgear.itc-gmbh.shop\/es\/wp-json\/wp\/v2\/product_cat?post=6506"},{"taxonomy":"product_tag","embeddable":true,"href":"https:\/\/wildgear.itc-gmbh.shop\/es\/wp-json\/wp\/v2\/product_tag?post=6506"}],"curies":[{"name":"wp","href":"https:\/\/api.w.org\/{rel}","templated":true}]}}