{"id":7098,"date":"2024-05-27T01:59:31","date_gmt":"2024-05-27T01:59:31","guid":{"rendered":"https:\/\/outdoor.itc-gmbh.shop\/product\/maennerstiefel-vans-range-exp-sucv-braun\/"},"modified":"2024-05-27T03:58:47","modified_gmt":"2024-05-27T03:58:47","slug":"maennerstiefel-vans-range-exp-sucv-braun","status":"publish","type":"product","link":"https:\/\/wildgear.itc-gmbh.shop\/es\/product\/maennerstiefel-vans-range-exp-sucv-braun\/","title":{"rendered":"M\u00e4nnerstiefel Vans Range Exp Sucv Braun"},"content":{"rendered":"<p>Si desea renovar su vestuario, le recomendamos <b>M\u00e4nnerstiefel Vans Range Exp Sucv Braun<\/b> y m\u00e1s <b> Produkte von Vans<\/b>\u00a1! \u00a1Ahora para usted la mejor calidad al mejor precio!<\/p>\n<ul>\n<li>Material: Sint\u00e9tico<\/li>\n<li>Art: Stiefel\/Schuhe<\/li>\n<li>Color: Marr\u00f3n<\/li>\n<li>Sexo: Masculino<\/li>\n<li>Edad recomendada: Adultos<\/li>\n<\/ul>","protected":false},"excerpt":{"rendered":"<p>Wenn Sie Ihren Kleiderschrank erneuern m\u00f6chten, empfehlen wir Ihnen M\u00e4nnerstiefel Vans Range Exp Sucv Braun und weitere Produkte von Vans! Jetzt f\u00fcr Sie die beste Qualit\u00e4t zum besten Preis! Material: Synthetisch Art: Stiefel\/Schuhe Farbe: Braun Geschlecht: Herren Empfohlenes Alter: Erwachsene<\/p>","protected":false},"featured_media":7097,"comment_status":"open","ping_status":"closed","template":"","meta":{"inline_featured_image":false},"product_brand":[],"product_cat":[234,181,242,237,180,243],"product_tag":[224,178],"class_list":{"0":"post-7098","1":"product","2":"type-product","3":"status-publish","4":"has-post-thumbnail","6":"product_cat-bergkleidung","7":"product_cat-camping-und-berge","8":"product_cat-kleidung-und-schuhe","9":"product_cat-mode-accessoires","10":"product_cat-sport-freizeit","11":"product_cat-sportschuhe","12":"product_tag-tag_15","13":"product_tag-tag_17","15":"first","16":"instock","17":"taxable","18":"shipping-taxable","19":"purchasable","20":"product-type-variable"},"aioseo_notices":[],"jetpack_sharing_enabled":true,"_links":{"self":[{"href":"https:\/\/wildgear.itc-gmbh.shop\/es\/wp-json\/wp\/v2\/product\/7098","targetHints":{"allow":["GET"]}}],"collection":[{"href":"https:\/\/wildgear.itc-gmbh.shop\/es\/wp-json\/wp\/v2\/product"}],"about":[{"href":"https:\/\/wildgear.itc-gmbh.shop\/es\/wp-json\/wp\/v2\/types\/product"}],"replies":[{"embeddable":true,"href":"https:\/\/wildgear.itc-gmbh.shop\/es\/wp-json\/wp\/v2\/comments?post=7098"}],"wp:featuredmedia":[{"embeddable":true,"href":"https:\/\/wildgear.itc-gmbh.shop\/es\/wp-json\/wp\/v2\/media\/7097"}],"wp:attachment":[{"href":"https:\/\/wildgear.itc-gmbh.shop\/es\/wp-json\/wp\/v2\/media?parent=7098"}],"wp:term":[{"taxonomy":"product_brand","embeddable":true,"href":"https:\/\/wildgear.itc-gmbh.shop\/es\/wp-json\/wp\/v2\/product_brand?post=7098"},{"taxonomy":"product_cat","embeddable":true,"href":"https:\/\/wildgear.itc-gmbh.shop\/es\/wp-json\/wp\/v2\/product_cat?post=7098"},{"taxonomy":"product_tag","embeddable":true,"href":"https:\/\/wildgear.itc-gmbh.shop\/es\/wp-json\/wp\/v2\/product_tag?post=7098"}],"curies":[{"name":"wp","href":"https:\/\/api.w.org\/{rel}","templated":true}]}}