{"id":7639,"date":"2024-05-27T02:09:32","date_gmt":"2024-05-27T02:09:32","guid":{"rendered":"https:\/\/outdoor.itc-gmbh.shop\/product\/windschutz-polyester-145-x-100-x-80-cm\/"},"modified":"2024-05-27T02:09:34","modified_gmt":"2024-05-27T02:09:34","slug":"windschutz-polyester-145-x-100-x-80-cm","status":"publish","type":"product","link":"https:\/\/wildgear.itc-gmbh.shop\/es\/product\/windschutz-polyester-145-x-100-x-80-cm\/","title":{"rendered":"Windschutz Polyester 145 x 100 x 80 cm"},"content":{"rendered":"<p>Con estas sugerencias que har\u00e1n las delicias de grandes y peque\u00f1os, \u00a1la diversi\u00f3n veraniega est\u00e1 garantizada! Comprar <b>Windschutz Polyester 145 x 100 x 80 cm<\/b>... \u00a1y disfruta de tu tiempo libre!<\/p>\n<ul>\n<li>Informaci\u00f3n importante:\n<ul>\n<li>La imagen puede no mostrar todos los modelos surtidos disponibles<\/li>\n<li>Varios dise\u00f1os. Env\u00edo aleatorio y seg\u00fan stock<\/li>\n<\/ul>\n<\/li>\n<li>Pieza: 1 pieza<\/li>\n<li>Tipo: Parabrisas<\/li>\n<li>Material: Poli\u00e9ster<\/li>\n<li>Ma\u00dfe ca.: 145 x 100 x 80 cm<\/li>\n<\/ul>","protected":false},"excerpt":{"rendered":"<p>30.9600 &euro; \/ 1 unit<\/p>","protected":false},"featured_media":7638,"comment_status":"open","ping_status":"closed","template":"","meta":{"inline_featured_image":false},"product_brand":[],"product_cat":[181,180,189],"product_tag":[177,178,472],"class_list":{"0":"post-7639","1":"product","2":"type-product","3":"status-publish","4":"has-post-thumbnail","6":"product_cat-camping-und-berge","7":"product_cat-sport-freizeit","8":"product_cat-zelte","9":"product_tag-tag_3","10":"product_tag-tag_17","11":"product_tag-tag_1272","13":"first","14":"outofstock","15":"taxable","16":"shipping-taxable","17":"purchasable","18":"product-type-simple"},"aioseo_notices":[],"jetpack_sharing_enabled":true,"_links":{"self":[{"href":"https:\/\/wildgear.itc-gmbh.shop\/es\/wp-json\/wp\/v2\/product\/7639","targetHints":{"allow":["GET"]}}],"collection":[{"href":"https:\/\/wildgear.itc-gmbh.shop\/es\/wp-json\/wp\/v2\/product"}],"about":[{"href":"https:\/\/wildgear.itc-gmbh.shop\/es\/wp-json\/wp\/v2\/types\/product"}],"replies":[{"embeddable":true,"href":"https:\/\/wildgear.itc-gmbh.shop\/es\/wp-json\/wp\/v2\/comments?post=7639"}],"wp:featuredmedia":[{"embeddable":true,"href":"https:\/\/wildgear.itc-gmbh.shop\/es\/wp-json\/wp\/v2\/media\/7638"}],"wp:attachment":[{"href":"https:\/\/wildgear.itc-gmbh.shop\/es\/wp-json\/wp\/v2\/media?parent=7639"}],"wp:term":[{"taxonomy":"product_brand","embeddable":true,"href":"https:\/\/wildgear.itc-gmbh.shop\/es\/wp-json\/wp\/v2\/product_brand?post=7639"},{"taxonomy":"product_cat","embeddable":true,"href":"https:\/\/wildgear.itc-gmbh.shop\/es\/wp-json\/wp\/v2\/product_cat?post=7639"},{"taxonomy":"product_tag","embeddable":true,"href":"https:\/\/wildgear.itc-gmbh.shop\/es\/wp-json\/wp\/v2\/product_tag?post=7639"}],"curies":[{"name":"wp","href":"https:\/\/api.w.org\/{rel}","templated":true}]}}