{"id":7685,"date":"2024-05-27T02:10:17","date_gmt":"2024-05-27T02:10:17","guid":{"rendered":"https:\/\/outdoor.itc-gmbh.shop\/product\/windschutz-aktive-320-x-125-x-25-cm\/"},"modified":"2024-05-27T02:10:21","modified_gmt":"2024-05-27T02:10:21","slug":"windschutz-aktive-320-x-125-x-25-cm","status":"publish","type":"product","link":"https:\/\/wildgear.itc-gmbh.shop\/es\/product\/windschutz-aktive-320-x-125-x-25-cm\/","title":{"rendered":"Windschutz Aktive 320 x 125 x 2,5 cm"},"content":{"rendered":"<p>Con estas sugerencias que har\u00e1n las delicias de grandes y peque\u00f1os, \u00a1la diversi\u00f3n veraniega est\u00e1 garantizada! Comprar <b>Windschutz Aktive 320 x 125 x 2,5 cm (4 St\u00fcck)<\/b>... \u00a1y disfruta de tu tiempo libre!<\/p>\n<ul>\n<li>Material:\n<ul>\n<li>Poli\u00e9ster<\/li>\n<li>PVC<\/li>\n<li>Aluminio<\/li>\n<\/ul>\n<\/li>\n<li>Incluye: Bolsa de transporte<\/li>\n<li>Pieza: 4 piezas<\/li>\n<li>Ma\u00dfe ca.: 320 x 125 x 2,5 cm<\/li>\n<li>Tipo: Parabrisas<\/li>\n<\/ul>","protected":false},"excerpt":{"rendered":"<p>Mit diesen Vorschl\u00e4gen, die Jung und Alt begeistern werden, ist der Sommerspa\u00df garantiert! Kaufen Sie Windschutz Aktive 320 x 125 x 2,5 cm (4 St\u00fcck)] und genie\u00dfen Sie Ihre Freizeit! Material: Polyester PVC Aluminium Enthalten: Transportbeutel St\u00fcck: 4 St\u00fcck Ma\u00dfe ca.: 320 x 125 x 2,5 cm Art: Windschutz<\/p>","protected":false},"featured_media":7684,"comment_status":"open","ping_status":"closed","template":"","meta":{"inline_featured_image":false},"product_brand":[],"product_cat":[181,180,189],"product_tag":[177,187,178,472],"class_list":{"0":"post-7685","1":"product","2":"type-product","3":"status-publish","4":"has-post-thumbnail","6":"product_cat-camping-und-berge","7":"product_cat-sport-freizeit","8":"product_cat-zelte","9":"product_tag-tag_3","10":"product_tag-tag_124","11":"product_tag-tag_17","12":"product_tag-tag_1272","14":"first","15":"instock","16":"taxable","17":"shipping-taxable","18":"purchasable","19":"product-type-simple"},"aioseo_notices":[],"jetpack_sharing_enabled":true,"_links":{"self":[{"href":"https:\/\/wildgear.itc-gmbh.shop\/es\/wp-json\/wp\/v2\/product\/7685","targetHints":{"allow":["GET"]}}],"collection":[{"href":"https:\/\/wildgear.itc-gmbh.shop\/es\/wp-json\/wp\/v2\/product"}],"about":[{"href":"https:\/\/wildgear.itc-gmbh.shop\/es\/wp-json\/wp\/v2\/types\/product"}],"replies":[{"embeddable":true,"href":"https:\/\/wildgear.itc-gmbh.shop\/es\/wp-json\/wp\/v2\/comments?post=7685"}],"wp:featuredmedia":[{"embeddable":true,"href":"https:\/\/wildgear.itc-gmbh.shop\/es\/wp-json\/wp\/v2\/media\/7684"}],"wp:attachment":[{"href":"https:\/\/wildgear.itc-gmbh.shop\/es\/wp-json\/wp\/v2\/media?parent=7685"}],"wp:term":[{"taxonomy":"product_brand","embeddable":true,"href":"https:\/\/wildgear.itc-gmbh.shop\/es\/wp-json\/wp\/v2\/product_brand?post=7685"},{"taxonomy":"product_cat","embeddable":true,"href":"https:\/\/wildgear.itc-gmbh.shop\/es\/wp-json\/wp\/v2\/product_cat?post=7685"},{"taxonomy":"product_tag","embeddable":true,"href":"https:\/\/wildgear.itc-gmbh.shop\/es\/wp-json\/wp\/v2\/product_tag?post=7685"}],"curies":[{"name":"wp","href":"https:\/\/api.w.org\/{rel}","templated":true}]}}