{"id":8351,"date":"2024-05-27T02:21:12","date_gmt":"2024-05-27T02:21:12","guid":{"rendered":"https:\/\/outdoor.itc-gmbh.shop\/product\/kanister-abbey-camp-sr021vb-15-l\/"},"modified":"2024-10-06T00:09:09","modified_gmt":"2024-10-06T00:09:09","slug":"kanister-abbey-camp-sr021vb-15-l","status":"publish","type":"product","link":"https:\/\/wildgear.itc-gmbh.shop\/es\/product\/kanister-abbey-camp-sr021vb-15-l\/","title":{"rendered":"Kanister Abbey Camp SR021VB 15 L"},"content":{"rendered":"<p>\u00a1Mantente en forma y descubre las \u00faltimas innovaciones del sector para practicar deporte en las mejores condiciones! Comprar ahora <b>Kanister Abbey Camp SR021VB 15 L<\/b> \u00a1al mejor precio y disfruta de una vida sana!<\/p>\n<ul>\n<li>Kapazit\u00e4t: 15 L<\/li>\n<li>Caracter\u00edsticas:\n<ul>\n<li>Flexible<\/li>\n<li>Ajustable<\/li>\n<\/ul>\n<\/li>\n<li>Farbe: Durchsichtig<\/li>\n<li>Sexo: Unisex<\/li>\n<li>Talla: \u00fanica<\/li>\n<li>Material:\n<ul>\n<li>Polietileno<\/li>\n<li>Pl\u00e1stico<\/li>\n<\/ul>\n<\/li>\n<li>Edad recomendada: Adultos<\/li>\n<\/ul>","protected":false},"excerpt":{"rendered":"<p>Bleiben Sie in Form und entdecken Sie die neuesten Innovationen der Branche, um mit den besten Voraussetzungen Sport zu betreiben! Kaufen Sie Kanister Abbey Camp SR021VB 15 L zum besten Preis und genie\u00dfen Sie ein gesundes Leben! Kapazit\u00e4t: 15 L Merkmale: Biegsam Einstellbar Farbe: Durchsichtig Geschlecht: Unisex Gr\u00f6\u00dfe: Einheitsgr\u00f6\u00dfe Material: Poly\u00e4thylen Kunststoff Empfohlenes Alter: Erwachsene<\/p>","protected":false},"featured_media":17149,"comment_status":"open","ping_status":"closed","template":"","meta":{"inline_featured_image":false},"product_brand":[],"product_cat":[181,185,180],"product_tag":[177,178],"class_list":{"0":"post-8351","1":"product","2":"type-product","3":"status-publish","4":"has-post-thumbnail","6":"product_cat-camping-und-berge","7":"product_cat-flaschen-und-feldflaschen","8":"product_cat-sport-freizeit","9":"product_tag-tag_3","10":"product_tag-tag_17","12":"first","13":"instock","14":"taxable","15":"shipping-taxable","16":"purchasable","17":"product-type-simple"},"aioseo_notices":[],"jetpack_sharing_enabled":true,"_links":{"self":[{"href":"https:\/\/wildgear.itc-gmbh.shop\/es\/wp-json\/wp\/v2\/product\/8351","targetHints":{"allow":["GET"]}}],"collection":[{"href":"https:\/\/wildgear.itc-gmbh.shop\/es\/wp-json\/wp\/v2\/product"}],"about":[{"href":"https:\/\/wildgear.itc-gmbh.shop\/es\/wp-json\/wp\/v2\/types\/product"}],"replies":[{"embeddable":true,"href":"https:\/\/wildgear.itc-gmbh.shop\/es\/wp-json\/wp\/v2\/comments?post=8351"}],"wp:featuredmedia":[{"embeddable":true,"href":"https:\/\/wildgear.itc-gmbh.shop\/es\/wp-json\/wp\/v2\/media\/17149"}],"wp:attachment":[{"href":"https:\/\/wildgear.itc-gmbh.shop\/es\/wp-json\/wp\/v2\/media?parent=8351"}],"wp:term":[{"taxonomy":"product_brand","embeddable":true,"href":"https:\/\/wildgear.itc-gmbh.shop\/es\/wp-json\/wp\/v2\/product_brand?post=8351"},{"taxonomy":"product_cat","embeddable":true,"href":"https:\/\/wildgear.itc-gmbh.shop\/es\/wp-json\/wp\/v2\/product_cat?post=8351"},{"taxonomy":"product_tag","embeddable":true,"href":"https:\/\/wildgear.itc-gmbh.shop\/es\/wp-json\/wp\/v2\/product_tag?post=8351"}],"curies":[{"name":"wp","href":"https:\/\/api.w.org\/{rel}","templated":true}]}}