{"id":8562,"date":"2024-05-27T02:24:19","date_gmt":"2024-05-27T02:24:19","guid":{"rendered":"https:\/\/outdoor.itc-gmbh.shop\/product\/flasche-minecraft-580-ml-edelstahl-silikon\/"},"modified":"2024-05-27T02:24:20","modified_gmt":"2024-05-27T02:24:20","slug":"flasche-minecraft-580-ml-edelstahl-silikon","status":"publish","type":"product","link":"https:\/\/wildgear.itc-gmbh.shop\/es\/product\/flasche-minecraft-580-ml-edelstahl-silikon\/","title":{"rendered":"Flasche Minecraft 580 ml Edelstahl Silikon"},"content":{"rendered":"<p>Si le apasiona <b>Inform\u00e1tica y electr\u00f3nica<\/b> quiere estar a la \u00faltima en tecnolog\u00eda y no perderse ni el m\u00e1s m\u00ednimo detalle, compre <b>Flasche Minecraft 580 ml Edelstahl Silikon<\/b>.<\/p>\n<ul>\n<li>Material:\n<ul>\n<li>Silicona<\/li>\n<li>Acero inoxidable<\/li>\n<\/ul>\n<\/li>\n<li>Empfohlenes Alter: + 8 Jahre<\/li>\n<li>Kapazit\u00e4t: 580 ml<\/li>\n<li>Art: Kantine<\/li>\n<\/ul>","protected":false},"excerpt":{"rendered":"<p>5.7207 &euro; \/ 100 ml<\/p>","protected":false},"featured_media":8561,"comment_status":"open","ping_status":"closed","template":"","meta":{"inline_featured_image":false},"product_brand":[],"product_cat":[181,185,180],"product_tag":[218,177,178],"class_list":{"0":"post-8562","1":"product","2":"type-product","3":"status-publish","4":"has-post-thumbnail","6":"product_cat-camping-und-berge","7":"product_cat-flaschen-und-feldflaschen","8":"product_cat-sport-freizeit","9":"product_tag-tag_36","10":"product_tag-tag_3","11":"product_tag-tag_17","13":"first","14":"instock","15":"taxable","16":"shipping-taxable","17":"purchasable","18":"product-type-simple"},"aioseo_notices":[],"jetpack_sharing_enabled":true,"_links":{"self":[{"href":"https:\/\/wildgear.itc-gmbh.shop\/es\/wp-json\/wp\/v2\/product\/8562","targetHints":{"allow":["GET"]}}],"collection":[{"href":"https:\/\/wildgear.itc-gmbh.shop\/es\/wp-json\/wp\/v2\/product"}],"about":[{"href":"https:\/\/wildgear.itc-gmbh.shop\/es\/wp-json\/wp\/v2\/types\/product"}],"replies":[{"embeddable":true,"href":"https:\/\/wildgear.itc-gmbh.shop\/es\/wp-json\/wp\/v2\/comments?post=8562"}],"wp:featuredmedia":[{"embeddable":true,"href":"https:\/\/wildgear.itc-gmbh.shop\/es\/wp-json\/wp\/v2\/media\/8561"}],"wp:attachment":[{"href":"https:\/\/wildgear.itc-gmbh.shop\/es\/wp-json\/wp\/v2\/media?parent=8562"}],"wp:term":[{"taxonomy":"product_brand","embeddable":true,"href":"https:\/\/wildgear.itc-gmbh.shop\/es\/wp-json\/wp\/v2\/product_brand?post=8562"},{"taxonomy":"product_cat","embeddable":true,"href":"https:\/\/wildgear.itc-gmbh.shop\/es\/wp-json\/wp\/v2\/product_cat?post=8562"},{"taxonomy":"product_tag","embeddable":true,"href":"https:\/\/wildgear.itc-gmbh.shop\/es\/wp-json\/wp\/v2\/product_tag?post=8562"}],"curies":[{"name":"wp","href":"https:\/\/api.w.org\/{rel}","templated":true}]}}