{"id":9568,"date":"2024-05-27T02:35:06","date_gmt":"2024-05-27T02:35:06","guid":{"rendered":"https:\/\/outdoor.itc-gmbh.shop\/product\/thermosflasche-quid-sugar-blau-metall-500-ml\/"},"modified":"2024-05-27T02:35:10","modified_gmt":"2024-05-27T02:35:10","slug":"thermosflasche-quid-sugar-blau-metall-500-ml","status":"publish","type":"product","link":"https:\/\/wildgear.itc-gmbh.shop\/es\/product\/thermosflasche-quid-sugar-blau-metall-500-ml\/","title":{"rendered":"Thermosflasche Quid Sugar Blau Metall 500 ml"},"content":{"rendered":"<p>\u00a1Mantente en forma y descubre las \u00faltimas innovaciones del sector para practicar deporte en las mejores condiciones! Comprar ahora <b>Thermosflasche Quid Sugar Blau Metall 500 ml<\/b> \u00a1al mejor precio y disfruta de una vida sana!<\/p>\n<ul>\n<li>Tipo: Vajilla y utensilios de cocina<\/li>\n<li>Caracter\u00edsticas:\n<ul>\n<li>Tap\u00f3n antigoteo<\/li>\n<li>Knopf<\/li>\n<\/ul>\n<\/li>\n<li>Color: Azul<\/li>\n<li>Material: Metal<\/li>\n<li>Capacidad: 500 ml<\/li>\n<\/ul>","protected":false},"excerpt":{"rendered":"<p>Bleiben Sie in Form und entdecken Sie die neuesten Innovationen der Branche, um mit den besten Voraussetzungen Sport zu betreiben! Kaufen Sie Thermosflasche Quid Sugar Blau Metall 500 ml zum besten Preis und genie\u00dfen Sie ein gesundes Leben! Art: Geschirr und K\u00fcchenutensilien Merkmale: Anti-Tropf-Flaschenverschluss Knopf Farbe: Blau Material: Metall Kapazit\u00e4t: 500 ml<\/p>","protected":false},"featured_media":9567,"comment_status":"open","ping_status":"closed","template":"","meta":{"inline_featured_image":false},"product_brand":[],"product_cat":[181,185,180],"product_tag":[177,178],"class_list":{"0":"post-9568","1":"product","2":"type-product","3":"status-publish","4":"has-post-thumbnail","6":"product_cat-camping-und-berge","7":"product_cat-flaschen-und-feldflaschen","8":"product_cat-sport-freizeit","9":"product_tag-tag_3","10":"product_tag-tag_17","12":"first","13":"instock","14":"taxable","15":"shipping-taxable","16":"purchasable","17":"product-type-simple"},"aioseo_notices":[],"jetpack_sharing_enabled":true,"_links":{"self":[{"href":"https:\/\/wildgear.itc-gmbh.shop\/es\/wp-json\/wp\/v2\/product\/9568","targetHints":{"allow":["GET"]}}],"collection":[{"href":"https:\/\/wildgear.itc-gmbh.shop\/es\/wp-json\/wp\/v2\/product"}],"about":[{"href":"https:\/\/wildgear.itc-gmbh.shop\/es\/wp-json\/wp\/v2\/types\/product"}],"replies":[{"embeddable":true,"href":"https:\/\/wildgear.itc-gmbh.shop\/es\/wp-json\/wp\/v2\/comments?post=9568"}],"wp:featuredmedia":[{"embeddable":true,"href":"https:\/\/wildgear.itc-gmbh.shop\/es\/wp-json\/wp\/v2\/media\/9567"}],"wp:attachment":[{"href":"https:\/\/wildgear.itc-gmbh.shop\/es\/wp-json\/wp\/v2\/media?parent=9568"}],"wp:term":[{"taxonomy":"product_brand","embeddable":true,"href":"https:\/\/wildgear.itc-gmbh.shop\/es\/wp-json\/wp\/v2\/product_brand?post=9568"},{"taxonomy":"product_cat","embeddable":true,"href":"https:\/\/wildgear.itc-gmbh.shop\/es\/wp-json\/wp\/v2\/product_cat?post=9568"},{"taxonomy":"product_tag","embeddable":true,"href":"https:\/\/wildgear.itc-gmbh.shop\/es\/wp-json\/wp\/v2\/product_tag?post=9568"}],"curies":[{"name":"wp","href":"https:\/\/api.w.org\/{rel}","templated":true}]}}