{"id":9625,"date":"2024-05-27T02:35:51","date_gmt":"2024-05-27T02:35:51","guid":{"rendered":"https:\/\/outdoor.itc-gmbh.shop\/product\/flasche-versa-2-l-blau-silikon-polyaethylen-polystyrol-13-x-26-x-13-cm\/"},"modified":"2024-05-27T02:35:52","modified_gmt":"2024-05-27T02:35:52","slug":"flasche-versa-2-l-blau-silikon-polyaethylen-polystyrol-13-x-26-x-13-cm","status":"publish","type":"product","link":"https:\/\/wildgear.itc-gmbh.shop\/es\/product\/flasche-versa-2-l-blau-silikon-polyaethylen-polystyrol-13-x-26-x-13-cm\/","title":{"rendered":"Botella Versa 2 L azul silicona polietileno poliestireno 13 x 26 x 13 cm"},"content":{"rendered":"<p>\u00a1Mantente en forma y descubre las \u00faltimas innovaciones del sector para practicar deporte en las mejores condiciones! Comprar ahora <b>Botella Versa 2 L azul silicona polietileno poliestireno 13 x 26 x 13 cm<\/b> \u00a1al mejor precio y disfruta de una vida sana!<\/p>\n<ul>\n<li>Color: Azul<\/li>\n<li>Capacidad: 2 litros<\/li>\n<li>Material:\n<ul>\n<li>Acero inoxidable<\/li>\n<li>Silicona<\/li>\n<li>Polietileno<\/li>\n<li>poliestireno<\/li>\n<\/ul>\n<\/li>\n<li>Dimensiones aproximadas: 13 x 26 x 13 cm<\/li>\n<\/ul>","protected":false},"excerpt":{"rendered":"<p>Bleiben Sie in Form und entdecken Sie die neuesten Innovationen der Branche, um mit den besten Voraussetzungen Sport zu betreiben! Kaufen Sie Flasche Versa 2 L Blau Silikon Poly\u00e4thylen polystyrol 13 x 26 x 13 cm zum besten Preis und genie\u00dfen Sie ein gesundes Leben! Farbe: Blau Kapazit\u00e4t: 2 L Material: Edelstahl Silikon Poly\u00e4thylen polystyrol &hellip; <\/p>\n<p class=\"more-link-wrap\"><a href=\"https:\/\/wildgear.itc-gmbh.shop\/es\/product\/flasche-versa-2-l-blau-silikon-polyaethylen-polystyrol-13-x-26-x-13-cm\/\" class=\"more-link\"><span>Read More<span class=\"screen-reader-text\"> &#8220;Flasche Versa 2 L Blau Silikon Poly\u00e4thylen polystyrol 13 x 26 x 13 cm&#8221;<\/span><\/span><\/a><\/p>","protected":false},"featured_media":9624,"comment_status":"open","ping_status":"closed","template":"","meta":{"inline_featured_image":false},"product_brand":[],"product_cat":[181,185,180],"product_tag":[177,178],"class_list":{"0":"post-9625","1":"product","2":"type-product","3":"status-publish","4":"has-post-thumbnail","6":"product_cat-camping-und-berge","7":"product_cat-flaschen-und-feldflaschen","8":"product_cat-sport-freizeit","9":"product_tag-tag_3","10":"product_tag-tag_17","12":"first","13":"outofstock","14":"taxable","15":"shipping-taxable","16":"purchasable","17":"product-type-simple"},"aioseo_notices":[],"jetpack_sharing_enabled":true,"_links":{"self":[{"href":"https:\/\/wildgear.itc-gmbh.shop\/es\/wp-json\/wp\/v2\/product\/9625","targetHints":{"allow":["GET"]}}],"collection":[{"href":"https:\/\/wildgear.itc-gmbh.shop\/es\/wp-json\/wp\/v2\/product"}],"about":[{"href":"https:\/\/wildgear.itc-gmbh.shop\/es\/wp-json\/wp\/v2\/types\/product"}],"replies":[{"embeddable":true,"href":"https:\/\/wildgear.itc-gmbh.shop\/es\/wp-json\/wp\/v2\/comments?post=9625"}],"wp:featuredmedia":[{"embeddable":true,"href":"https:\/\/wildgear.itc-gmbh.shop\/es\/wp-json\/wp\/v2\/media\/9624"}],"wp:attachment":[{"href":"https:\/\/wildgear.itc-gmbh.shop\/es\/wp-json\/wp\/v2\/media?parent=9625"}],"wp:term":[{"taxonomy":"product_brand","embeddable":true,"href":"https:\/\/wildgear.itc-gmbh.shop\/es\/wp-json\/wp\/v2\/product_brand?post=9625"},{"taxonomy":"product_cat","embeddable":true,"href":"https:\/\/wildgear.itc-gmbh.shop\/es\/wp-json\/wp\/v2\/product_cat?post=9625"},{"taxonomy":"product_tag","embeddable":true,"href":"https:\/\/wildgear.itc-gmbh.shop\/es\/wp-json\/wp\/v2\/product_tag?post=9625"}],"curies":[{"name":"wp","href":"https:\/\/api.w.org\/{rel}","templated":true}]}}