{"id":10040,"date":"2024-05-27T02:41:43","date_gmt":"2024-05-27T02:41:43","guid":{"rendered":"https:\/\/outdoor.itc-gmbh.shop\/product\/thermosflasche-camelbak-eddy-kids-blau-edelstahl-350-ml\/"},"modified":"2024-05-27T02:41:44","modified_gmt":"2024-05-27T02:41:44","slug":"thermosflasche-camelbak-eddy-kids-blau-edelstahl-350-ml","status":"publish","type":"product","link":"https:\/\/wildgear.itc-gmbh.shop\/fr\/product\/thermosflasche-camelbak-eddy-kids-blau-edelstahl-350-ml\/","title":{"rendered":"Thermos Camelbak eddy+ Kids bleu acier inoxydable 350 ml"},"content":{"rendered":"<p>Restez en forme et d\u00e9couvrez les derni\u00e8res innovations du secteur pour faire du sport dans les meilleures conditions ! Achetez <b>Thermos Camelbak eddy+ Kids bleu acier inoxydable 350 ml<\/b> au meilleur prix et profitez d'une vie saine !<\/p>\n<ul>\n<li>Esp\u00e8ce : M\u00e2le<\/li>\n<li>Couleur : Bleu<\/li>\n<li>Mat\u00e9riau : acier inoxydable<\/li>\n<li>Caract\u00e9ristiques :\n<ul>\n<li>Lave-vaisselle<\/li>\n<li>Anti-fuite<\/li>\n<li>Utilisation quotidienne<\/li>\n<\/ul>\n<\/li>\n<li>Capacit\u00e9 : 350 ml<\/li>\n<li>\u00c2ge recommand\u00e9 :\n<ul>\n<li>+ 3 ans<\/li>\n<li>Enfants<\/li>\n<\/ul>\n<\/li>\n<li>Caract\u00e9ristiques : sans BPA<\/li>\n<li>Inclus dans le prix : Poign\u00e9e de transport<\/li>\n<li>Indicateur int\u00e9gr\u00e9 : aucun<\/li>\n<\/ul>","protected":false},"excerpt":{"rendered":"<p>Bleiben Sie in Form und entdecken Sie die neuesten Innovationen der Branche, um mit den besten Voraussetzungen Sport zu betreiben! Kaufen Sie Thermosflasche Camelbak eddy+ Kids Blau Edelstahl 350 ml zum besten Preis und genie\u00dfen Sie ein gesundes Leben! Art: M\u00e4nnlich Farbe: Blau Material: Edelstahl Merkmale: Sp\u00fclmaschinen Auslaufsicher T\u00e4gliche Anwendung Kapazit\u00e4t: 350 ml Empfohlenes Alter: &hellip; <\/p>\n<p class=\"more-link-wrap\"><a href=\"https:\/\/wildgear.itc-gmbh.shop\/fr\/product\/thermosflasche-camelbak-eddy-kids-blau-edelstahl-350-ml\/\" class=\"more-link\"><span>Read More<span class=\"screen-reader-text\"> &#8220;Thermosflasche Camelbak eddy+ Kids Blau Edelstahl 350 ml&#8221;<\/span><\/span><\/a><\/p>","protected":false},"featured_media":10039,"comment_status":"open","ping_status":"closed","template":"","meta":{"inline_featured_image":false},"product_brand":[],"product_cat":[181,185,180],"product_tag":[177,178],"class_list":{"0":"post-10040","1":"product","2":"type-product","3":"status-publish","4":"has-post-thumbnail","6":"product_cat-camping-und-berge","7":"product_cat-flaschen-und-feldflaschen","8":"product_cat-sport-freizeit","9":"product_tag-tag_3","10":"product_tag-tag_17","12":"first","13":"outofstock","14":"taxable","15":"shipping-taxable","16":"purchasable","17":"product-type-simple"},"aioseo_notices":[],"jetpack_sharing_enabled":true,"_links":{"self":[{"href":"https:\/\/wildgear.itc-gmbh.shop\/fr\/wp-json\/wp\/v2\/product\/10040","targetHints":{"allow":["GET"]}}],"collection":[{"href":"https:\/\/wildgear.itc-gmbh.shop\/fr\/wp-json\/wp\/v2\/product"}],"about":[{"href":"https:\/\/wildgear.itc-gmbh.shop\/fr\/wp-json\/wp\/v2\/types\/product"}],"replies":[{"embeddable":true,"href":"https:\/\/wildgear.itc-gmbh.shop\/fr\/wp-json\/wp\/v2\/comments?post=10040"}],"wp:featuredmedia":[{"embeddable":true,"href":"https:\/\/wildgear.itc-gmbh.shop\/fr\/wp-json\/wp\/v2\/media\/10039"}],"wp:attachment":[{"href":"https:\/\/wildgear.itc-gmbh.shop\/fr\/wp-json\/wp\/v2\/media?parent=10040"}],"wp:term":[{"taxonomy":"product_brand","embeddable":true,"href":"https:\/\/wildgear.itc-gmbh.shop\/fr\/wp-json\/wp\/v2\/product_brand?post=10040"},{"taxonomy":"product_cat","embeddable":true,"href":"https:\/\/wildgear.itc-gmbh.shop\/fr\/wp-json\/wp\/v2\/product_cat?post=10040"},{"taxonomy":"product_tag","embeddable":true,"href":"https:\/\/wildgear.itc-gmbh.shop\/fr\/wp-json\/wp\/v2\/product_tag?post=10040"}],"curies":[{"name":"wp","href":"https:\/\/api.w.org\/{rel}","templated":true}]}}