{"id":10139,"date":"2024-05-27T02:43:16","date_gmt":"2024-05-27T02:43:16","guid":{"rendered":"https:\/\/outdoor.itc-gmbh.shop\/product\/thermoflasche-aus-edelstahl-redcliffs-500-ml\/"},"modified":"2024-05-27T02:43:17","modified_gmt":"2024-05-27T02:43:17","slug":"thermoflasche-aus-edelstahl-redcliffs-500-ml","status":"publish","type":"product","link":"https:\/\/wildgear.itc-gmbh.shop\/fr\/product\/thermoflasche-aus-edelstahl-redcliffs-500-ml\/","title":{"rendered":"Thermoflasche aus Edelstahl Redcliffs 500 ml"},"content":{"rendered":"<p>Retournez au bureau sans oublier de d\u00e9tails : Acheter <b>Thermoflasche aus Edelstahl Redcliffs 500 ml<\/b> et soyez l'envie de vos coll\u00e8gues !<\/p>\n<ul>\n<li>Informations importantes :\n<ul>\n<li>L'image peut ne pas montrer tous les mod\u00e8les assortis disponibles.<\/li>\n<li>Diff\u00e9rents designs disponibles. Envoi al\u00e9atoire et en fonction des stocks<\/li>\n<\/ul>\n<\/li>\n<li>St\u00fcckzahl: 1 St\u00fcck<\/li>\n<li>Couleur : Color\u00e9<\/li>\n<li>Mat\u00e9riau : acier inoxydable<\/li>\n<li>Merkmale: Isothermer Innenraum<\/li>\n<li>Type : Bouteille thermos<\/li>\n<li>Capacit\u00e9 : 500 ml<\/li>\n<\/ul>","protected":false},"excerpt":{"rendered":"<p>Gehen Sie zur\u00fcck ins B\u00fcro, ohne Details zu vergessen: Kaufen Sie Thermoflasche aus Edelstahl Redcliffs 500 ml und seien Sie der Neid Ihrer Kollegen! Wichtige informationen: Das Bild zeigt m\u00f6glicherweise nicht alle verf\u00fcgbaren sortierten Modelle Verschiedene Designs. Versand nach Zufallsprinzip und vom Bestand abh\u00e4ngig St\u00fcckzahl: 1 St\u00fcck Farbe: Bunt Material: Edelstahl Merkmale: Isothermer Innenraum Art: &hellip; <\/p>\n<p class=\"more-link-wrap\"><a href=\"https:\/\/wildgear.itc-gmbh.shop\/fr\/product\/thermoflasche-aus-edelstahl-redcliffs-500-ml\/\" class=\"more-link\"><span>Read More<span class=\"screen-reader-text\"> &#8220;Thermoflasche aus Edelstahl Redcliffs 500 ml&#8221;<\/span><\/span><\/a><\/p>","protected":false},"featured_media":10138,"comment_status":"open","ping_status":"closed","template":"","meta":{"inline_featured_image":false},"product_brand":[],"product_cat":[181,185,180],"product_tag":[476,209,213,177,478,208],"class_list":{"0":"post-10139","1":"product","2":"type-product","3":"status-publish","4":"has-post-thumbnail","6":"product_cat-camping-und-berge","7":"product_cat-flaschen-und-feldflaschen","8":"product_cat-sport-freizeit","9":"product_tag-tag_933","10":"product_tag-tag_768","11":"product_tag-tag_69","12":"product_tag-tag_3","13":"product_tag-tag_71","14":"product_tag-tag_650","16":"first","17":"instock","18":"taxable","19":"shipping-taxable","20":"purchasable","21":"product-type-simple"},"aioseo_notices":[],"jetpack_sharing_enabled":true,"_links":{"self":[{"href":"https:\/\/wildgear.itc-gmbh.shop\/fr\/wp-json\/wp\/v2\/product\/10139","targetHints":{"allow":["GET"]}}],"collection":[{"href":"https:\/\/wildgear.itc-gmbh.shop\/fr\/wp-json\/wp\/v2\/product"}],"about":[{"href":"https:\/\/wildgear.itc-gmbh.shop\/fr\/wp-json\/wp\/v2\/types\/product"}],"replies":[{"embeddable":true,"href":"https:\/\/wildgear.itc-gmbh.shop\/fr\/wp-json\/wp\/v2\/comments?post=10139"}],"wp:featuredmedia":[{"embeddable":true,"href":"https:\/\/wildgear.itc-gmbh.shop\/fr\/wp-json\/wp\/v2\/media\/10138"}],"wp:attachment":[{"href":"https:\/\/wildgear.itc-gmbh.shop\/fr\/wp-json\/wp\/v2\/media?parent=10139"}],"wp:term":[{"taxonomy":"product_brand","embeddable":true,"href":"https:\/\/wildgear.itc-gmbh.shop\/fr\/wp-json\/wp\/v2\/product_brand?post=10139"},{"taxonomy":"product_cat","embeddable":true,"href":"https:\/\/wildgear.itc-gmbh.shop\/fr\/wp-json\/wp\/v2\/product_cat?post=10139"},{"taxonomy":"product_tag","embeddable":true,"href":"https:\/\/wildgear.itc-gmbh.shop\/fr\/wp-json\/wp\/v2\/product_tag?post=10139"}],"curies":[{"name":"wp","href":"https:\/\/api.w.org\/{rel}","templated":true}]}}