{"id":10149,"date":"2024-05-27T02:43:25","date_gmt":"2024-05-27T02:43:25","guid":{"rendered":"https:\/\/outdoor.itc-gmbh.shop\/product\/flaschenregal-safta\/"},"modified":"2024-05-27T02:43:27","modified_gmt":"2024-05-27T02:43:27","slug":"flaschenregal-safta","status":"publish","type":"product","link":"https:\/\/wildgear.itc-gmbh.shop\/fr\/product\/flaschenregal-safta\/","title":{"rendered":"Flaschenregal Safta"},"content":{"rendered":"<p>Si vous accordez de l'importance aux d\u00e9tails dans l'am\u00e9nagement de votre maison et que vous souhaitez \u00eatre \u00e0 la pointe des produits qui vous facilitent la vie, alors achetez <b>Flaschenregal Safta<\/b> au meilleur prix.<\/p>\n<ul>\n<li>Couleur : Noir<\/li>\n<li>caract\u00e9ristiques : Thermique<\/li>\n<li>Geschlecht: Jung<\/li>\n<\/ul>","protected":false},"excerpt":{"rendered":"<p>5.9040 &euro; \/ 100 ml<\/p>","protected":false},"featured_media":10148,"comment_status":"open","ping_status":"closed","template":"","meta":{"inline_featured_image":false},"product_brand":[],"product_cat":[181,185,180],"product_tag":[476,209,213,177,478,208],"class_list":{"0":"post-10149","1":"product","2":"type-product","3":"status-publish","4":"has-post-thumbnail","6":"product_cat-camping-und-berge","7":"product_cat-flaschen-und-feldflaschen","8":"product_cat-sport-freizeit","9":"product_tag-tag_933","10":"product_tag-tag_768","11":"product_tag-tag_69","12":"product_tag-tag_3","13":"product_tag-tag_71","14":"product_tag-tag_650","16":"first","17":"outofstock","18":"taxable","19":"shipping-taxable","20":"purchasable","21":"product-type-simple"},"aioseo_notices":[],"jetpack_sharing_enabled":true,"_links":{"self":[{"href":"https:\/\/wildgear.itc-gmbh.shop\/fr\/wp-json\/wp\/v2\/product\/10149","targetHints":{"allow":["GET"]}}],"collection":[{"href":"https:\/\/wildgear.itc-gmbh.shop\/fr\/wp-json\/wp\/v2\/product"}],"about":[{"href":"https:\/\/wildgear.itc-gmbh.shop\/fr\/wp-json\/wp\/v2\/types\/product"}],"replies":[{"embeddable":true,"href":"https:\/\/wildgear.itc-gmbh.shop\/fr\/wp-json\/wp\/v2\/comments?post=10149"}],"wp:featuredmedia":[{"embeddable":true,"href":"https:\/\/wildgear.itc-gmbh.shop\/fr\/wp-json\/wp\/v2\/media\/10148"}],"wp:attachment":[{"href":"https:\/\/wildgear.itc-gmbh.shop\/fr\/wp-json\/wp\/v2\/media?parent=10149"}],"wp:term":[{"taxonomy":"product_brand","embeddable":true,"href":"https:\/\/wildgear.itc-gmbh.shop\/fr\/wp-json\/wp\/v2\/product_brand?post=10149"},{"taxonomy":"product_cat","embeddable":true,"href":"https:\/\/wildgear.itc-gmbh.shop\/fr\/wp-json\/wp\/v2\/product_cat?post=10149"},{"taxonomy":"product_tag","embeddable":true,"href":"https:\/\/wildgear.itc-gmbh.shop\/fr\/wp-json\/wp\/v2\/product_tag?post=10149"}],"curies":[{"name":"wp","href":"https:\/\/api.w.org\/{rel}","templated":true}]}}