{"id":10177,"date":"2024-05-27T02:43:51","date_gmt":"2024-05-27T02:43:51","guid":{"rendered":"https:\/\/outdoor.itc-gmbh.shop\/product\/taschenlampe-kodak-kod488212\/"},"modified":"2024-05-27T02:43:52","modified_gmt":"2024-05-27T02:43:52","slug":"taschenlampe-kodak-kod488212","status":"publish","type":"product","link":"https:\/\/wildgear.itc-gmbh.shop\/fr\/product\/taschenlampe-kodak-kod488212\/","title":{"rendered":"Taschenlampe Kodak KOD488212"},"content":{"rendered":"<p>Si vous \u00eates \u00e0 la recherche de nouveaut\u00e9s tendance sur le march\u00e9, nous vous pr\u00e9sentons <b>Taschenlampe Kodak KOD488212<\/b>!<\/p>\n<ul>\n<li>Reichweite: 50 m<\/li>\n<li>Enthalten: Batterien x 3<\/li>\n<li>Lichtstrom: 60 Lm<\/li>\n<li>Batterietyp: Batterien (im Lieferumfang enthalten)<\/li>\n<li>Inklusive Batterie: Ja<\/li>\n<li>Art: LED Leicht<\/li>\n<li>Merkmale: Water resistant<\/li>\n<li>Piles incluses : Pas de<\/li>\n<\/ul>","protected":false},"excerpt":{"rendered":"<p>Wenn Sie auf der Suche nach trendigen Neuheiten auf dem Markt sind, pr\u00e4sentieren wir Ihnen Taschenlampe Kodak KOD488212! Reichweite: 50 m Enthalten: Batterien x 3 Lichtstrom: 60 Lm Batterietyp: Batterien (im Lieferumfang enthalten) Inklusive Batterie: Ja Art: LED Leicht Merkmale: Water resistant Inklusive Batterien: Kein<\/p>","protected":false},"featured_media":10176,"comment_status":"open","ping_status":"closed","template":"","meta":{"inline_featured_image":false},"product_brand":[],"product_cat":[181,180,195],"product_tag":[193,194,177],"class_list":{"0":"post-10177","1":"product","2":"type-product","3":"status-publish","4":"has-post-thumbnail","6":"product_cat-camping-und-berge","7":"product_cat-sport-freizeit","8":"product_cat-taschenlampen","9":"product_tag-tag_25","10":"product_tag-tag_370","11":"product_tag-tag_3","13":"first","14":"outofstock","15":"taxable","16":"shipping-taxable","17":"purchasable","18":"product-type-simple"},"aioseo_notices":[],"jetpack_sharing_enabled":true,"_links":{"self":[{"href":"https:\/\/wildgear.itc-gmbh.shop\/fr\/wp-json\/wp\/v2\/product\/10177","targetHints":{"allow":["GET"]}}],"collection":[{"href":"https:\/\/wildgear.itc-gmbh.shop\/fr\/wp-json\/wp\/v2\/product"}],"about":[{"href":"https:\/\/wildgear.itc-gmbh.shop\/fr\/wp-json\/wp\/v2\/types\/product"}],"replies":[{"embeddable":true,"href":"https:\/\/wildgear.itc-gmbh.shop\/fr\/wp-json\/wp\/v2\/comments?post=10177"}],"wp:featuredmedia":[{"embeddable":true,"href":"https:\/\/wildgear.itc-gmbh.shop\/fr\/wp-json\/wp\/v2\/media\/10176"}],"wp:attachment":[{"href":"https:\/\/wildgear.itc-gmbh.shop\/fr\/wp-json\/wp\/v2\/media?parent=10177"}],"wp:term":[{"taxonomy":"product_brand","embeddable":true,"href":"https:\/\/wildgear.itc-gmbh.shop\/fr\/wp-json\/wp\/v2\/product_brand?post=10177"},{"taxonomy":"product_cat","embeddable":true,"href":"https:\/\/wildgear.itc-gmbh.shop\/fr\/wp-json\/wp\/v2\/product_cat?post=10177"},{"taxonomy":"product_tag","embeddable":true,"href":"https:\/\/wildgear.itc-gmbh.shop\/fr\/wp-json\/wp\/v2\/product_tag?post=10177"}],"curies":[{"name":"wp","href":"https:\/\/api.w.org\/{rel}","templated":true}]}}