{"id":10271,"date":"2024-05-27T02:45:13","date_gmt":"2024-05-27T02:45:13","guid":{"rendered":"https:\/\/outdoor.itc-gmbh.shop\/product\/taschenlampe-led-edm-300-lm\/"},"modified":"2024-05-27T02:45:20","modified_gmt":"2024-05-27T02:45:20","slug":"taschenlampe-led-edm-300-lm","status":"publish","type":"product","link":"https:\/\/wildgear.itc-gmbh.shop\/fr\/product\/taschenlampe-led-edm-300-lm\/","title":{"rendered":"Taschenlampe LED EDM 300 Lm"},"content":{"rendered":"<p>Si vous \u00eates \u00e0 la recherche de nouveaut\u00e9s tendance sur le march\u00e9, nous vous pr\u00e9sentons <b>Taschenlampe LED EDM 300 Lm<\/b>!<\/p>\n<ul>\n<li>couleur :\n<ul>\n<li>Color\u00e9<\/li>\n<li>Jaune<\/li>\n<\/ul>\n<\/li>\n<li>IP-Klassifizierung: IP20<\/li>\n<li>Informations importantes :\n<ul>\n<li>L'image peut ne pas montrer tous les mod\u00e8les assortis disponibles.<\/li>\n<li>Diff\u00e9rents designs disponibles. Envoi al\u00e9atoire et en fonction des stocks<\/li>\n<\/ul>\n<\/li>\n<li>Lichttyp: Kaltes Licht<\/li>\n<li>Pi\u00e8ces : 1 pi\u00e8ce<\/li>\n<li>Art :\n<ul>\n<li>Schl\u00fcsselanh\u00e4nger<\/li>\n<li>Lampe de poche<\/li>\n<\/ul>\n<\/li>\n<li>Aufladbar: Ja<\/li>\n<li>Source d'alimentation : batterie<\/li>\n<li>LED: 1<\/li>\n<li>Tension : 5 V<\/li>\n<li>Funktionen: Power Bank<\/li>\n<li>Caract\u00e9ristiques :\n<ul>\n<li>Schl\u00fcsselanh\u00e4nger<\/li>\n<li>Rechargeable<\/li>\n<\/ul>\n<\/li>\n<li>Material: Gummi<\/li>\n<li>Lichtstrom: 300 Lm<\/li>\n<\/ul>","protected":false},"excerpt":{"rendered":"<p>28.0600 &euro; \/ 1 unit<\/p>","protected":false},"featured_media":10270,"comment_status":"open","ping_status":"closed","template":"","meta":{"inline_featured_image":false},"product_brand":[],"product_cat":[181,180,195],"product_tag":[193,194,177],"class_list":{"0":"post-10271","1":"product","2":"type-product","3":"status-publish","4":"has-post-thumbnail","6":"product_cat-camping-und-berge","7":"product_cat-sport-freizeit","8":"product_cat-taschenlampen","9":"product_tag-tag_25","10":"product_tag-tag_370","11":"product_tag-tag_3","13":"first","14":"instock","15":"taxable","16":"shipping-taxable","17":"purchasable","18":"product-type-simple"},"aioseo_notices":[],"jetpack_sharing_enabled":true,"_links":{"self":[{"href":"https:\/\/wildgear.itc-gmbh.shop\/fr\/wp-json\/wp\/v2\/product\/10271","targetHints":{"allow":["GET"]}}],"collection":[{"href":"https:\/\/wildgear.itc-gmbh.shop\/fr\/wp-json\/wp\/v2\/product"}],"about":[{"href":"https:\/\/wildgear.itc-gmbh.shop\/fr\/wp-json\/wp\/v2\/types\/product"}],"replies":[{"embeddable":true,"href":"https:\/\/wildgear.itc-gmbh.shop\/fr\/wp-json\/wp\/v2\/comments?post=10271"}],"wp:featuredmedia":[{"embeddable":true,"href":"https:\/\/wildgear.itc-gmbh.shop\/fr\/wp-json\/wp\/v2\/media\/10270"}],"wp:attachment":[{"href":"https:\/\/wildgear.itc-gmbh.shop\/fr\/wp-json\/wp\/v2\/media?parent=10271"}],"wp:term":[{"taxonomy":"product_brand","embeddable":true,"href":"https:\/\/wildgear.itc-gmbh.shop\/fr\/wp-json\/wp\/v2\/product_brand?post=10271"},{"taxonomy":"product_cat","embeddable":true,"href":"https:\/\/wildgear.itc-gmbh.shop\/fr\/wp-json\/wp\/v2\/product_cat?post=10271"},{"taxonomy":"product_tag","embeddable":true,"href":"https:\/\/wildgear.itc-gmbh.shop\/fr\/wp-json\/wp\/v2\/product_tag?post=10271"}],"curies":[{"name":"wp","href":"https:\/\/api.w.org\/{rel}","templated":true}]}}