{"id":10288,"date":"2024-05-27T02:45:28","date_gmt":"2024-05-27T02:45:28","guid":{"rendered":"https:\/\/outdoor.itc-gmbh.shop\/product\/gartenfackel-progarden-chrom-115-cm\/"},"modified":"2024-05-27T02:45:31","modified_gmt":"2024-05-27T02:45:31","slug":"gartenfackel-progarden-chrom-115-cm","status":"publish","type":"product","link":"https:\/\/wildgear.itc-gmbh.shop\/fr\/product\/gartenfackel-progarden-chrom-115-cm\/","title":{"rendered":"Gartenfackel Progarden Chrom 115 cm"},"content":{"rendered":"<p>Si vous \u00eates \u00e0 la recherche de nouveaut\u00e9s tendance sur le march\u00e9, nous vous pr\u00e9sentons <b>Gartenfackel Progarden Chrom 115 cm<\/b>!<\/p>\n<ul>\n<li>Art: Fackel<\/li>\n<li>Farbe: Chrom<\/li>\n<li>Merkmale: Abnehmbar<\/li>\n<li>gro\u00df: 115 cm<\/li>\n<li>Source d'alimentation : courant alternatif<\/li>\n<\/ul>","protected":false},"excerpt":{"rendered":"<p>Wenn Sie auf der Suche nach trendigen Neuheiten auf dem Markt sind, pr\u00e4sentieren wir Ihnen Gartenfackel Progarden Chrom 115 cm! Art: Fackel Farbe: Chrom Merkmale: Abnehmbar gro\u00df: 115 cm Stromquelle: AC-Strom<\/p>","protected":false},"featured_media":10287,"comment_status":"open","ping_status":"closed","template":"","meta":{"inline_featured_image":false},"product_brand":[],"product_cat":[181,180,195],"product_tag":[193,213,177,208],"class_list":{"0":"post-10288","1":"product","2":"type-product","3":"status-publish","4":"has-post-thumbnail","6":"product_cat-camping-und-berge","7":"product_cat-sport-freizeit","8":"product_cat-taschenlampen","9":"product_tag-tag_25","10":"product_tag-tag_69","11":"product_tag-tag_3","12":"product_tag-tag_650","14":"first","15":"instock","16":"taxable","17":"shipping-taxable","18":"purchasable","19":"product-type-simple"},"aioseo_notices":[],"jetpack_sharing_enabled":true,"_links":{"self":[{"href":"https:\/\/wildgear.itc-gmbh.shop\/fr\/wp-json\/wp\/v2\/product\/10288","targetHints":{"allow":["GET"]}}],"collection":[{"href":"https:\/\/wildgear.itc-gmbh.shop\/fr\/wp-json\/wp\/v2\/product"}],"about":[{"href":"https:\/\/wildgear.itc-gmbh.shop\/fr\/wp-json\/wp\/v2\/types\/product"}],"replies":[{"embeddable":true,"href":"https:\/\/wildgear.itc-gmbh.shop\/fr\/wp-json\/wp\/v2\/comments?post=10288"}],"wp:featuredmedia":[{"embeddable":true,"href":"https:\/\/wildgear.itc-gmbh.shop\/fr\/wp-json\/wp\/v2\/media\/10287"}],"wp:attachment":[{"href":"https:\/\/wildgear.itc-gmbh.shop\/fr\/wp-json\/wp\/v2\/media?parent=10288"}],"wp:term":[{"taxonomy":"product_brand","embeddable":true,"href":"https:\/\/wildgear.itc-gmbh.shop\/fr\/wp-json\/wp\/v2\/product_brand?post=10288"},{"taxonomy":"product_cat","embeddable":true,"href":"https:\/\/wildgear.itc-gmbh.shop\/fr\/wp-json\/wp\/v2\/product_cat?post=10288"},{"taxonomy":"product_tag","embeddable":true,"href":"https:\/\/wildgear.itc-gmbh.shop\/fr\/wp-json\/wp\/v2\/product_tag?post=10288"}],"curies":[{"name":"wp","href":"https:\/\/api.w.org\/{rel}","templated":true}]}}